{"id":96,"date":"2015-09-28T23:05:40","date_gmt":"2015-09-28T21:05:40","guid":{"rendered":"http:\/\/dev.pszczoly.info\/?page_id=96"},"modified":"2019-01-31T22:34:40","modified_gmt":"2019-01-31T21:34:40","slug":"miod-mleczko-pszczele-propolis-sprzet-pszczelarski","status":"publish","type":"page","link":"https:\/\/pszczoly.info\/en\/","title":{"rendered":"pszczoly.info"},"content":{"rendered":"<p><\/p>\n<div style=\"text-align: center;\" align=\"center\"><span class=\"style67\"><strong><span style=\"font-size: large;\"><span style=\"color: #cc3300;\">CENTRUM PSZCZELARSKIE \u0141UKASIEWICZ<\/span><\/span><\/strong><\/span><\/div>\n<p style=\"text-align: center;\"><span class=\"style67\"><strong><span style=\"color: #cc3300; font-size: large;\">Internetowy Sklep Pszczelarski<\/span><\/strong><\/span><\/p>\n<p style=\"text-align: center;\"><span style=\"font-family: Arial, Helvetica;\"><span class=\"style67\"><strong><span style=\"font-size: large;\">produkty pszczele z w\u0142asnych pasiek<\/span><\/strong><\/span><\/span><\/p>\n<p style=\"text-align: center;\"><span style=\"font-family: Arial, Helvetica;\"><span class=\"style67\"><strong><br \/>\n<\/strong><\/span><\/span><span style=\"font-family: Arial, Helvetica;\"><span class=\"style67\"><span style=\"color: #ff0000;\"><strong><span style=\"font-size: large;\">Zaopatrujemy hurtowo i detalicznie<\/span><\/strong><\/span><\/span><\/span><\/p>\n<p style=\"text-align: center;\"><span style=\"font-family: Arial, Helvetica;\"><span class=\"style67\"><span style=\"color: #ff0000;\"><strong><span style=\"font-size: large;\">W CENACH PRODUCENTA!<\/span><\/strong><\/span><\/span><\/span><\/p>\n<p style=\"text-align: center;\"><span style=\"font-family: Arial, Helvetica;\"><span class=\"style67\"><span style=\"color: #ff0000;\"><strong><span style=\"font-size: large;\"><span style=\"color: #999999;\">sprzeda\u017c wysy\u0142kowa<\/span><\/span><\/strong><\/span><\/span><\/span><\/p>\n<p style=\"text-align: center;\"><span style=\"font-family: Arial, Helvetica;\"><span class=\"style67\"><span style=\"color: #ff0000;\"><strong><span style=\"font-size: large;\"><span style=\"color: #999999;\"><br \/>\n<\/span><span style=\"font-size: medium;\"><span style=\"color: #333333;\">Zam\u00f3wienia przyjmujemy poprzez sklep on-line, mailem, faxem i telefonicznie<\/span><\/span><\/span><\/strong><\/span><\/span><\/span><\/p>\n<p style=\"text-align: center;\"><span class=\"style67\">W razie w\u0105tpliwo\u015bci lub\u00a0problem\u00f3w z\u00a0zam\u00f3wieniem przez sklep prosimy o kontakt mailowy:<\/span><\/p>\n<p style=\"text-align: center;\"><span class=\"style67\"><a href=\"mailto:pszczoly@pszczelnictwo.com.pl\">pszczoly@pszczelnictwo.com.pl<\/a><\/span><\/p>\n<p style=\"text-align: center;\"><span class=\"style67\">lub<\/span><\/p>\n<h6 style=\"text-align: center;\" align=\"center\"><span class=\"style67\"><img loading=\"lazy\" decoding=\"async\" src=\"https:\/\/pszczoly.info\/images\/kontakt.jpg\" alt=\"Dzia\u0142 Obs\u0142ugi Klienta\" width=\"223\" height=\"167\" align=\"baseline\" border=\"2\" \/>\u00a0<\/span><span class=\"style67\"><br \/>\n<\/span><\/h6>\n<p><\/p>","protected":false},"excerpt":{"rendered":"<div class=\"mh-excerpt\"><p>CENTRUM PSZCZELARSKIE \u0141UKASIEWICZ Internetowy Sklep Pszczelarski produkty pszczele z w\u0142asnych pasiek Zaopatrujemy hurtowo i detalicznie W CENACH PRODUCENTA! sprzeda\u017c wysy\u0142kowa Zam\u00f3wienia przyjmujemy poprzez sklep on-line, <a class=\"mh-excerpt-more\" href=\"https:\/\/pszczoly.info\/en\/\" title=\"pszczoly.info\">[&#8230;]<\/a><\/p>\n<\/div>","protected":false},"author":1,"featured_media":0,"parent":0,"menu_order":0,"comment_status":"closed","ping_status":"closed","template":"homepage.php","meta":{"footnotes":""},"class_list":["post-96","page","type-page","status-publish","hentry"],"yoast_head":"<!-- This site is optimized with the Yoast SEO plugin v26.9 - https:\/\/yoast.com\/product\/yoast-seo-wordpress\/ -->\n<title>Pszczelarstwo, blog pszczelarski, sprz\u0119t pszczelarski, produkty pszczele<\/title>\n<meta name=\"description\" content=\"Blog pszczelarski - informacje: pierzga pszczela, mleczko pszczele, mi\u00f3d pszczeli, py\u0142ek pszczeli - kwiatowy, propolis - kit pszczeli, sprz\u0119t pszczelarski.\" \/>\n<meta name=\"robots\" content=\"index, follow, max-snippet:-1, max-image-preview:large, max-video-preview:-1\" \/>\n<link rel=\"canonical\" href=\"https:\/\/pszczoly.info\/\" \/>\n<meta property=\"og:locale\" content=\"en_US\" \/>\n<meta property=\"og:type\" content=\"article\" \/>\n<meta property=\"og:title\" content=\"Pszczelarstwo, blog pszczelarski, sprz\u0119t pszczelarski, produkty pszczele\" \/>\n<meta property=\"og:description\" content=\"Blog pszczelarski - informacje: pierzga pszczela, mleczko pszczele, mi\u00f3d pszczeli, py\u0142ek pszczeli - kwiatowy, propolis - kit pszczeli, sprz\u0119t pszczelarski.\" \/>\n<meta property=\"og:url\" content=\"https:\/\/pszczoly.info\/\" \/>\n<meta property=\"og:site_name\" content=\"pszczoly.info\" \/>\n<meta property=\"article:modified_time\" content=\"2019-01-31T21:34:40+00:00\" \/>\n<meta name=\"twitter:card\" content=\"summary_large_image\" \/>\n<meta name=\"twitter:label1\" content=\"Est. reading time\" \/>\n\t<meta name=\"twitter:data1\" content=\"2 minutes\" \/>\n<script type=\"application\/ld+json\" class=\"yoast-schema-graph\">{\"@context\":\"https:\/\/schema.org\",\"@graph\":[{\"@type\":\"WebPage\",\"@id\":\"https:\/\/pszczoly.info\/\",\"url\":\"https:\/\/pszczoly.info\/\",\"name\":\"Pszczelarstwo, blog pszczelarski, sprz\u0119t pszczelarski, produkty pszczele\",\"isPartOf\":{\"@id\":\"https:\/\/pszczoly.info\/#website\"},\"primaryImageOfPage\":{\"@id\":\"https:\/\/pszczoly.info\/#primaryimage\"},\"image\":{\"@id\":\"https:\/\/pszczoly.info\/#primaryimage\"},\"thumbnailUrl\":\"https:\/\/pszczoly.info\/images\/kontakt.jpg\",\"datePublished\":\"2015-09-28T21:05:40+00:00\",\"dateModified\":\"2019-01-31T21:34:40+00:00\",\"description\":\"Blog pszczelarski - informacje: pierzga pszczela, mleczko pszczele, mi\u00f3d pszczeli, py\u0142ek pszczeli - kwiatowy, propolis - kit pszczeli, sprz\u0119t pszczelarski.\",\"breadcrumb\":{\"@id\":\"https:\/\/pszczoly.info\/#breadcrumb\"},\"inLanguage\":\"en-US\",\"potentialAction\":[{\"@type\":\"ReadAction\",\"target\":[\"https:\/\/pszczoly.info\/\"]}]},{\"@type\":\"ImageObject\",\"inLanguage\":\"en-US\",\"@id\":\"https:\/\/pszczoly.info\/#primaryimage\",\"url\":\"https:\/\/pszczoly.info\/images\/kontakt.jpg\",\"contentUrl\":\"https:\/\/pszczoly.info\/images\/kontakt.jpg\"},{\"@type\":\"BreadcrumbList\",\"@id\":\"https:\/\/pszczoly.info\/#breadcrumb\",\"itemListElement\":[{\"@type\":\"ListItem\",\"position\":1,\"name\":\"Strona g\u0142\u00f3wna\",\"item\":\"https:\/\/pszczoly.info\/\"},{\"@type\":\"ListItem\",\"position\":2,\"name\":\"Mi\u00f3d, mleczko pszczele, propolis, sprz\u0119t pszczelarski\"}]},{\"@type\":\"WebSite\",\"@id\":\"https:\/\/pszczoly.info\/#website\",\"url\":\"https:\/\/pszczoly.info\/\",\"name\":\"Blog pszczelarski\",\"description\":\"Pszczelarstwo - Produkty pszczelarskie - Sprz\u0119t pszczelarski Twoje centrum pszczelarskie\",\"publisher\":{\"@id\":\"https:\/\/pszczoly.info\/#organization\"},\"alternateName\":\"Pszczelarstwo - informacje, artyku\u0142y\",\"potentialAction\":[{\"@type\":\"SearchAction\",\"target\":{\"@type\":\"EntryPoint\",\"urlTemplate\":\"https:\/\/pszczoly.info\/?s={search_term_string}\"},\"query-input\":{\"@type\":\"PropertyValueSpecification\",\"valueRequired\":true,\"valueName\":\"search_term_string\"}}],\"inLanguage\":\"en-US\"},{\"@type\":\"Organization\",\"@id\":\"https:\/\/pszczoly.info\/#organization\",\"name\":\"Centrum Pszczelarskie \u0141ukasiewicz\",\"url\":\"https:\/\/pszczoly.info\/\",\"logo\":{\"@type\":\"ImageObject\",\"inLanguage\":\"en-US\",\"@id\":\"https:\/\/pszczoly.info\/#\/schema\/logo\/image\/\",\"url\":\"https:\/\/pszczoly.info\/wp-content\/uploads\/2016\/11\/cropped-pszczoly-logo-2-1.png\",\"contentUrl\":\"https:\/\/pszczoly.info\/wp-content\/uploads\/2016\/11\/cropped-pszczoly-logo-2-1.png\",\"width\":282,\"height\":94,\"caption\":\"Centrum Pszczelarskie \u0141ukasiewicz\"},\"image\":{\"@id\":\"https:\/\/pszczoly.info\/#\/schema\/logo\/image\/\"}}]}<\/script>\n<!-- \/ Yoast SEO plugin. -->","yoast_head_json":{"title":"Pszczelarstwo, blog pszczelarski, sprz\u0119t pszczelarski, produkty pszczele","description":"Blog pszczelarski - informacje: pierzga pszczela, mleczko pszczele, mi\u00f3d pszczeli, py\u0142ek pszczeli - kwiatowy, propolis - kit pszczeli, sprz\u0119t pszczelarski.","robots":{"index":"index","follow":"follow","max-snippet":"max-snippet:-1","max-image-preview":"max-image-preview:large","max-video-preview":"max-video-preview:-1"},"canonical":"https:\/\/pszczoly.info\/","og_locale":"en_US","og_type":"article","og_title":"Pszczelarstwo, blog pszczelarski, sprz\u0119t pszczelarski, produkty pszczele","og_description":"Blog pszczelarski - informacje: pierzga pszczela, mleczko pszczele, mi\u00f3d pszczeli, py\u0142ek pszczeli - kwiatowy, propolis - kit pszczeli, sprz\u0119t pszczelarski.","og_url":"https:\/\/pszczoly.info\/","og_site_name":"pszczoly.info","article_modified_time":"2019-01-31T21:34:40+00:00","twitter_card":"summary_large_image","twitter_misc":{"Est. reading time":"2 minutes"},"schema":{"@context":"https:\/\/schema.org","@graph":[{"@type":"WebPage","@id":"https:\/\/pszczoly.info\/","url":"https:\/\/pszczoly.info\/","name":"Pszczelarstwo, blog pszczelarski, sprz\u0119t pszczelarski, produkty pszczele","isPartOf":{"@id":"https:\/\/pszczoly.info\/#website"},"primaryImageOfPage":{"@id":"https:\/\/pszczoly.info\/#primaryimage"},"image":{"@id":"https:\/\/pszczoly.info\/#primaryimage"},"thumbnailUrl":"https:\/\/pszczoly.info\/images\/kontakt.jpg","datePublished":"2015-09-28T21:05:40+00:00","dateModified":"2019-01-31T21:34:40+00:00","description":"Blog pszczelarski - informacje: pierzga pszczela, mleczko pszczele, mi\u00f3d pszczeli, py\u0142ek pszczeli - kwiatowy, propolis - kit pszczeli, sprz\u0119t pszczelarski.","breadcrumb":{"@id":"https:\/\/pszczoly.info\/#breadcrumb"},"inLanguage":"en-US","potentialAction":[{"@type":"ReadAction","target":["https:\/\/pszczoly.info\/"]}]},{"@type":"ImageObject","inLanguage":"en-US","@id":"https:\/\/pszczoly.info\/#primaryimage","url":"https:\/\/pszczoly.info\/images\/kontakt.jpg","contentUrl":"https:\/\/pszczoly.info\/images\/kontakt.jpg"},{"@type":"BreadcrumbList","@id":"https:\/\/pszczoly.info\/#breadcrumb","itemListElement":[{"@type":"ListItem","position":1,"name":"Strona g\u0142\u00f3wna","item":"https:\/\/pszczoly.info\/"},{"@type":"ListItem","position":2,"name":"Mi\u00f3d, mleczko pszczele, propolis, sprz\u0119t pszczelarski"}]},{"@type":"WebSite","@id":"https:\/\/pszczoly.info\/#website","url":"https:\/\/pszczoly.info\/","name":"Blog pszczelarski","description":"Pszczelarstwo - Produkty pszczelarskie - Sprz\u0119t pszczelarski Twoje centrum pszczelarskie","publisher":{"@id":"https:\/\/pszczoly.info\/#organization"},"alternateName":"Pszczelarstwo - informacje, artyku\u0142y","potentialAction":[{"@type":"SearchAction","target":{"@type":"EntryPoint","urlTemplate":"https:\/\/pszczoly.info\/?s={search_term_string}"},"query-input":{"@type":"PropertyValueSpecification","valueRequired":true,"valueName":"search_term_string"}}],"inLanguage":"en-US"},{"@type":"Organization","@id":"https:\/\/pszczoly.info\/#organization","name":"Centrum Pszczelarskie \u0141ukasiewicz","url":"https:\/\/pszczoly.info\/","logo":{"@type":"ImageObject","inLanguage":"en-US","@id":"https:\/\/pszczoly.info\/#\/schema\/logo\/image\/","url":"https:\/\/pszczoly.info\/wp-content\/uploads\/2016\/11\/cropped-pszczoly-logo-2-1.png","contentUrl":"https:\/\/pszczoly.info\/wp-content\/uploads\/2016\/11\/cropped-pszczoly-logo-2-1.png","width":282,"height":94,"caption":"Centrum Pszczelarskie \u0141ukasiewicz"},"image":{"@id":"https:\/\/pszczoly.info\/#\/schema\/logo\/image\/"}}]}},"_links":{"self":[{"href":"https:\/\/pszczoly.info\/en\/wp-json\/wp\/v2\/pages\/96","targetHints":{"allow":["GET"]}}],"collection":[{"href":"https:\/\/pszczoly.info\/en\/wp-json\/wp\/v2\/pages"}],"about":[{"href":"https:\/\/pszczoly.info\/en\/wp-json\/wp\/v2\/types\/page"}],"author":[{"embeddable":true,"href":"https:\/\/pszczoly.info\/en\/wp-json\/wp\/v2\/users\/1"}],"replies":[{"embeddable":true,"href":"https:\/\/pszczoly.info\/en\/wp-json\/wp\/v2\/comments?post=96"}],"version-history":[{"count":26,"href":"https:\/\/pszczoly.info\/en\/wp-json\/wp\/v2\/pages\/96\/revisions"}],"predecessor-version":[{"id":1223,"href":"https:\/\/pszczoly.info\/en\/wp-json\/wp\/v2\/pages\/96\/revisions\/1223"}],"wp:attachment":[{"href":"https:\/\/pszczoly.info\/en\/wp-json\/wp\/v2\/media?parent=96"}],"curies":[{"name":"wp","href":"https:\/\/api.w.org\/{rel}","templated":true}]}}