{"id":91,"date":"2015-09-28T22:48:06","date_gmt":"2015-09-28T20:48:06","guid":{"rendered":"http:\/\/dev.pszczoly.info\/?page_id=91"},"modified":"2017-09-22T14:35:23","modified_gmt":"2017-09-22T12:35:23","slug":"swiece-woskowe","status":"publish","type":"page","link":"https:\/\/pszczoly.info\/en\/swiece-woskowe\/","title":{"rendered":"\u015aWIECE WOSKOWE"},"content":{"rendered":"<p><strong>\u00a0\u015aWIECE WYKONANE Z NATURALNEGO WOSKU PSZCZELEGO<\/strong><\/p>\n<p>&#8211; maj\u0105 szczeg\u00f3lny wygl\u0105d, a kolor i zapach odr\u00f3\u017cnia je od tradycyjnych \u015bwiec parafinowych,<br \/>\n&#8211; pal\u0105 si\u0119 jasnym, pe\u0142nym p\u0142omieniem, a dym emanuje delikatnym aromatem miodu,<br \/>\n&#8211; wykonane s\u0105 z czystego wosku pszczelego,<br \/>\n&#8211; zastosowany, bawe\u0142niany knot niemieckiej firmy Bergal eliminuje kopcenie i nadmierne wypalanie si\u0119 \u015bwiec,<br \/>\n&#8211; oczyszczaj\u0105c powietrze powoduj\u0105 szybszy powr\u00f3t do zdrowia os\u00f3b cierpi\u0105cych na choroby uk\u0142adu kr\u0105\u017cenia, nerwowego i oddechowego,<br \/>\n&#8211; likwiduj\u0105 zapach dymu z papieros\u00f3w i inne intensywne zapachy.<\/p>\n<div align=\"center\"><strong>NA \u017bYCZENIE \u015aWIECE PAKUJEMY OZDOBNIE<br \/>\nZNAKOMITY PREZENT!<\/strong><\/div>\n<p><strong>CZYM JEST WOSK?<\/strong><\/p>\n<p>Wosk rozpuszcza si\u0119 dobrze, zw\u0142aszcza na gor\u0105co, w rozpuszczalnikach organicznych: benzenie, chloroformie, acetonie, tr\u00f3jchloroetylenie, czterochlorku w\u0119gla, benzynie. W alkoholu etylowym rozpuszczaj\u0105 si\u0119 tylko niekt\u00f3re zwi\u0105zki wchodz\u0105ce w sk\u0142ad wosku.<br \/>\nG\u0119sto\u015b\u0107 wosku wynosi 0,954-0,969 g\/cm3<br \/>\nTemperatura topnienia 62,3-65,2 0C<br \/>\nMa przyjemny, charakterystyczny zapach i barw\u0119.<\/p>\n<p>W ofercie posiadamy \u015bwiece woskowe r\u00f3\u017cnych wzor\u00f3w i rodzaj\u00f3w.<br \/>\nCena \u015bwiecy uzale\u017cniona jest od jej wielko\u015bci.<\/p>\n<p>Oferujemy tak\u017ce naturalny wosk pszczeli, sklarowany, 1 klasy czysto\u015bci, bez \u017cadnych dodatk\u00f3w i uszlachetniaczy.<br \/>\nWosk mo\u017cemy u\u017cywa\u0107 do:<br \/>\n&#8211; wykonania prawdziwych \u015bwiec i figur woskowych<br \/>\n&#8211; renowacji mebli<br \/>\n&#8211; renowacji broni<br \/>\n&#8211; renowacji i woskowania siode\u0142 je\u017adzieckich, rzemieni, sk\u00f3r&#8230;<\/p>\n<p>Dost\u0119pny w ilo\u015bciach detalicznych i hurtowych.<br \/>\nZajmujemy si\u0119 dystrybucj\u0105 wosku pszczelego do du\u017cych zak\u0142ad\u00f3w kosmetycznych.<br \/>\n\u015awiece woskowe w szerokim wyborze, wosk pszczeli do mebli, drewna, sk\u00f3r, powierzchni lakierowanych, powierzchni kamiennych i naturalny wosk pszczeli s\u0105 dost\u0119pne w naszym sklepie internetowym:<br \/>\n<a href=\"https:\/\/pszczoly.info\/sklep\" target=\"_blank\">www.pszczelnictwo.com.pl\/sklep<\/a><\/p>","protected":false},"excerpt":{"rendered":"<div class=\"mh-excerpt\"><p>Sorry, this entry is only available in Polski.<\/p>\n<\/div>","protected":false},"author":1,"featured_media":0,"parent":0,"menu_order":0,"comment_status":"closed","ping_status":"closed","template":"","meta":{"footnotes":""},"class_list":["post-91","page","type-page","status-publish","hentry"],"yoast_head":"<!-- This site is optimized with the Yoast SEO plugin v26.9 - https:\/\/yoast.com\/product\/yoast-seo-wordpress\/ -->\n<title>\u015aWIECE WOSKOWE - \u015aWIECE Z WOSKU PSZCZELEGO<\/title>\n<meta name=\"description\" content=\"\u015awiece woskowe maj\u0105 niemal\u017ce same zalety. Pozytywnie wp\u0142ywaj\u0105 na nasze zdrowie i samopoczucie. \u015awiece z wosku pszczelego s\u0105 produktem w 100% naturalnym!\" \/>\n<meta name=\"robots\" content=\"index, follow, max-snippet:-1, max-image-preview:large, max-video-preview:-1\" \/>\n<link rel=\"canonical\" href=\"https:\/\/pszczoly.info\/swiece-woskowe\/\" \/>\n<meta property=\"og:locale\" content=\"en_US\" \/>\n<meta property=\"og:type\" content=\"article\" \/>\n<meta property=\"og:title\" content=\"\u015aWIECE WOSKOWE - \u015aWIECE Z WOSKU PSZCZELEGO\" \/>\n<meta property=\"og:description\" content=\"\u015awiece woskowe maj\u0105 niemal\u017ce same zalety. Pozytywnie wp\u0142ywaj\u0105 na nasze zdrowie i samopoczucie. \u015awiece z wosku pszczelego s\u0105 produktem w 100% naturalnym!\" \/>\n<meta property=\"og:url\" content=\"https:\/\/pszczoly.info\/swiece-woskowe\/\" \/>\n<meta property=\"og:site_name\" content=\"pszczoly.info\" \/>\n<meta property=\"article:modified_time\" content=\"2017-09-22T12:35:23+00:00\" \/>\n<meta name=\"twitter:card\" content=\"summary_large_image\" \/>\n<meta name=\"twitter:label1\" content=\"Est. reading time\" \/>\n\t<meta name=\"twitter:data1\" content=\"3 minutes\" \/>\n<script type=\"application\/ld+json\" class=\"yoast-schema-graph\">{\"@context\":\"https:\/\/schema.org\",\"@graph\":[{\"@type\":\"WebPage\",\"@id\":\"https:\/\/pszczoly.info\/swiece-woskowe\/\",\"url\":\"https:\/\/pszczoly.info\/swiece-woskowe\/\",\"name\":\"\u015aWIECE WOSKOWE - \u015aWIECE Z WOSKU PSZCZELEGO\",\"isPartOf\":{\"@id\":\"https:\/\/pszczoly.info\/#website\"},\"datePublished\":\"2015-09-28T20:48:06+00:00\",\"dateModified\":\"2017-09-22T12:35:23+00:00\",\"description\":\"\u015awiece woskowe maj\u0105 niemal\u017ce same zalety. Pozytywnie wp\u0142ywaj\u0105 na nasze zdrowie i samopoczucie. \u015awiece z wosku pszczelego s\u0105 produktem w 100% naturalnym!\",\"breadcrumb\":{\"@id\":\"https:\/\/pszczoly.info\/swiece-woskowe\/#breadcrumb\"},\"inLanguage\":\"en-US\",\"potentialAction\":[{\"@type\":\"ReadAction\",\"target\":[\"https:\/\/pszczoly.info\/swiece-woskowe\/\"]}]},{\"@type\":\"BreadcrumbList\",\"@id\":\"https:\/\/pszczoly.info\/swiece-woskowe\/#breadcrumb\",\"itemListElement\":[{\"@type\":\"ListItem\",\"position\":1,\"name\":\"Strona g\u0142\u00f3wna\",\"item\":\"https:\/\/pszczoly.info\/\"},{\"@type\":\"ListItem\",\"position\":2,\"name\":\"\u015aWIECE WOSKOWE\"}]},{\"@type\":\"WebSite\",\"@id\":\"https:\/\/pszczoly.info\/#website\",\"url\":\"https:\/\/pszczoly.info\/\",\"name\":\"Blog pszczelarski\",\"description\":\"Pszczelarstwo - Produkty pszczelarskie - Sprz\u0119t pszczelarski Twoje centrum pszczelarskie\",\"publisher\":{\"@id\":\"https:\/\/pszczoly.info\/#organization\"},\"alternateName\":\"Pszczelarstwo - informacje, artyku\u0142y\",\"potentialAction\":[{\"@type\":\"SearchAction\",\"target\":{\"@type\":\"EntryPoint\",\"urlTemplate\":\"https:\/\/pszczoly.info\/?s={search_term_string}\"},\"query-input\":{\"@type\":\"PropertyValueSpecification\",\"valueRequired\":true,\"valueName\":\"search_term_string\"}}],\"inLanguage\":\"en-US\"},{\"@type\":\"Organization\",\"@id\":\"https:\/\/pszczoly.info\/#organization\",\"name\":\"Centrum Pszczelarskie \u0141ukasiewicz\",\"url\":\"https:\/\/pszczoly.info\/\",\"logo\":{\"@type\":\"ImageObject\",\"inLanguage\":\"en-US\",\"@id\":\"https:\/\/pszczoly.info\/#\/schema\/logo\/image\/\",\"url\":\"https:\/\/pszczoly.info\/wp-content\/uploads\/2016\/11\/cropped-pszczoly-logo-2-1.png\",\"contentUrl\":\"https:\/\/pszczoly.info\/wp-content\/uploads\/2016\/11\/cropped-pszczoly-logo-2-1.png\",\"width\":282,\"height\":94,\"caption\":\"Centrum Pszczelarskie \u0141ukasiewicz\"},\"image\":{\"@id\":\"https:\/\/pszczoly.info\/#\/schema\/logo\/image\/\"}}]}<\/script>\n<!-- \/ Yoast SEO plugin. -->","yoast_head_json":{"title":"\u015aWIECE WOSKOWE - \u015aWIECE Z WOSKU PSZCZELEGO","description":"\u015awiece woskowe maj\u0105 niemal\u017ce same zalety. Pozytywnie wp\u0142ywaj\u0105 na nasze zdrowie i samopoczucie. \u015awiece z wosku pszczelego s\u0105 produktem w 100% naturalnym!","robots":{"index":"index","follow":"follow","max-snippet":"max-snippet:-1","max-image-preview":"max-image-preview:large","max-video-preview":"max-video-preview:-1"},"canonical":"https:\/\/pszczoly.info\/swiece-woskowe\/","og_locale":"en_US","og_type":"article","og_title":"\u015aWIECE WOSKOWE - \u015aWIECE Z WOSKU PSZCZELEGO","og_description":"\u015awiece woskowe maj\u0105 niemal\u017ce same zalety. Pozytywnie wp\u0142ywaj\u0105 na nasze zdrowie i samopoczucie. \u015awiece z wosku pszczelego s\u0105 produktem w 100% naturalnym!","og_url":"https:\/\/pszczoly.info\/swiece-woskowe\/","og_site_name":"pszczoly.info","article_modified_time":"2017-09-22T12:35:23+00:00","twitter_card":"summary_large_image","twitter_misc":{"Est. reading time":"3 minutes"},"schema":{"@context":"https:\/\/schema.org","@graph":[{"@type":"WebPage","@id":"https:\/\/pszczoly.info\/swiece-woskowe\/","url":"https:\/\/pszczoly.info\/swiece-woskowe\/","name":"\u015aWIECE WOSKOWE - \u015aWIECE Z WOSKU PSZCZELEGO","isPartOf":{"@id":"https:\/\/pszczoly.info\/#website"},"datePublished":"2015-09-28T20:48:06+00:00","dateModified":"2017-09-22T12:35:23+00:00","description":"\u015awiece woskowe maj\u0105 niemal\u017ce same zalety. Pozytywnie wp\u0142ywaj\u0105 na nasze zdrowie i samopoczucie. \u015awiece z wosku pszczelego s\u0105 produktem w 100% naturalnym!","breadcrumb":{"@id":"https:\/\/pszczoly.info\/swiece-woskowe\/#breadcrumb"},"inLanguage":"en-US","potentialAction":[{"@type":"ReadAction","target":["https:\/\/pszczoly.info\/swiece-woskowe\/"]}]},{"@type":"BreadcrumbList","@id":"https:\/\/pszczoly.info\/swiece-woskowe\/#breadcrumb","itemListElement":[{"@type":"ListItem","position":1,"name":"Strona g\u0142\u00f3wna","item":"https:\/\/pszczoly.info\/"},{"@type":"ListItem","position":2,"name":"\u015aWIECE WOSKOWE"}]},{"@type":"WebSite","@id":"https:\/\/pszczoly.info\/#website","url":"https:\/\/pszczoly.info\/","name":"Blog pszczelarski","description":"Pszczelarstwo - Produkty pszczelarskie - Sprz\u0119t pszczelarski Twoje centrum pszczelarskie","publisher":{"@id":"https:\/\/pszczoly.info\/#organization"},"alternateName":"Pszczelarstwo - informacje, artyku\u0142y","potentialAction":[{"@type":"SearchAction","target":{"@type":"EntryPoint","urlTemplate":"https:\/\/pszczoly.info\/?s={search_term_string}"},"query-input":{"@type":"PropertyValueSpecification","valueRequired":true,"valueName":"search_term_string"}}],"inLanguage":"en-US"},{"@type":"Organization","@id":"https:\/\/pszczoly.info\/#organization","name":"Centrum Pszczelarskie \u0141ukasiewicz","url":"https:\/\/pszczoly.info\/","logo":{"@type":"ImageObject","inLanguage":"en-US","@id":"https:\/\/pszczoly.info\/#\/schema\/logo\/image\/","url":"https:\/\/pszczoly.info\/wp-content\/uploads\/2016\/11\/cropped-pszczoly-logo-2-1.png","contentUrl":"https:\/\/pszczoly.info\/wp-content\/uploads\/2016\/11\/cropped-pszczoly-logo-2-1.png","width":282,"height":94,"caption":"Centrum Pszczelarskie \u0141ukasiewicz"},"image":{"@id":"https:\/\/pszczoly.info\/#\/schema\/logo\/image\/"}}]}},"_links":{"self":[{"href":"https:\/\/pszczoly.info\/en\/wp-json\/wp\/v2\/pages\/91","targetHints":{"allow":["GET"]}}],"collection":[{"href":"https:\/\/pszczoly.info\/en\/wp-json\/wp\/v2\/pages"}],"about":[{"href":"https:\/\/pszczoly.info\/en\/wp-json\/wp\/v2\/types\/page"}],"author":[{"embeddable":true,"href":"https:\/\/pszczoly.info\/en\/wp-json\/wp\/v2\/users\/1"}],"replies":[{"embeddable":true,"href":"https:\/\/pszczoly.info\/en\/wp-json\/wp\/v2\/comments?post=91"}],"version-history":[{"count":6,"href":"https:\/\/pszczoly.info\/en\/wp-json\/wp\/v2\/pages\/91\/revisions"}],"predecessor-version":[{"id":584,"href":"https:\/\/pszczoly.info\/en\/wp-json\/wp\/v2\/pages\/91\/revisions\/584"}],"wp:attachment":[{"href":"https:\/\/pszczoly.info\/en\/wp-json\/wp\/v2\/media?parent=91"}],"curies":[{"name":"wp","href":"https:\/\/api.w.org\/{rel}","templated":true}]}}