{"id":81,"date":"2015-09-28T22:44:18","date_gmt":"2015-09-28T20:44:18","guid":{"rendered":"http:\/\/dev.pszczoly.info\/?page_id=81"},"modified":"2018-08-23T10:08:21","modified_gmt":"2018-08-23T08:08:21","slug":"kosmetyki","status":"publish","type":"page","link":"https:\/\/pszczoly.info\/en\/kosmetyki\/","title":{"rendered":"KOSMETYKI"},"content":{"rendered":"<p><\/p>\n<p align=\"justify\"><font size=\"2\"><strong>Kosmetyki na bazie naturalnego wosku pszczelego:<\/strong><\/p>\n<p>Kosmetyki te opieraj\u0105 si\u0119 na surowcach pochodzenia naturalnego. Preparaty zawieraj\u0105 wosk pszczeli oraz pozyskane z ula produkty. Badania dermatologiczne w pe\u0142ni potwierdzaj\u0105 ich w\u0142a\u015bciwo\u015bci lecznicze i od\u017cywcze. Wosk pszczeli jest bogaty w biologicznie czynne substancje, kt&oacute;rych idealna kompozycja pozwala na skuteczn\u0105 piel\u0119gnacj\u0119 nawet najwra\u017cliwszych typ&oacute;w sk&oacute;ry. Zawiera proteiny, lipidy, w\u0119glowodany, witaminy, sole mineralne, mikroelementy. Wykazuj\u0105 one dzia\u0142anie nawil\u017caj\u0105ce, nat\u0142uszczaj\u0105ce, regeneruj\u0105ce i ochronne.<\/font><\/p>\n<p class=\"MsoNormal\" align=\"justify\"><font size=\"2\">Celem naszym jest dostarczenie produkt&oacute;w pe\u0142nowarto\u015bciowych a przede wszystkim nieszkodliwych. Wykorzystanie tego naturalnego surowca jest proste i przyjazne dla \u015brodowiska. Nie s\u0105 testowane na zwierz\u0119tach. Nasza oferta obejmuje preparaty piel\u0119gnacyjne, kt&oacute;re od\u017cywiaj\u0105 sk&oacute;r\u0119 i czyni\u0105 j\u0105 pi\u0119kn\u0105.<\/font><\/p>\n<p class=\"MsoNormal\"><font size=\"2\">Zawierzmy &bdquo;si\u0142om natury&rdquo;.<\/font><\/p>\n<p class=\"MsoNormal\" align=\"justify\"><font size=\"2\">Nasze pi\u0119kno zewn\u0119trzne zawdzi\u0119czamy i uto\u017csamiamy z doskonale dobranymi i systematycznie stosowanymi kosmetykami. Pami\u0119tajmy, \u017ce pi\u0119kna sk&oacute;ra to tak\u017ce \u015bwiadectwo naszego spokoju wewn\u0119trznego, dobrego zdrowia i samopoczucia. W\u0142a\u015bciwe nawyki to solidny fundament dla urody, bowiem &bdquo;nieskazitelne pi\u0119kno&rdquo; to r&oacute;wnie\u017c zdrowe i zadbane cia\u0142o.<\/font><\/p>\n<p class=\"MsoNormal\" align=\"justify\"><font size=\"2\">Oferujemy r&oacute;wnie\u017c kosmetyki z propolisem oraz mleczkiem pszczelim.<br \/>Kosmetyki na bazie naturalnego wosku pszczelego, z propolisem i mleczkiem pszczelim:<br \/><a href=\"http:\/\/pszczelnictwo.com.pl\/sklep\/index.php?cPath=21\">http:\/\/pszczelnictwo.com.pl\/sklep\/index.php?cPath=21<\/a><br \/><\/font><br \/>Produkty s\u0105 dost\u0119pne w naszym sklepie internetowym:<br \/><a href=\"http:\/\/www.sklep.pszczelnictwo.com.pl\/\">www.sklep.pszczelnictwo.com.pl<\/a><\/p>\n<p><\/p>","protected":false},"excerpt":{"rendered":"<div class=\"mh-excerpt\"><p>Kosmetyki na bazie naturalnego wosku pszczelego: Kosmetyki te opieraj\u0105 si\u0119 na surowcach pochodzenia naturalnego. Preparaty zawieraj\u0105 wosk pszczeli oraz pozyskane z ula produkty. Badania dermatologiczne <a class=\"mh-excerpt-more\" href=\"https:\/\/pszczoly.info\/en\/kosmetyki\/\" title=\"KOSMETYKI\">[&#8230;]<\/a><\/p>\n<\/div>","protected":false},"author":1,"featured_media":0,"parent":0,"menu_order":0,"comment_status":"closed","ping_status":"closed","template":"","meta":{"footnotes":""},"class_list":["post-81","page","type-page","status-publish","hentry"],"yoast_head":"<!-- This site is optimized with the Yoast SEO plugin v26.9 - https:\/\/yoast.com\/product\/yoast-seo-wordpress\/ -->\n<title>KOSMETYKI - pszczoly.info<\/title>\n<meta name=\"description\" content=\"W naszej ofercie znajduj\u0105 si\u0119 kosmetyki na bazie produkt\u00f3w pszczelich takich jak: py\u0142ek pszczeli, mleczko pszczele, propolis - kit pszczeli, wosk pszczeli\" \/>\n<meta name=\"robots\" content=\"index, follow, max-snippet:-1, max-image-preview:large, max-video-preview:-1\" \/>\n<link rel=\"canonical\" href=\"https:\/\/pszczoly.info\/en\/kosmetyki\/\" \/>\n<meta property=\"og:locale\" content=\"en_US\" \/>\n<meta property=\"og:type\" content=\"article\" \/>\n<meta property=\"og:title\" content=\"KOSMETYKI - pszczoly.info\" \/>\n<meta property=\"og:description\" content=\"W naszej ofercie znajduj\u0105 si\u0119 kosmetyki na bazie produkt\u00f3w pszczelich takich jak: py\u0142ek pszczeli, mleczko pszczele, propolis - kit pszczeli, wosk pszczeli\" \/>\n<meta property=\"og:url\" content=\"https:\/\/pszczoly.info\/en\/kosmetyki\/\" \/>\n<meta property=\"og:site_name\" content=\"pszczoly.info\" \/>\n<meta property=\"article:modified_time\" content=\"2018-08-23T08:08:21+00:00\" \/>\n<meta name=\"twitter:card\" content=\"summary_large_image\" \/>\n<meta name=\"twitter:label1\" content=\"Est. reading time\" \/>\n\t<meta name=\"twitter:data1\" content=\"2 minutes\" \/>\n<script type=\"application\/ld+json\" class=\"yoast-schema-graph\">{\"@context\":\"https:\/\/schema.org\",\"@graph\":[{\"@type\":\"WebPage\",\"@id\":\"https:\/\/pszczoly.info\/en\/kosmetyki\/\",\"url\":\"https:\/\/pszczoly.info\/en\/kosmetyki\/\",\"name\":\"KOSMETYKI - pszczoly.info\",\"isPartOf\":{\"@id\":\"https:\/\/pszczoly.info\/#website\"},\"datePublished\":\"2015-09-28T20:44:18+00:00\",\"dateModified\":\"2018-08-23T08:08:21+00:00\",\"description\":\"W naszej ofercie znajduj\u0105 si\u0119 kosmetyki na bazie produkt\u00f3w pszczelich takich jak: py\u0142ek pszczeli, mleczko pszczele, propolis - kit pszczeli, wosk pszczeli\",\"breadcrumb\":{\"@id\":\"https:\/\/pszczoly.info\/en\/kosmetyki\/#breadcrumb\"},\"inLanguage\":\"en-US\",\"potentialAction\":[{\"@type\":\"ReadAction\",\"target\":[\"https:\/\/pszczoly.info\/en\/kosmetyki\/\"]}]},{\"@type\":\"BreadcrumbList\",\"@id\":\"https:\/\/pszczoly.info\/en\/kosmetyki\/#breadcrumb\",\"itemListElement\":[{\"@type\":\"ListItem\",\"position\":1,\"name\":\"Strona g\u0142\u00f3wna\",\"item\":\"https:\/\/pszczoly.info\/\"},{\"@type\":\"ListItem\",\"position\":2,\"name\":\"KOSMETYKI\"}]},{\"@type\":\"WebSite\",\"@id\":\"https:\/\/pszczoly.info\/#website\",\"url\":\"https:\/\/pszczoly.info\/\",\"name\":\"Blog pszczelarski\",\"description\":\"Pszczelarstwo - Produkty pszczelarskie - Sprz\u0119t pszczelarski Twoje centrum pszczelarskie\",\"publisher\":{\"@id\":\"https:\/\/pszczoly.info\/#organization\"},\"alternateName\":\"Pszczelarstwo - informacje, artyku\u0142y\",\"potentialAction\":[{\"@type\":\"SearchAction\",\"target\":{\"@type\":\"EntryPoint\",\"urlTemplate\":\"https:\/\/pszczoly.info\/?s={search_term_string}\"},\"query-input\":{\"@type\":\"PropertyValueSpecification\",\"valueRequired\":true,\"valueName\":\"search_term_string\"}}],\"inLanguage\":\"en-US\"},{\"@type\":\"Organization\",\"@id\":\"https:\/\/pszczoly.info\/#organization\",\"name\":\"Centrum Pszczelarskie \u0141ukasiewicz\",\"url\":\"https:\/\/pszczoly.info\/\",\"logo\":{\"@type\":\"ImageObject\",\"inLanguage\":\"en-US\",\"@id\":\"https:\/\/pszczoly.info\/#\/schema\/logo\/image\/\",\"url\":\"https:\/\/pszczoly.info\/wp-content\/uploads\/2016\/11\/cropped-pszczoly-logo-2-1.png\",\"contentUrl\":\"https:\/\/pszczoly.info\/wp-content\/uploads\/2016\/11\/cropped-pszczoly-logo-2-1.png\",\"width\":282,\"height\":94,\"caption\":\"Centrum Pszczelarskie \u0141ukasiewicz\"},\"image\":{\"@id\":\"https:\/\/pszczoly.info\/#\/schema\/logo\/image\/\"}}]}<\/script>\n<!-- \/ Yoast SEO plugin. -->","yoast_head_json":{"title":"KOSMETYKI - pszczoly.info","description":"W naszej ofercie znajduj\u0105 si\u0119 kosmetyki na bazie produkt\u00f3w pszczelich takich jak: py\u0142ek pszczeli, mleczko pszczele, propolis - kit pszczeli, wosk pszczeli","robots":{"index":"index","follow":"follow","max-snippet":"max-snippet:-1","max-image-preview":"max-image-preview:large","max-video-preview":"max-video-preview:-1"},"canonical":"https:\/\/pszczoly.info\/en\/kosmetyki\/","og_locale":"en_US","og_type":"article","og_title":"KOSMETYKI - pszczoly.info","og_description":"W naszej ofercie znajduj\u0105 si\u0119 kosmetyki na bazie produkt\u00f3w pszczelich takich jak: py\u0142ek pszczeli, mleczko pszczele, propolis - kit pszczeli, wosk pszczeli","og_url":"https:\/\/pszczoly.info\/en\/kosmetyki\/","og_site_name":"pszczoly.info","article_modified_time":"2018-08-23T08:08:21+00:00","twitter_card":"summary_large_image","twitter_misc":{"Est. reading time":"2 minutes"},"schema":{"@context":"https:\/\/schema.org","@graph":[{"@type":"WebPage","@id":"https:\/\/pszczoly.info\/en\/kosmetyki\/","url":"https:\/\/pszczoly.info\/en\/kosmetyki\/","name":"KOSMETYKI - pszczoly.info","isPartOf":{"@id":"https:\/\/pszczoly.info\/#website"},"datePublished":"2015-09-28T20:44:18+00:00","dateModified":"2018-08-23T08:08:21+00:00","description":"W naszej ofercie znajduj\u0105 si\u0119 kosmetyki na bazie produkt\u00f3w pszczelich takich jak: py\u0142ek pszczeli, mleczko pszczele, propolis - kit pszczeli, wosk pszczeli","breadcrumb":{"@id":"https:\/\/pszczoly.info\/en\/kosmetyki\/#breadcrumb"},"inLanguage":"en-US","potentialAction":[{"@type":"ReadAction","target":["https:\/\/pszczoly.info\/en\/kosmetyki\/"]}]},{"@type":"BreadcrumbList","@id":"https:\/\/pszczoly.info\/en\/kosmetyki\/#breadcrumb","itemListElement":[{"@type":"ListItem","position":1,"name":"Strona g\u0142\u00f3wna","item":"https:\/\/pszczoly.info\/"},{"@type":"ListItem","position":2,"name":"KOSMETYKI"}]},{"@type":"WebSite","@id":"https:\/\/pszczoly.info\/#website","url":"https:\/\/pszczoly.info\/","name":"Blog pszczelarski","description":"Pszczelarstwo - Produkty pszczelarskie - Sprz\u0119t pszczelarski Twoje centrum pszczelarskie","publisher":{"@id":"https:\/\/pszczoly.info\/#organization"},"alternateName":"Pszczelarstwo - informacje, artyku\u0142y","potentialAction":[{"@type":"SearchAction","target":{"@type":"EntryPoint","urlTemplate":"https:\/\/pszczoly.info\/?s={search_term_string}"},"query-input":{"@type":"PropertyValueSpecification","valueRequired":true,"valueName":"search_term_string"}}],"inLanguage":"en-US"},{"@type":"Organization","@id":"https:\/\/pszczoly.info\/#organization","name":"Centrum Pszczelarskie \u0141ukasiewicz","url":"https:\/\/pszczoly.info\/","logo":{"@type":"ImageObject","inLanguage":"en-US","@id":"https:\/\/pszczoly.info\/#\/schema\/logo\/image\/","url":"https:\/\/pszczoly.info\/wp-content\/uploads\/2016\/11\/cropped-pszczoly-logo-2-1.png","contentUrl":"https:\/\/pszczoly.info\/wp-content\/uploads\/2016\/11\/cropped-pszczoly-logo-2-1.png","width":282,"height":94,"caption":"Centrum Pszczelarskie \u0141ukasiewicz"},"image":{"@id":"https:\/\/pszczoly.info\/#\/schema\/logo\/image\/"}}]}},"_links":{"self":[{"href":"https:\/\/pszczoly.info\/en\/wp-json\/wp\/v2\/pages\/81","targetHints":{"allow":["GET"]}}],"collection":[{"href":"https:\/\/pszczoly.info\/en\/wp-json\/wp\/v2\/pages"}],"about":[{"href":"https:\/\/pszczoly.info\/en\/wp-json\/wp\/v2\/types\/page"}],"author":[{"embeddable":true,"href":"https:\/\/pszczoly.info\/en\/wp-json\/wp\/v2\/users\/1"}],"replies":[{"embeddable":true,"href":"https:\/\/pszczoly.info\/en\/wp-json\/wp\/v2\/comments?post=81"}],"version-history":[{"count":3,"href":"https:\/\/pszczoly.info\/en\/wp-json\/wp\/v2\/pages\/81\/revisions"}],"predecessor-version":[{"id":1149,"href":"https:\/\/pszczoly.info\/en\/wp-json\/wp\/v2\/pages\/81\/revisions\/1149"}],"wp:attachment":[{"href":"https:\/\/pszczoly.info\/en\/wp-json\/wp\/v2\/media?parent=81"}],"curies":[{"name":"wp","href":"https:\/\/api.w.org\/{rel}","templated":true}]}}