{"id":8,"date":"2015-09-28T17:41:37","date_gmt":"2015-09-28T15:41:37","guid":{"rendered":"http:\/\/dev.pszczoly.info\/?page_id=8"},"modified":"2016-11-01T17:31:33","modified_gmt":"2016-11-01T16:31:33","slug":"apiterapia","status":"publish","type":"page","link":"https:\/\/pszczoly.info\/en\/apiterapia\/","title":{"rendered":"APITERAPIA"},"content":{"rendered":"<p><span style=\"font-size: medium;\"><span style=\"color: #000000;\">APITERAPIA to zastosowanie produkt\u00f3w pszczelich w lecznictwie. Stanowi ona alternatyw\u0119 dla wielu nowoczesnych lek\u00f3w syntetycznych. Stosowanie apiterapii znane jest od kilku tysi\u0119cy lat lecz dopiero w ostatnim 30-leciu, jest przedmiotem udokumentowanych bada\u0144 naukowych. Od lat obserwuje si\u0119 nap\u0142yw do Polski specyfik\u00f3w na bazie produkt\u00f3w pszczelich z pa\u0144stw, gdzie zosta\u0142y one du\u017co wcze\u015bniej spopularyzowane (Chiny, USA, Francja, Niemcy). Produkty pszczele s\u0105 obecne coraz bardziej doceniane i szerzej stosowane w medycynie naturalnej, kt\u00f3ra powinna rozwija\u0107 si\u0119 r\u00f3wnolegle z dominuj\u0105c\u0105 medycyn\u0105 konwencjonaln\u0105. Przedstawiony program rozwoju pszczelarstwa obejmuje tak\u017ce zorganizowanie i uruchomienie sieci gabinet\u00f3w apiterapii w ca\u0142ym kraju. Medycyna naturalna obejmuje szereg dziedzin leczniczych, wykorzystuj\u0105cych naturalne produkty lub metody leczenia. Te specyficzne dziedziny s\u0142u\u017c\u0105ce utrzymywaniu i przywracaniu zdrowia to: &#8211; homeopatia \u2013 fitoterapia &#8211; apiterapia i apitoksynoterapia Wieloletnie badania farmakologiczne i kliniczne (pkt.2.4) oraz obserwacje w dziedzinie apiterapii prowadzone w r\u00f3\u017cnych o\u015brodkach leczniczych potwierdza\u0142y jej skuteczno\u015b\u0107. W kraju i lecznictwie \u015bwiatowym istnieje szereg uznanych lek\u00f3w otrzymanych z produkt\u00f3w pszczelich (pkt.2.3). Produkowane s\u0105 w postaci gotowych preparat\u00f3w farmaceutycznych o okre\u015blonym przeznaczeniu terapeutycznym.\u00a0 Natura nie szkodzi, to przecie\u017c naturze zawdzi\u0119czamy dwa leki bez kt\u00f3rych nie mo\u017cna si\u0119 dzisiaj obej\u015b\u0107: glikozydy nasercowe oraz penicylina. Wielkie nadzieje wi\u0105\u017ce si\u0119 z leczniczym zastosowaniem pszczelich produkt\u00f3w. Ju\u017c dzisiaj pszczele od\u017cywki i farmaceutyki s\u0105 bardzo przydatne jako cenne biostymulatory, biotyki kompleksowe, wszechstronne leki. Produkty pszczele dzi\u0119ki zawarto\u015bci wszystkich sk\u0142adnik\u00f3w niezb\u0119dnych do prawid\u0142owego funkcjonowania organizmu cz\u0142owieka; bia\u0142ek, aminokwas\u00f3w, \u0142atwo przyswajalnych cukr\u00f3w, enzym\u00f3w, antybiotyk\u00f3w, witamin oraz substancji aktywnych biologicznie mog\u0105 znakomicie wzbogaci\u0107 nasz\u0105 jednostajn\u0105 diet\u0119, podnosi\u0107 sprawno\u015b\u0107 i odporno\u015b\u0107 organizmu. Za\u017cywane systematycznie opr\u00f3cz walor\u00f3w od\u017cywczych i smakowych wykazuj\u0105 wybitn\u0105 rol\u0119 ochronno-profilaktyczn\u0105. Produkty pszczele dzia\u0142aj\u0105 wielokierunkowo leczniczo oraz zapobiegawczo, przeciwdzia\u0142aj\u0105c wyst\u0105pieniu choroby, st\u0105d stosowane s\u0105 szeroko w medycynie zapobiegawczej. Wszystkie stosowane w apiterapii produkty opr\u00f3cz propolisu i wosku maj\u0105 w\u0142a\u015bciwo\u015bci od\u017cywcze. Wskazuje to na bezpiecze\u0144stwo leczniczych dawek stosowanych w terapii produktami pszczelimi. Inaczej ma si\u0119 sprawa z jadem pszczelim, kt\u00f3ry jest podstawowym produktem stosowanym w apitoksynoterapii. Jad wymaga \u015bcis\u0142ego dawkowania pod kontrol\u0105 lekarza, gdy\u017c stosowane dawki lecznicze mog\u0105 okaza\u0107 si\u0119 toksyczne. Nale\u017cy zwr\u00f3ci\u0107 uwag\u0119 na mo\u017cliwo\u015b\u0107 wyst\u0105pienia wra\u017cliwo\u015bci osobniczej i oddzia\u0142ywania produkt\u00f3w pszczelich jako alergent\u00f3w. Dlatego przed przyst\u0105pieniem do leczenia produktami pszczelimi, koniecznym jest wi\u0119c sprawdzenie wra\u017cliwo\u015bci na zastosowany produkt pszczeli. Za apiterapi\u0105 przemawiaj\u0105 wzgl\u0119dy ekonomiczne, gdy\u017c w nowoczesnym systemie ochrony zdrowia powinno si\u0119 upowszechnia\u0107 profilaktyk\u0119, kt\u00f3ra ma podwy\u017csza\u0107 poziom uodpornienia spo\u0142ecze\u0144stwa na choroby &#8211; a zatem obni\u017cenia koszt\u00f3w og\u00f3lnych p\u00f3\u017aniejszego leczenia.Ze wzgl\u0119du na rodzaj preparat\u00f3w pszczelich stosowanych w apiterapii wyr\u00f3\u017cni\u0107 mo\u017cna:<\/span><\/span><span style=\"font-size: medium;\"><span style=\"color: #000000;\">&#8211; preparaty jednorodne, oparte na jednym produkcie pszczelim<\/span><\/span><span style=\"font-size: medium;\"><span style=\"color: #000000;\">&#8211; preparaty z\u0142o\u017cone, zawieraj\u0105ce w swoim sk\u0142adzie dwa lub wi\u0119cej produkt\u00f3w pszczelich<\/span><\/span><span style=\"font-size: medium;\"><span style=\"color: #000000;\">&#8211; preparaty mieszane, w kt\u00f3rych sk\u0142adzie obok preparat\u00f3w pszczelich znajduj\u0105 si\u0119 inne sk\u0142adniki pochodzenia naturalnego<\/span><\/span><span style=\"font-size: medium;\"><span style=\"color: #000000;\">&#8211; miody i zio\u0142omiody (koniecznym wydaje si\u0119 szersze rozpropagowanie spo\u017cycia miodu przez przecietnego Polaka)<\/span><\/span><span style=\"font-size: medium;\"><span style=\"color: #000000;\">Wieloletnie badania oraz obserwacje w dziedzinie apiterapii prowadzone w r\u00f3\u017cnych o\u015brodkach leczniczych potwierdzi\u0142y jej skuteczno\u015b\u0107 w przypadkach:<\/span><\/span><span style=\"font-size: medium;\"><span style=\"color: #000000;\"><br \/>\n<\/span><\/span><span style=\"font-size: medium;\"><span style=\"color: #000000;\"><strong>I. <u>Chor\u00f3b uk\u0142adu oddechowego<\/u><\/strong><u>:<\/u><\/span><\/span><span style=\"font-size: medium;\"><span style=\"color: #000000;\">&#8211; stan\u00f3w zapalnych g\u00f3rnych dr\u00f3g oddechowych (nie\u017cyt b\u0142ony \u015bluzowej nosa i zatok, zapalenie gardla),<\/span><\/span><span style=\"font-size: medium;\"><span style=\"color: #000000;\">&#8211; schorzeniach dolnych dr\u00f3g oddechowych (zapalenia oskrzeli, p\u0142uc),<\/span><\/span><span style=\"font-size: medium;\"><span style=\"color: #000000;\">&#8211; powracaj\u0105ce przez\u0119bienia, zaka\u017cenia wirusem grupy,<\/span><\/span><span style=\"font-size: medium;\"><span style=\"color: #000000;\">&#8211; astma atopowa i nieatopowa.<\/span><\/span><span style=\"font-size: medium;\"><span style=\"color: #000000;\">&#8211; choroby alergiczne g\u00f3rnych dr\u00f3g oddechowych.<br \/>\n<\/span><\/span><span style=\"font-size: medium;\"><span style=\"color: #000000;\"><span style=\"font-family: 'Arial Unicode MS';\"><strong>II. <u>Chor\u00f3b sk\u00f3ry i b\u0142on \u015bluzowych:<\/u><\/strong><\/span><\/span><\/span><span style=\"font-size: medium;\"><span style=\"color: #000000;\">&#8211; zmiany zapalne sk\u00f3ry i nask\u00f3rka,<\/span><\/span><span style=\"font-size: medium;\"><span style=\"color: #000000;\">&#8211; oparzenia, owrzodzenia, zaka\u017cenia pooperacyjne, ropne przetoki po amputacjach,<\/span><\/span><span style=\"font-size: medium;\"><span style=\"color: #000000;\">&#8211; choroby wirusowe sk\u00f3ry (opryszczka, p\u00f3\u0142pasiec),<\/span><\/span><span style=\"font-size: medium;\"><span style=\"color: #000000;\">&#8211; choroby grzybicze sk\u00f3ry, \u0142uszczyca wczesna, zwyk\u0142a i przewlek\u0142a,<\/span><\/span><span style=\"font-size: medium;\"><span style=\"color: #000000;\">&#8211; wypryski alergiczne sk\u00f3ry, tr\u0105dzik m\u0142odzie\u0144czy,<\/span><\/span><span style=\"font-size: medium;\"><span style=\"color: #000000;\">&#8211; miejscowe stany zapalne b\u0142on \u015bluzowych,<\/span><\/span><span style=\"font-size: medium;\"><span style=\"color: #000000;\">&#8211; paradontoza<br \/>\n<\/span><\/span><span style=\"font-size: medium;\"><span style=\"color: #000000;\"><span style=\"font-family: 'Arial Unicode MS';\"><strong>III. <u>Chor\u00f3b reumatycznych i uk\u0142adu kostnego:<\/u><\/strong><\/span><\/span><\/span><span style=\"font-size: medium;\"><span style=\"color: #000000;\">&#8211; reumatoidalne zapalenie staw\u00f3w,<\/span><\/span><span style=\"font-size: medium;\"><span style=\"color: #000000;\">&#8211; reumatyczne zapalenie staw\u00f3w ,<\/span><\/span><span style=\"font-size: medium;\"><span style=\"color: #000000;\">&#8211; zesztywniaj\u0105ce zapalenie kr\u0119gos\u0142upa,<\/span><\/span><span style=\"font-size: medium;\"><span style=\"color: #000000;\">&#8211; skaza moczanowa<br \/>\n<\/span><\/span><span style=\"font-size: medium;\"><span style=\"color: #000000;\"><span style=\"font-family: 'Arial Unicode MS';\"><strong>IV. <u>Chor\u00f3b uk\u0142adu kr\u0105\u017cenia:<\/u><\/strong><\/span><\/span><\/span><span style=\"font-size: medium;\"><span style=\"color: #000000;\">&#8211; choroby serca i uk\u0142adu kr\u0105\u017cenia (choroba niedokrwienna mi\u0119\u015bnia sercowego, mia\u017cd\u017cyca zarostowa ko\u0144czyn dolnych, choroba Buergera, zakrzepowe zapalenie \u017cy\u0142),<\/span><\/span><span style=\"font-size: medium;\"><span style=\"color: #000000;\">&#8211; przewlek\u0142a niewydolno\u015b\u0107 kr\u0105\u017cenia,<\/span><\/span><span style=\"font-size: medium;\"><span style=\"color: #000000;\">&#8211; nadci\u015bnienie t\u0119tnicze i mia\u017cd\u017cyca naczy\u0144 m\u00f3zgowych,<br \/>\n<\/span><\/span><span style=\"font-size: medium;\"><span style=\"color: #000000;\"><span style=\"font-family: 'Arial Unicode MS';\"><strong>V. <u>Chor\u00f3b uk\u0142adu pokarmowego:<\/u><\/strong><\/span><\/span><\/span><span style=\"font-size: medium;\"><span style=\"color: #000000;\">&#8211; choroba wrzodowa \u017co\u0142\u0105dka i dwunastnicy,<\/span><\/span><span style=\"font-size: medium;\"><span style=\"color: #000000;\">&#8211; stany zapalne b\u0142ony \u015bluzowej,<\/span><\/span><span style=\"font-size: medium;\"><span style=\"color: #000000;\">&#8211; stany zapalne w\u0105troby,<\/span><\/span><span style=\"font-size: medium;\"><span style=\"color: #000000;\">&#8211; zaburzenia w od\u017cywianiu (niedo\u017cywienie, oty\u0142o\u015b\u0107)<\/span><\/span><span style=\"font-size: medium;\"><span style=\"color: #000000;\">W leczeniu apiterapi\u0105 proponuje si\u0119 zastosowanie samodzielnych zabieg\u00f3w w \u015bci\u015ble okre\u015blonych schorzeniach, kt\u00f3re wymieniono powy\u017cej.<\/span><\/span><\/p>\n<p><span style=\"font-size: medium;\"><span style=\"color: #000000;\"><u>Propozycje:<\/u><\/span><\/span><span style=\"font-size: medium;\"><span style=\"color: #000000;\"><br \/>\n<\/span><\/span><span style=\"font-size: medium;\"><span style=\"color: #000000;\">1. Oddychanie powietrzem ula (w specjalnej konstrukcji inhalatorniach z wykorzystaniem specyficznego mikroklimatu ula),<br \/>\n<\/span><\/span><span style=\"font-size: medium;\"><span style=\"color: #000000;\">2. Inhalacje termiczne i aerozolowe z wodnych roztwor\u00f3w miodu, miodu z dodatkiem zi\u00f3\u0142 lub innych produkt\u00f3w pszczelich takich jak propolis, mleczko pszczele, py\u0142ek kwiatowy,<br \/>\n<\/span><\/span><span style=\"font-size: medium;\"><span style=\"color: #000000;\">3. Samodzielne spo\u017cywanie miodu b\u0105d\u017c miodu z dodatkami sok\u00f3w owocowych, warzywnych, napar\u00f3w zio\u0142owych, \u017cucie miodu plastrowego,<\/span><\/span><br \/>\n<span style=\"font-size: medium;\"><span style=\"color: #000000;\">4. Stosowanie ma\u015bci, mazide\u0142 propolisowych (opatrunki, kompresy, p\u0142ukanki) &#8211; 3% ma\u015bc propolisowa, puder propolisowy<br \/>\n<\/span><\/span><span style=\"font-size: medium;\"><span style=\"color: #000000;\">5. Elektroforeza z u\u017cyciem pr\u0105du galwanicznego o niewielkim nat\u0119\u017ceniu,<br \/>\n<\/span><\/span><span style=\"font-size: medium;\"><span style=\"color: #000000;\">6. Fonoforeza z u\u017cyciem fal ultrad\u017awi\u0119kowych,<br \/>\n<\/span><\/span><span style=\"font-size: medium;\"><span style=\"color: #000000;\">7. K\u0105piele miodowo-zio\u0142owe,<br \/>\n<\/span><\/span><span style=\"font-size: medium;\"><span style=\"color: #000000;\">8. Wstrzykni\u0119cia podsk\u00f3rne,<br \/>\n<\/span><\/span><span style=\"font-size: medium;\"><span style=\"color: #000000;\">9. \u017b\u0105dlenia,<br \/>\n<\/span><\/span><span style=\"font-size: medium;\"><span style=\"color: #000000;\">10. Zastosowanie ma\u015bci z dodatkiem jadu pszczelego w po\u0142\u0105czeniu z fizykoterapi\u0105,<br \/>\n<\/span><\/span><span style=\"font-size: medium;\"><span style=\"color: #000000;\">11. Fonoforeza z u\u017cyciem ma\u015bci jadowej,<br \/>\n<\/span><\/span><span style=\"font-size: medium;\"><span style=\"color: #000000;\">12. Wstrzykni\u0119cia preparat\u00f3w z dodatkiem jadu pszczelego.<br \/>\n<\/span><\/span><span style=\"font-size: medium;\"><span style=\"color: #000000;\">13. Leczenie preparatami pszczelimi &#8211; doustne podawanie tabletek (kapsu\u0142ek) Pollen, Propolis Plus, Mleczka pszczelego Royal Jelly,<br \/>\n<\/span><\/span><span style=\"font-size: medium;\"><span style=\"color: #000000;\">14. Leczenie preparatami pszczelimi w formie syrop\u00f3w &#8211; Apitussic, Apipulmol, Apistimul, Propolis Tinctura.<\/span><\/span><\/p>\n<p><span style=\"color: #000000; font-size: medium;\">\u017ar\u00f3d\u0142o: Apipol<\/span><\/p>","protected":false},"excerpt":{"rendered":"<div class=\"mh-excerpt\"><p>Sorry, this entry is only available in Polski.<\/p>\n<\/div>","protected":false},"author":1,"featured_media":276,"parent":0,"menu_order":0,"comment_status":"closed","ping_status":"closed","template":"","meta":{"footnotes":""},"class_list":["post-8","page","type-page","status-publish","has-post-thumbnail","hentry"],"yoast_head":"<!-- This site is optimized with the Yoast SEO plugin v26.9 - https:\/\/yoast.com\/product\/yoast-seo-wordpress\/ -->\n<title>Apiterapia - produkty pszczeli w leczeniu i medycynie | Blog pszczelarski<\/title>\n<meta name=\"description\" content=\"Apiterapia to stosowanie produkt\u00f3w pszczelich w lecznictwie. Apiterapia jest coraz cz\u0119\u015bciej wybieran\u0105 alternatyw\u0105 dla nowoczesnych lek\u00f3w syntetycznych.\" \/>\n<meta name=\"robots\" content=\"index, follow, max-snippet:-1, max-image-preview:large, max-video-preview:-1\" \/>\n<link rel=\"canonical\" href=\"https:\/\/pszczoly.info\/en\/apiterapia\/\" \/>\n<meta property=\"og:locale\" content=\"en_US\" \/>\n<meta property=\"og:type\" content=\"article\" \/>\n<meta property=\"og:title\" content=\"Apiterapia - produkty pszczeli w leczeniu i medycynie | Blog pszczelarski\" \/>\n<meta property=\"og:description\" content=\"Apiterapia to stosowanie produkt\u00f3w pszczelich w lecznictwie. Apiterapia jest coraz cz\u0119\u015bciej wybieran\u0105 alternatyw\u0105 dla nowoczesnych lek\u00f3w syntetycznych.\" \/>\n<meta property=\"og:url\" content=\"https:\/\/pszczoly.info\/en\/apiterapia\/\" \/>\n<meta property=\"og:site_name\" content=\"pszczoly.info\" \/>\n<meta property=\"article:modified_time\" content=\"2016-11-01T16:31:33+00:00\" \/>\n<meta property=\"og:image\" content=\"https:\/\/pszczoly.info\/wp-content\/uploads\/2016\/10\/honey-bees-326337_1920.jpg\" \/>\n\t<meta property=\"og:image:width\" content=\"1920\" \/>\n\t<meta property=\"og:image:height\" content=\"1281\" \/>\n\t<meta property=\"og:image:type\" content=\"image\/jpeg\" \/>\n<meta name=\"twitter:card\" content=\"summary_large_image\" \/>\n<meta name=\"twitter:label1\" content=\"Est. reading time\" \/>\n\t<meta name=\"twitter:data1\" content=\"8 minutes\" \/>\n<script type=\"application\/ld+json\" class=\"yoast-schema-graph\">{\"@context\":\"https:\/\/schema.org\",\"@graph\":[{\"@type\":\"WebPage\",\"@id\":\"https:\/\/pszczoly.info\/en\/apiterapia\/\",\"url\":\"https:\/\/pszczoly.info\/en\/apiterapia\/\",\"name\":\"Apiterapia - produkty pszczeli w leczeniu i medycynie | Blog pszczelarski\",\"isPartOf\":{\"@id\":\"https:\/\/pszczoly.info\/#website\"},\"primaryImageOfPage\":{\"@id\":\"https:\/\/pszczoly.info\/en\/apiterapia\/#primaryimage\"},\"image\":{\"@id\":\"https:\/\/pszczoly.info\/en\/apiterapia\/#primaryimage\"},\"thumbnailUrl\":\"https:\/\/pszczoly.info\/wp-content\/uploads\/2016\/10\/honey-bees-326337_1920.jpg\",\"datePublished\":\"2015-09-28T15:41:37+00:00\",\"dateModified\":\"2016-11-01T16:31:33+00:00\",\"description\":\"Apiterapia to stosowanie produkt\u00f3w pszczelich w lecznictwie. Apiterapia jest coraz cz\u0119\u015bciej wybieran\u0105 alternatyw\u0105 dla nowoczesnych lek\u00f3w syntetycznych.\",\"breadcrumb\":{\"@id\":\"https:\/\/pszczoly.info\/en\/apiterapia\/#breadcrumb\"},\"inLanguage\":\"en-US\",\"potentialAction\":[{\"@type\":\"ReadAction\",\"target\":[\"https:\/\/pszczoly.info\/en\/apiterapia\/\"]}]},{\"@type\":\"ImageObject\",\"inLanguage\":\"en-US\",\"@id\":\"https:\/\/pszczoly.info\/en\/apiterapia\/#primaryimage\",\"url\":\"https:\/\/pszczoly.info\/wp-content\/uploads\/2016\/10\/honey-bees-326337_1920.jpg\",\"contentUrl\":\"https:\/\/pszczoly.info\/wp-content\/uploads\/2016\/10\/honey-bees-326337_1920.jpg\",\"width\":1920,\"height\":1281,\"caption\":\"Pierzga pszczela Pierzga pszczela jest jednym z najzdrowszych produkt\u00f3w pszczelich.\"},{\"@type\":\"BreadcrumbList\",\"@id\":\"https:\/\/pszczoly.info\/en\/apiterapia\/#breadcrumb\",\"itemListElement\":[{\"@type\":\"ListItem\",\"position\":1,\"name\":\"Strona g\u0142\u00f3wna\",\"item\":\"https:\/\/pszczoly.info\/\"},{\"@type\":\"ListItem\",\"position\":2,\"name\":\"APITERAPIA\"}]},{\"@type\":\"WebSite\",\"@id\":\"https:\/\/pszczoly.info\/#website\",\"url\":\"https:\/\/pszczoly.info\/\",\"name\":\"Blog pszczelarski\",\"description\":\"Pszczelarstwo - Produkty pszczelarskie - Sprz\u0119t pszczelarski Twoje centrum pszczelarskie\",\"publisher\":{\"@id\":\"https:\/\/pszczoly.info\/#organization\"},\"alternateName\":\"Pszczelarstwo - informacje, artyku\u0142y\",\"potentialAction\":[{\"@type\":\"SearchAction\",\"target\":{\"@type\":\"EntryPoint\",\"urlTemplate\":\"https:\/\/pszczoly.info\/?s={search_term_string}\"},\"query-input\":{\"@type\":\"PropertyValueSpecification\",\"valueRequired\":true,\"valueName\":\"search_term_string\"}}],\"inLanguage\":\"en-US\"},{\"@type\":\"Organization\",\"@id\":\"https:\/\/pszczoly.info\/#organization\",\"name\":\"Centrum Pszczelarskie \u0141ukasiewicz\",\"url\":\"https:\/\/pszczoly.info\/\",\"logo\":{\"@type\":\"ImageObject\",\"inLanguage\":\"en-US\",\"@id\":\"https:\/\/pszczoly.info\/#\/schema\/logo\/image\/\",\"url\":\"https:\/\/pszczoly.info\/wp-content\/uploads\/2016\/11\/cropped-pszczoly-logo-2-1.png\",\"contentUrl\":\"https:\/\/pszczoly.info\/wp-content\/uploads\/2016\/11\/cropped-pszczoly-logo-2-1.png\",\"width\":282,\"height\":94,\"caption\":\"Centrum Pszczelarskie \u0141ukasiewicz\"},\"image\":{\"@id\":\"https:\/\/pszczoly.info\/#\/schema\/logo\/image\/\"}}]}<\/script>\n<!-- \/ Yoast SEO plugin. -->","yoast_head_json":{"title":"Apiterapia - produkty pszczeli w leczeniu i medycynie | Blog pszczelarski","description":"Apiterapia to stosowanie produkt\u00f3w pszczelich w lecznictwie. Apiterapia jest coraz cz\u0119\u015bciej wybieran\u0105 alternatyw\u0105 dla nowoczesnych lek\u00f3w syntetycznych.","robots":{"index":"index","follow":"follow","max-snippet":"max-snippet:-1","max-image-preview":"max-image-preview:large","max-video-preview":"max-video-preview:-1"},"canonical":"https:\/\/pszczoly.info\/en\/apiterapia\/","og_locale":"en_US","og_type":"article","og_title":"Apiterapia - produkty pszczeli w leczeniu i medycynie | Blog pszczelarski","og_description":"Apiterapia to stosowanie produkt\u00f3w pszczelich w lecznictwie. Apiterapia jest coraz cz\u0119\u015bciej wybieran\u0105 alternatyw\u0105 dla nowoczesnych lek\u00f3w syntetycznych.","og_url":"https:\/\/pszczoly.info\/en\/apiterapia\/","og_site_name":"pszczoly.info","article_modified_time":"2016-11-01T16:31:33+00:00","og_image":[{"width":1920,"height":1281,"url":"https:\/\/pszczoly.info\/wp-content\/uploads\/2016\/10\/honey-bees-326337_1920.jpg","type":"image\/jpeg"}],"twitter_card":"summary_large_image","twitter_misc":{"Est. reading time":"8 minutes"},"schema":{"@context":"https:\/\/schema.org","@graph":[{"@type":"WebPage","@id":"https:\/\/pszczoly.info\/en\/apiterapia\/","url":"https:\/\/pszczoly.info\/en\/apiterapia\/","name":"Apiterapia - produkty pszczeli w leczeniu i medycynie | Blog pszczelarski","isPartOf":{"@id":"https:\/\/pszczoly.info\/#website"},"primaryImageOfPage":{"@id":"https:\/\/pszczoly.info\/en\/apiterapia\/#primaryimage"},"image":{"@id":"https:\/\/pszczoly.info\/en\/apiterapia\/#primaryimage"},"thumbnailUrl":"https:\/\/pszczoly.info\/wp-content\/uploads\/2016\/10\/honey-bees-326337_1920.jpg","datePublished":"2015-09-28T15:41:37+00:00","dateModified":"2016-11-01T16:31:33+00:00","description":"Apiterapia to stosowanie produkt\u00f3w pszczelich w lecznictwie. Apiterapia jest coraz cz\u0119\u015bciej wybieran\u0105 alternatyw\u0105 dla nowoczesnych lek\u00f3w syntetycznych.","breadcrumb":{"@id":"https:\/\/pszczoly.info\/en\/apiterapia\/#breadcrumb"},"inLanguage":"en-US","potentialAction":[{"@type":"ReadAction","target":["https:\/\/pszczoly.info\/en\/apiterapia\/"]}]},{"@type":"ImageObject","inLanguage":"en-US","@id":"https:\/\/pszczoly.info\/en\/apiterapia\/#primaryimage","url":"https:\/\/pszczoly.info\/wp-content\/uploads\/2016\/10\/honey-bees-326337_1920.jpg","contentUrl":"https:\/\/pszczoly.info\/wp-content\/uploads\/2016\/10\/honey-bees-326337_1920.jpg","width":1920,"height":1281,"caption":"Pierzga pszczela Pierzga pszczela jest jednym z najzdrowszych produkt\u00f3w pszczelich."},{"@type":"BreadcrumbList","@id":"https:\/\/pszczoly.info\/en\/apiterapia\/#breadcrumb","itemListElement":[{"@type":"ListItem","position":1,"name":"Strona g\u0142\u00f3wna","item":"https:\/\/pszczoly.info\/"},{"@type":"ListItem","position":2,"name":"APITERAPIA"}]},{"@type":"WebSite","@id":"https:\/\/pszczoly.info\/#website","url":"https:\/\/pszczoly.info\/","name":"Blog pszczelarski","description":"Pszczelarstwo - Produkty pszczelarskie - Sprz\u0119t pszczelarski Twoje centrum pszczelarskie","publisher":{"@id":"https:\/\/pszczoly.info\/#organization"},"alternateName":"Pszczelarstwo - informacje, artyku\u0142y","potentialAction":[{"@type":"SearchAction","target":{"@type":"EntryPoint","urlTemplate":"https:\/\/pszczoly.info\/?s={search_term_string}"},"query-input":{"@type":"PropertyValueSpecification","valueRequired":true,"valueName":"search_term_string"}}],"inLanguage":"en-US"},{"@type":"Organization","@id":"https:\/\/pszczoly.info\/#organization","name":"Centrum Pszczelarskie \u0141ukasiewicz","url":"https:\/\/pszczoly.info\/","logo":{"@type":"ImageObject","inLanguage":"en-US","@id":"https:\/\/pszczoly.info\/#\/schema\/logo\/image\/","url":"https:\/\/pszczoly.info\/wp-content\/uploads\/2016\/11\/cropped-pszczoly-logo-2-1.png","contentUrl":"https:\/\/pszczoly.info\/wp-content\/uploads\/2016\/11\/cropped-pszczoly-logo-2-1.png","width":282,"height":94,"caption":"Centrum Pszczelarskie \u0141ukasiewicz"},"image":{"@id":"https:\/\/pszczoly.info\/#\/schema\/logo\/image\/"}}]}},"_links":{"self":[{"href":"https:\/\/pszczoly.info\/en\/wp-json\/wp\/v2\/pages\/8","targetHints":{"allow":["GET"]}}],"collection":[{"href":"https:\/\/pszczoly.info\/en\/wp-json\/wp\/v2\/pages"}],"about":[{"href":"https:\/\/pszczoly.info\/en\/wp-json\/wp\/v2\/types\/page"}],"author":[{"embeddable":true,"href":"https:\/\/pszczoly.info\/en\/wp-json\/wp\/v2\/users\/1"}],"replies":[{"embeddable":true,"href":"https:\/\/pszczoly.info\/en\/wp-json\/wp\/v2\/comments?post=8"}],"version-history":[{"count":9,"href":"https:\/\/pszczoly.info\/en\/wp-json\/wp\/v2\/pages\/8\/revisions"}],"predecessor-version":[{"id":302,"href":"https:\/\/pszczoly.info\/en\/wp-json\/wp\/v2\/pages\/8\/revisions\/302"}],"wp:featuredmedia":[{"embeddable":true,"href":"https:\/\/pszczoly.info\/en\/wp-json\/wp\/v2\/media\/276"}],"wp:attachment":[{"href":"https:\/\/pszczoly.info\/en\/wp-json\/wp\/v2\/media?parent=8"}],"curies":[{"name":"wp","href":"https:\/\/api.w.org\/{rel}","templated":true}]}}