{"id":77,"date":"2015-09-28T22:34:11","date_gmt":"2015-09-28T20:34:11","guid":{"rendered":"http:\/\/dev.pszczoly.info\/?page_id=77"},"modified":"2017-09-21T13:11:46","modified_gmt":"2017-09-21T11:11:46","slug":"wosk-pszczeli","status":"publish","type":"page","link":"https:\/\/pszczoly.info\/en\/wosk-pszczeli\/","title":{"rendered":"WOSK PSZCZELI"},"content":{"rendered":"<p><\/p>\n<p><strong>CZYM JEST WOSK?<\/p>\n<p><\/strong>Wosk rozpuszcza si\u0119 dobrze, zw\u0142aszcza na gor\u0105co, w rozpuszczalnikach organicznych: benzenie, chloroformie, acetonie, tr&oacute;jchloroetylenie, czterochlorku w\u0119gla, benzynie. W alkoholu etylowym rozpuszczaj\u0105 si\u0119 tylko niekt&oacute;re zwi\u0105zki wchodz\u0105ce w sk\u0142ad wosku.<br \/>G\u0119sto\u015b\u0107 wosku wynosi 0,954-0,969 g\/cm3<br \/>Temperatura topnienia 62,3-65,2 0C<br \/>Ma przyjemny, charakterystyczny zapach i barw\u0119.<\/p>\n<p>W ofercie posiadamy \u015bwiece woskowe r&oacute;\u017cnych wzor&oacute;w i rodzaj&oacute;w.<br \/>Cena \u015bwiecy uzale\u017cniona jest od jej wielko\u015bci.<\/p>\n<p>Oferujemy tak\u017ce naturalny wosk pszczeli, sklarowany, 1 klasy czysto\u015bci, bez \u017cadnych dodatk&oacute;w i uszlachetniaczy.<br \/>Wosk mo\u017cemy u\u017cywa\u0107 do:<br \/>&#8211; wykonania prawdziwych \u015bwiec i figur woskowych<br \/>&#8211; renowacji mebli<br \/>&#8211; renowacji broni<br \/>&#8211; renowacji i woskowania siode\u0142 je\u017adzieckich, rzemieni, sk&oacute;r&#8230;<\/p>\n<p>Dost\u0119pny w ilo\u015bciach detalicznych i hurtowych.<br \/>Zajmujemy si\u0119 dystrybucj\u0105 wosku pszczelego do du\u017cych zak\u0142ad&oacute;w kosmetycznych.<br \/>\u015awiece woskowe w szerokim wyborze, wosk pszczeli do mebli, drewna, sk&oacute;r, powierzchni lakierowanych, powierzchni kamiennych i naturalny wosk pszczeli s\u0105 dost\u0119pne w naszym sklepie internetowym:<br \/><a href=\"https:\/\/pszczoly.info\/sklep\" target=\"_blank\">www.pszczelnictwo.com.pl\/sklep<\/a><\/p>\n<p><\/p>","protected":false},"excerpt":{"rendered":"<div class=\"mh-excerpt\"><p>Sorry, this entry is only available in Polski.<\/p>\n<\/div>","protected":false},"author":1,"featured_media":0,"parent":0,"menu_order":0,"comment_status":"closed","ping_status":"closed","template":"","meta":{"footnotes":""},"class_list":["post-77","page","type-page","status-publish","hentry"],"yoast_head":"<!-- This site is optimized with the Yoast SEO plugin v26.9 - https:\/\/yoast.com\/product\/yoast-seo-wordpress\/ -->\n<title>Wosk pszczeli - pochodzenie, zastosowanie, sprzeda\u017c | Blog pszczelarski<\/title>\n<meta name=\"description\" content=\"Wosk pszczeli - pochodzenie, zastosowanie, sprzeda\u017c. Naturalny wosk pszczeli i jego wytwory do kupienia przez internet! Sklep pszczelarski ON-LINE!\" \/>\n<meta name=\"robots\" content=\"index, follow, max-snippet:-1, max-image-preview:large, max-video-preview:-1\" \/>\n<link rel=\"canonical\" href=\"https:\/\/pszczoly.info\/wosk-pszczeli\/\" \/>\n<meta property=\"og:locale\" content=\"en_US\" \/>\n<meta property=\"og:type\" content=\"article\" \/>\n<meta property=\"og:title\" content=\"Wosk pszczeli - pochodzenie, zastosowanie, sprzeda\u017c | Blog pszczelarski\" \/>\n<meta property=\"og:description\" content=\"Wosk pszczeli - pochodzenie, zastosowanie, sprzeda\u017c. Naturalny wosk pszczeli i jego wytwory do kupienia przez internet! Sklep pszczelarski ON-LINE!\" \/>\n<meta property=\"og:url\" content=\"https:\/\/pszczoly.info\/wosk-pszczeli\/\" \/>\n<meta property=\"og:site_name\" content=\"pszczoly.info\" \/>\n<meta property=\"article:modified_time\" content=\"2017-09-21T11:11:46+00:00\" \/>\n<meta name=\"twitter:card\" content=\"summary_large_image\" \/>\n<meta name=\"twitter:label1\" content=\"Est. reading time\" \/>\n\t<meta name=\"twitter:data1\" content=\"2 minutes\" \/>\n<script type=\"application\/ld+json\" class=\"yoast-schema-graph\">{\"@context\":\"https:\/\/schema.org\",\"@graph\":[{\"@type\":\"WebPage\",\"@id\":\"https:\/\/pszczoly.info\/wosk-pszczeli\/\",\"url\":\"https:\/\/pszczoly.info\/wosk-pszczeli\/\",\"name\":\"Wosk pszczeli - pochodzenie, zastosowanie, sprzeda\u017c | Blog pszczelarski\",\"isPartOf\":{\"@id\":\"https:\/\/pszczoly.info\/#website\"},\"datePublished\":\"2015-09-28T20:34:11+00:00\",\"dateModified\":\"2017-09-21T11:11:46+00:00\",\"description\":\"Wosk pszczeli - pochodzenie, zastosowanie, sprzeda\u017c. Naturalny wosk pszczeli i jego wytwory do kupienia przez internet! Sklep pszczelarski ON-LINE!\",\"breadcrumb\":{\"@id\":\"https:\/\/pszczoly.info\/wosk-pszczeli\/#breadcrumb\"},\"inLanguage\":\"en-US\",\"potentialAction\":[{\"@type\":\"ReadAction\",\"target\":[\"https:\/\/pszczoly.info\/wosk-pszczeli\/\"]}]},{\"@type\":\"BreadcrumbList\",\"@id\":\"https:\/\/pszczoly.info\/wosk-pszczeli\/#breadcrumb\",\"itemListElement\":[{\"@type\":\"ListItem\",\"position\":1,\"name\":\"Strona g\u0142\u00f3wna\",\"item\":\"https:\/\/pszczoly.info\/\"},{\"@type\":\"ListItem\",\"position\":2,\"name\":\"WOSK PSZCZELI\"}]},{\"@type\":\"WebSite\",\"@id\":\"https:\/\/pszczoly.info\/#website\",\"url\":\"https:\/\/pszczoly.info\/\",\"name\":\"Blog pszczelarski\",\"description\":\"Pszczelarstwo - Produkty pszczelarskie - Sprz\u0119t pszczelarski Twoje centrum pszczelarskie\",\"publisher\":{\"@id\":\"https:\/\/pszczoly.info\/#organization\"},\"alternateName\":\"Pszczelarstwo - informacje, artyku\u0142y\",\"potentialAction\":[{\"@type\":\"SearchAction\",\"target\":{\"@type\":\"EntryPoint\",\"urlTemplate\":\"https:\/\/pszczoly.info\/?s={search_term_string}\"},\"query-input\":{\"@type\":\"PropertyValueSpecification\",\"valueRequired\":true,\"valueName\":\"search_term_string\"}}],\"inLanguage\":\"en-US\"},{\"@type\":\"Organization\",\"@id\":\"https:\/\/pszczoly.info\/#organization\",\"name\":\"Centrum Pszczelarskie \u0141ukasiewicz\",\"url\":\"https:\/\/pszczoly.info\/\",\"logo\":{\"@type\":\"ImageObject\",\"inLanguage\":\"en-US\",\"@id\":\"https:\/\/pszczoly.info\/#\/schema\/logo\/image\/\",\"url\":\"https:\/\/pszczoly.info\/wp-content\/uploads\/2016\/11\/cropped-pszczoly-logo-2-1.png\",\"contentUrl\":\"https:\/\/pszczoly.info\/wp-content\/uploads\/2016\/11\/cropped-pszczoly-logo-2-1.png\",\"width\":282,\"height\":94,\"caption\":\"Centrum Pszczelarskie \u0141ukasiewicz\"},\"image\":{\"@id\":\"https:\/\/pszczoly.info\/#\/schema\/logo\/image\/\"}}]}<\/script>\n<!-- \/ Yoast SEO plugin. -->","yoast_head_json":{"title":"Wosk pszczeli - pochodzenie, zastosowanie, sprzeda\u017c | Blog pszczelarski","description":"Wosk pszczeli - pochodzenie, zastosowanie, sprzeda\u017c. Naturalny wosk pszczeli i jego wytwory do kupienia przez internet! Sklep pszczelarski ON-LINE!","robots":{"index":"index","follow":"follow","max-snippet":"max-snippet:-1","max-image-preview":"max-image-preview:large","max-video-preview":"max-video-preview:-1"},"canonical":"https:\/\/pszczoly.info\/wosk-pszczeli\/","og_locale":"en_US","og_type":"article","og_title":"Wosk pszczeli - pochodzenie, zastosowanie, sprzeda\u017c | Blog pszczelarski","og_description":"Wosk pszczeli - pochodzenie, zastosowanie, sprzeda\u017c. Naturalny wosk pszczeli i jego wytwory do kupienia przez internet! Sklep pszczelarski ON-LINE!","og_url":"https:\/\/pszczoly.info\/wosk-pszczeli\/","og_site_name":"pszczoly.info","article_modified_time":"2017-09-21T11:11:46+00:00","twitter_card":"summary_large_image","twitter_misc":{"Est. reading time":"2 minutes"},"schema":{"@context":"https:\/\/schema.org","@graph":[{"@type":"WebPage","@id":"https:\/\/pszczoly.info\/wosk-pszczeli\/","url":"https:\/\/pszczoly.info\/wosk-pszczeli\/","name":"Wosk pszczeli - pochodzenie, zastosowanie, sprzeda\u017c | Blog pszczelarski","isPartOf":{"@id":"https:\/\/pszczoly.info\/#website"},"datePublished":"2015-09-28T20:34:11+00:00","dateModified":"2017-09-21T11:11:46+00:00","description":"Wosk pszczeli - pochodzenie, zastosowanie, sprzeda\u017c. Naturalny wosk pszczeli i jego wytwory do kupienia przez internet! Sklep pszczelarski ON-LINE!","breadcrumb":{"@id":"https:\/\/pszczoly.info\/wosk-pszczeli\/#breadcrumb"},"inLanguage":"en-US","potentialAction":[{"@type":"ReadAction","target":["https:\/\/pszczoly.info\/wosk-pszczeli\/"]}]},{"@type":"BreadcrumbList","@id":"https:\/\/pszczoly.info\/wosk-pszczeli\/#breadcrumb","itemListElement":[{"@type":"ListItem","position":1,"name":"Strona g\u0142\u00f3wna","item":"https:\/\/pszczoly.info\/"},{"@type":"ListItem","position":2,"name":"WOSK PSZCZELI"}]},{"@type":"WebSite","@id":"https:\/\/pszczoly.info\/#website","url":"https:\/\/pszczoly.info\/","name":"Blog pszczelarski","description":"Pszczelarstwo - Produkty pszczelarskie - Sprz\u0119t pszczelarski Twoje centrum pszczelarskie","publisher":{"@id":"https:\/\/pszczoly.info\/#organization"},"alternateName":"Pszczelarstwo - informacje, artyku\u0142y","potentialAction":[{"@type":"SearchAction","target":{"@type":"EntryPoint","urlTemplate":"https:\/\/pszczoly.info\/?s={search_term_string}"},"query-input":{"@type":"PropertyValueSpecification","valueRequired":true,"valueName":"search_term_string"}}],"inLanguage":"en-US"},{"@type":"Organization","@id":"https:\/\/pszczoly.info\/#organization","name":"Centrum Pszczelarskie \u0141ukasiewicz","url":"https:\/\/pszczoly.info\/","logo":{"@type":"ImageObject","inLanguage":"en-US","@id":"https:\/\/pszczoly.info\/#\/schema\/logo\/image\/","url":"https:\/\/pszczoly.info\/wp-content\/uploads\/2016\/11\/cropped-pszczoly-logo-2-1.png","contentUrl":"https:\/\/pszczoly.info\/wp-content\/uploads\/2016\/11\/cropped-pszczoly-logo-2-1.png","width":282,"height":94,"caption":"Centrum Pszczelarskie \u0141ukasiewicz"},"image":{"@id":"https:\/\/pszczoly.info\/#\/schema\/logo\/image\/"}}]}},"_links":{"self":[{"href":"https:\/\/pszczoly.info\/en\/wp-json\/wp\/v2\/pages\/77","targetHints":{"allow":["GET"]}}],"collection":[{"href":"https:\/\/pszczoly.info\/en\/wp-json\/wp\/v2\/pages"}],"about":[{"href":"https:\/\/pszczoly.info\/en\/wp-json\/wp\/v2\/types\/page"}],"author":[{"embeddable":true,"href":"https:\/\/pszczoly.info\/en\/wp-json\/wp\/v2\/users\/1"}],"replies":[{"embeddable":true,"href":"https:\/\/pszczoly.info\/en\/wp-json\/wp\/v2\/comments?post=77"}],"version-history":[{"count":5,"href":"https:\/\/pszczoly.info\/en\/wp-json\/wp\/v2\/pages\/77\/revisions"}],"predecessor-version":[{"id":572,"href":"https:\/\/pszczoly.info\/en\/wp-json\/wp\/v2\/pages\/77\/revisions\/572"}],"wp:attachment":[{"href":"https:\/\/pszczoly.info\/en\/wp-json\/wp\/v2\/media?parent=77"}],"curies":[{"name":"wp","href":"https:\/\/api.w.org\/{rel}","templated":true}]}}