{"id":74,"date":"2015-09-28T22:32:54","date_gmt":"2015-09-28T20:32:54","guid":{"rendered":"http:\/\/dev.pszczoly.info\/?page_id=74"},"modified":"2018-08-23T10:03:07","modified_gmt":"2018-08-23T08:03:07","slug":"jad-pszczeli","status":"publish","type":"page","link":"https:\/\/pszczoly.info\/en\/jad-pszczeli\/","title":{"rendered":"JAD PSZCZELI"},"content":{"rendered":"<p>Wytwarzanie jadu<\/p>\n<p>Jad pszczeli jest to sk\u0142adowa wydzielin dw\u00f3ch gruczo\u0142\u00f3w:<\/p>\n<p>jadowego (produkuje substancj\u0119 o odczynie kwa\u015bnym, czyli w\u0142a\u015bciwy jad<br \/>\nalkalicznego (produkuje ciecz o charakterze zasadowym, s\u0142u\u017c\u0105c\u0105 do zwil\u017cania aparatu \u017c\u0105d\u0142owego i neutralizacji resztek jadu)<br \/>\nJak pozyskiwa\u0107?<\/p>\n<p>Do pozyskiwania czystego jadu s\u0142u\u017cy specjalny przyrz\u0105d, kt\u00f3ry wytwarzaj\u0105c bod\u017ace elektryczne, powoduje, \u017ce pszczo\u0142y \u017c\u0105dl\u0105 pod\u0142o\u017con\u0105 pod elektrodami nylonow\u0105 tkanin\u0119. Po zaschni\u0119ciu zeskrobuje si\u0119 jad z tkaniny do hermetycznie zamykanego naczynia, gdzie mo\u017cna przechowywa\u0107 go przez d\u0142u\u017cszy czas. Cz\u0119sto przy schorzeniach reumatycznych osoby leczone poddaj\u0105 si\u0119 bezpo\u015brednim u\u017c\u0105dleniom pszczo\u0142y.<\/p>\n<p>U\u017c\u0105dlenia<\/p>\n<p>Reakcja ludzi na u\u017c\u0105dlenia jest bardzo r\u00f3\u017cna. W wi\u0119kszo\u015bci przypadk\u00f3w jest to miejscowy obrz\u0119k zapalny, kt\u00f3ry schodzi po 2-3 dniach. W miejscach bardziej wra\u017cliwych tj.: okolice oczu, warg oraz wewn\u0105trz jamy ustnej opuchlizna jest silniejsza, a w tym ostatnim przypadku mo\u017ce doprowadzi\u0107 do uduszenia. U ludzi uczulonych na jad pszczeli reakcja ma charakter og\u00f3lny. Mo\u017ce wyst\u0105pi\u0107 pokrzywka na ca\u0142ym ciele( w ci\u0105gu 15-20 minut po u\u017c\u0105dleniu), silne pieczenie i sw\u0119dzenie cia\u0142a, zaburzenia w oddychaniu, omdlenia, a nawet szok anafilaktyczny i \u015bmier\u0107 w ci\u0105gu kilkunastu minut. Jad pszczeli jest trucizn\u0105, dlatego u pszczelarzy na og\u00f3\u0142 uodpornionych, w przypadku bardzo licznych u\u017cadle\u0144 (ponad 200) mo\u017ce nast\u0105pi\u0107 og\u00f3lne zatrucie organizmu. W takich przypadkach stosuje si\u0119 surowic\u0119 przeciwjadow\u0105 wykorzystywan\u0105 przy uk\u0105szeniach przez \u017cmije.<\/p>\n<p>Apitoksynoterapia<\/p>\n<p>Leczenie jadem jest nazywane apitoksynoterapi\u0105. Wskazaniem s\u0105 reumatyczne zapalenie staw\u00f3w, zesztywniaj\u0105ce zapalenie staw\u00f3w kr\u0119gos\u0142upa i zwyrodnienia staw\u00f3w. Jad pomaga w leczeniu zapalenia b\u0142ony \u015bluzowej j\u0119zyka i paradontozy, blizn pooperacyjnych i trudno goj\u0105cych si\u0119 ran. Korzysta z niego ginekologia i alergologia zw\u0142aszcza w leczeniu astmy atopowej oskrzelowej. Sprawdzi\u0142 si\u0119 w zwalczaniu chor\u00f3b naczy\u0144 obwodowych, zapalenia mi\u0119\u015bnia sercowego na tle reumatycznym i nadci\u015bnienia t\u0119tniczego.<\/p>\n<p>W celach leczniczych stosuje si\u0119 kuracj\u0119 u\u017c\u0105dleniow\u0105, ma\u015bci do wcierania, roztwory do iniekcji, tabletki do jonoforezy, elektroforez\u0119, fonoforez\u0119 i chemoakupunktur\u0119. W Polsce nie wytwarza si\u0119 preparat\u00f3w z jadem pszczelim. W aptekach dost\u0119pne s\u0105 preparaty produkowane za granic\u0105: niemiecki (Apizartron, Farapin), rosyjski (Apifor), francuski (Apiven) czy czeski (Virapin).<\/p>\n<p>W ofercie sklepu Centrum pszczelarskie \u0141ukasiewicz s\u0105 dwie ma\u015bci z jadem pszczelim:<br \/>\n&#8211; ma\u015b\u0107 500j\/1000g dost\u0119pna tutaj:<br \/>\nhttps:\/\/pszczelnictwo.com.pl\/shop\/product\/jad-pszczeli-w-kremie-500j<br \/>\n&#8211; ma\u015b\u0107 1000j\/1000g dost\u0119pna tutaj:<br \/>\nhttps:\/\/pszczelnictwo.com.pl\/shop\/product\/jad-pszczeli-w-kremie-1000j<br \/>\nDo produkt\u00f3w jest za\u0142\u0105czona dok\u0142adna ulotka z zastosowaniem preparat\u00f3w.<\/p>\n<p>\u017ar\u00f3d\u0142o:<br \/>\nwww.uwm.edu.pl<\/p>\n<p>Jad i wosk pszczeli<\/p>\n<p>Jest jeszcze jeden produkt pszczeli, kt\u00f3ry by\u0107 mo\u017ce w przysz\u0142o\u00ad\u015bci b\u0119dzie mia\u0142 coraz szersze zastosowanie w leczeniu. Mowa o jadzie pszczelim. \u017b\u0105d\u0142o pszczo\u0142y jest zaopatrzone w pewn\u0105 porcj\u0119 jadu. Ilo\u015b\u0107 jadu wprowadzona do cia\u0142a cz\u0142owieka przez pszczo\u0142\u0119 w czasie u\u017c\u0105dlenia wynosi ok. 0,012 mg. Jego minimalna dawka wystarcza do wywo\u0142ania reakcji bardzo przykrych dla organizmu ludzkiego. Najsilniejsz\u0105 opuchlizn\u0119 wywo\u0142uje u\u017c\u0105dlenie w okolicy oka, w usta oraz wewn\u0105trz jamy ustnej. To ostatnie mo\u017ce zagra\u017ca\u0107 \u017cyciu&#8230;&#8230;. <\/p>\n<p>500 u\u017c\u0105dle\u0144 powoduje z regu\u0142y \u015bmier\u0107 wskutek og\u00f3lnego zatrucia organizmu. Jad pszczeli ma w\u0142a\u015bciwo\u015b\u0107 niszczenia krwinek czerwonych, a wi\u0119c wykazuje dzia\u0142anie hemolityczne. Jak po\u00adst\u0119powa\u0107 w razie u\u017c\u0105dlenia przez pszczo\u0142\u0119? Przede wszystkim nie nale\u017cy dopu\u015bci\u0107, aby ca\u0142a porcja jadu. zawarta w p\u0119cherzyku jadowym wla\u0142a si\u0119 do ranki i dlatego trzeba jak najszybciej aparat \u017c\u0105d\u0142owy usun\u0105\u0107 przez wyskrobanie go po prostu paznokciem lub ostrzem scyzoryka. Nie nale\u017cy go chwyta\u0107 palcami, gdy\u017c w ten spos\u00f3b powoduje si\u0119 wyciskanie dalszych porcji jadu z p\u0119cherzyka jadowego. W razie silnego zatrucia jadem nale\u017cy bezzw\u0142ocznie uda\u0107 si\u0119 do lekarza.Jad pszczeli wszed\u0142 jako jedyny produkt pszczeli do zestawu lekarstw oficjalnie uznawanych przez medycyn\u0119 na ca\u0142ym \u015bwiecie. Posiada w\u0142a\u015bciwo\u015bci bakteriob\u00f3jcze. Jego sk\u0142ad chemiczny jest niedostatecznie zbadany. Wiadomo, \u017ce zawiera wap\u0144, magnez, fosfor, czysty w\u0119giel, wod\u00f3r, azot i siark\u0119. 57 proc. suchej masy stanowi\u0105 bia\u0142ka. Mo\u017cna go przechowywa\u0107 bez szkody w temp. do 100 stopni C. Leczenie jadem mo\u017ce odbywa\u0107 si\u0119 wy\u0142\u0105cznie pod nadzorem lekarza specjalisty. Stosuje si\u0119 go w formie ma\u015bci, zastrzyk\u00f3w a tak\u017ce bezpo\u015brednich iniekcji \u017c\u0105d\u0142ami pszcz\u00f3\u0142, uwa\u017ca\u00adnych za najskuteczniejsze. Stosowanie jadu pszczelego u chorych na serce, w\u0105trob\u0119, nerki i trzustk\u0119 nie jest wskazane. Nie mo\u017cna stosowa\u0107 go przy cukrzycy, przy wycie\u0144czeniu organizmu, w gru\u017alicy, schorzeniach o\u015brod\u00adkowego uk\u0142adu nerwowego i przy wszelkich chorobach zaka\u017anych. Ankieta rozpisana w\u015br\u00f3d pszczelarzy ca\u0142ego \u015bwiata na temat leczenia jadem pszczelim wykaza\u0142a, \u017ce 58 proc. pszczelarzy wyle\u00adczy\u0142o si\u0119 ca\u0142kowicie z reumatyzmu dzi\u0119ki pracy w pasiece, 29 proc. dozna\u0142o znacznej poprawy zdrowia. Badania w tym zakresie trwaj\u0105. Medycyna ludowa traktowa\u0142a jad pszczeli jako skuteczny \u015brodek leczniczy w r\u00f3\u017cnych postaciach reumatyzmu. Uczeni zaobserwowali dzia\u0142anie jadu pszczelego na wzmo\u017cone wytwarzanie hemoglobiny we krwi, na rozszerzanie si\u0119 ma\u0142ych arterii i naczy\u0144 w\u0142osowatych, obni\u017canie si\u0119 ci\u015bnienia i regulacj\u0119 przemiany materii. W krajach zachodnich (Francja, Szwajcaria, Niemcy) od 30 lat produkowane s\u0105 preparaty jadowe w zastrzykach i do wcierania. Na zako\u0144czenie omawiania produkt\u00f3w pszczelich wspomn\u0119 tylko w kilku zdaniach o wosku. G\u0142\u00f3wnym surowcem, z kt\u00f3rego pszczo\u0142y wytwarzaj\u0105 wosk s\u0105 cukry. Jedna \u0142useczka woskowa wa\u017cy przeci\u0119tnie od 0,0008 do 0,002 g. Na jeden kilogram wosku potrzeba oko\u0142o l miliona \u0142useczek. Wosk jest najrzadziej ze wszystkich produkt\u00f3w pszczelich stosowany w lecznictwie. Prze\u00admys\u0142 farmaceutyczny u\u017cywa go bowiem tylko jako dodatku do wyrobu ma\u015bci, pomad i plastr\u00f3w. W medycynie ludowej zaleca si\u0119 \u017cucie pustych plastr\u00f3w przy chorobach g\u00f3rnych dr\u00f3g oddecho\u00adwych (l \u0142y\u017ceczk\u0119 plastra miodu dziennie). Oczywi\u015bcie wosk jako niestrawny nale\u017cy wyplu\u0107. Przy sk\u0142onno\u015bci do uczule\u0144 \u017cucie plastr\u00f3w miodu dzia\u0142a antyalergicznie. Prowadzi si\u0119 te\u017c prace badawcze nad wykorzystaniem mikroatmosfery panuj\u0105cej w ulu.<\/p>\n<p>\u017ar\u00f3d\u0142o:<br \/>\nDr Jacek Roik &#8211; profilaktyka chor\u00f3b cywilizacyjnych<\/p>\n<p>Jad<\/p>\n<p>Produkuj\u0105 go pszczo\u0142y-robotnice i pszczo\u0142a-matka. Trutnie pozbawione s\u0105 tej zdolno\u015bci. Jad powstaje w gruczo\u0142ach jadowych mieszcz\u0105cych si\u0119 w tylnej cz\u0119\u015bci odw\u0142oka i gromadzony jest w zbiorniku jadowym. Zbiornik ten mo\u017ce zawiera\u0107 ok. 80 mikrogram\u00f3w jadu. Pszczo\u0142a-matka produkuje jad ca\u0142e \u017cycie, natomiast pszczo\u0142a-robotnica od 2 do 20 dnia \u017cycia. Jad s\u0142u\u017cy do obrony. Po u\u017c\u0105dleniu cz\u0142owieka do sk\u00f3ry przedostaje si\u0119 ok. 12 mikrogram\u00f3w jadu. Jest substancj\u0105 bezbarwn\u0105, wodnist\u0105, o silnym dzia\u0142aniu biotycznym. Jad pszczeli, pod wzgl\u0119dem biotycznym, to koncentrat enzymatyczno-hormonalny.<br \/>\nWskazania i przeciwwskazania:<br \/>\nPodstawowym przeciwwskazaniem do stosowania jadu pszczelego jest indywidualna nadwra\u017cliwo\u015b\u0107 na ten produkt. Leczenie przy u\u017cyciu jadu nale\u017cy prowadzi\u0107 wed\u0142ug zalece\u0144 lekarza i pod jego nadzorem. Jadu pszczelego nie stosuje si\u0119 u dzieci poni\u017cej 5 lat, u os\u00f3b powy\u017cej 70 roku \u017cycia, u kobiet w ci\u0105\u017cy i okresach os\u0142abienia organizmu. Najstarszym sposobem leczenia s\u0105 u\u017c\u0105dlenia przez pszczo\u0142y najcz\u0119\u015bciej zewn\u0119trznych powierzchni ud i ramion &#8211; razem oko\u0142o 30 u\u017c\u0105dle\u0144 w czasie jednego pe\u0142nego cyklu leczenia poczynaj\u0105c od u\u017c\u0105dlenia jednej pszczo\u0142y, a w ci\u0105gu nast\u0119pnych dni zwi\u0119ksza si\u0119 stopniowo ilo\u015b\u0107 u\u017c\u0105dle\u0144. Inne metody podaj\u0105 nawet 180 &#8211; 200 u\u017c\u0105dle\u0144 w trakcie jednego cyklu leczenia. Wsp\u00f3\u0142czesne metody leczenia polegaj\u0105 na wstrzykni\u0119ciu standaryzowanych, ja\u0142owych preparat\u00f3w jadu pszczelego podsk\u00f3rnie w okolice ogniska chorobowego. Jad pszczeli mo\u017cna wprowadza\u0107 tak\u017ce pod sk\u00f3r\u0119 przy pomocy pr\u0105du elektrycznego o ma\u0142ym nat\u0119\u017ceniu lub energii ultrad\u017awi\u0119kowej (elektroforeza lecznicza lub fonoforeza). Jad pszczeli w ma\u015bciach i mazid\u0142ach stosuje si\u0119 wcieraj\u0105c w bol\u0105ce miejsca rano i wieczorem. W Polsce nie produkuje si\u0119 preparat\u00f3w na bazie jadu pszczelego.<br \/>\nZastosowanie jadu pszczelego:<br \/>\nchoroby reumatyczne reumatoidalne zapalenie staw\u00f3w, zesztywniaj\u0105ce zapalenie staw\u00f3w kr\u0119gos\u0142upa, go\u015bciec zwyradniaj\u0105cy<br \/>\nchoroby uk\u0142adu nerwowego nerwob\u00f3le (rwa kulszowa, lumbago), zapalenie wielonerwowe<br \/>\nchoroby serca i naczy\u0144 obwodowych zapalenie mi\u0119\u015bnia sercowego na tle reumatycznym, mia\u017cd\u017cyca zarostowa ko\u0144czyn dolnych i zapalenie naczy\u0144 krwiono\u015bnych zakrzepowo &#8211; zarostowe (choroba Buergera)<br \/>\nzespo\u0142y b\u00f3lowe pourazowe dyskopatie, pora\u017cenia nerw\u00f3w spowodowane nag\u0142ym och\u0142odzeniem lub urazem, zapalenie kaletek maziowych i pochewek \u015bci\u0119gien, zwichni\u0119cia <\/p>\n<p>Naukowcy uwa\u017caj\u0105&#8230;<\/p>\n<p>Naukowcy z Chorwacji uwa\u017caj\u0105, \u017ce produkty wytwarzane przez pszczo\u0142y, jak mi\u00f3d, propolis (kit pszczeli), mleczko pszczele, a nawet jad pszczeli, mog\u0105 znale\u017a\u0107 zastosowanie w leczeniu i prewencji nowotwor\u00f3w.<\/p>\n<p>Wyniki ich bada\u0144 na myszach publikuje pismo \\&#8221;Journal of the Science of Food and Agriculture\\&#8221;. <\/p>\n<p>Zesp\u00f3\u0142 Nady Orsolic z Uniwersytetu w Zagrzebiu analizowa\u0142 skuteczno\u015b\u0107 produkt\u00f3w pszczelich w prewencji i leczeniu raka u myszy, u kt\u00f3rych rozw\u00f3j nowotworu wywo\u0142ywano poprzez wstrzykni\u0119cie kom\u00f3rek nowotworowych. <\/p>\n<p>Zwierz\u0119tom podawano r\u00f3\u017cne produkty &#8211; mi\u00f3d, kit i mleczko pszczele, a nawet jad &#8211; zar\u00f3wno doustnie jak i w zastrzykach. Cz\u0119\u015b\u0107 myszy otrzymywa\u0142a je jeszcze przed wstrzykni\u0119ciem kom\u00f3rek nowotworowych, a inne ju\u017c po ich wstrzykni\u0119ciu. <\/p>\n<p>\\&#8221;Okaza\u0142o si\u0119, \u017ce produkty pszczele wyra\u017anie spowalnia\u0142y wzrost guz\u00f3w, jak r\u00f3wnie\u017c ich przerzuty do innych organ\u00f3w i tkanek, wyd\u0142u\u017ca\u0142y te\u017c \u017cycie zwierz\u0105t\\&#8221; &#8211; komentuje dr Orsolic. <\/p>\n<p>Propolis i zawarty w nim kwas kawowy znacznie ogranicza\u0142y wzrost guz\u00f3w podsk\u00f3rnych i sprzyja\u0142y d\u0142u\u017cszemu prze\u017cyciu zwierz\u0105t. Mi\u00f3d podawany przed wstrzykni\u0119ciem kom\u00f3rek nowotworu hamowa\u0142 przerzuty raka. Wstrzykiwanie mleczka pszczelego r\u00f3wnie\u017c znacznie ogranicza\u0142o tworzenie przerzut\u00f3w. <\/p>\n<p>Z kolei wstrzykiwanie jadu pszczelego bezpo\u015brednio do guza, powodowa\u0142o zmniejszenie jego rozmiar\u00f3w i op\u00f3\u017anienie wzrostu. Myszy, kt\u00f3rym wstrzykiwano jad \u017cy\u0142y ponadto d\u0142u\u017cej od nieleczonych r\u00f3wie\u015bniczek. <\/p>\n<p>Produkty pszczele s\u0105 \u017ar\u00f3d\u0142em cennych substancji od\u017cywczych (jak bia\u0142ka, t\u0142uszcze czy w\u0119glowodany), ale te\u017c witamin (np. z grupy B), r\u00f3\u017cnych pierwiastk\u00f3w (potas, wap\u0144, \u017celazo, magnez). W kicie zawarte s\u0105 na przyk\u0142ad flawonoidy ro\u015blinne &#8211; zwi\u0105zki doskonale neutralizuj\u0105ce wolne rodniki oraz r\u00f3\u017cne kwasy i \u017cywice. Maja one dzia\u0142anie odka\u017caj\u0105ce, przeciwzapalne, odtruwaj\u0105ce, regeneruj\u0105ce, a ponadto wzmacniaj\u0105 odporno\u015b\u0107. <\/p>\n<p>Jednak mechanizm przeciwnowotworowego dzia\u0142ania produkt\u00f3w pszczelich nie jest na razie znany. Autorzy spekuluj\u0105, \u017ce by\u0107 mo\u017ce wywo\u0142uj\u0105 one apoptoz\u0119 kom\u00f3rek raka, czyli programowan\u0105, samob\u00f3jcz\u0105 \u015bmier\u0107, mog\u0105 te\u017c wp\u0142ywa\u0107 na nie toksycznie lub pobudza\u0107 uk\u0142ad odporno\u015bci do walki z nimi. <\/p>\n<p>Zdaniem badaczy, ich wyniki wskazuj\u0105, \u017ce produkty pszczele mog\u0105 znale\u017a\u0107 zastosowanie w leczeniu chor\u00f3b nowotworowych, mog\u0105 te\u017c dawa\u0107 dobre wyniki w ich prewencji. Dr Orsolic uwa\u017ca, \u017ce celowe by\u0142oby sprawdzenie na pacjentach terapii, kt\u00f3ra polega\u0142aby na po\u0142\u0105czeniu lek\u00f3w chemioterapeutycznych z miodem lub propolisem.<\/p>\n<p>\u017ar\u00f3d\u0142o:<br \/>\nsciaga.pl &#8211; wykorzystanie produkt\u00f3w pszczelich w lecznictwie<br \/>\nautor: dirtywoman<\/p>","protected":false},"excerpt":{"rendered":"<div class=\"mh-excerpt\"><p>Sorry, this entry is only available in Polski.<\/p>\n<\/div>","protected":false},"author":1,"featured_media":0,"parent":0,"menu_order":0,"comment_status":"closed","ping_status":"closed","template":"","meta":{"footnotes":""},"class_list":["post-74","page","type-page","status-publish","hentry"],"yoast_head":"<!-- This site is optimized with the Yoast SEO plugin v26.9 - https:\/\/yoast.com\/product\/yoast-seo-wordpress\/ -->\n<title>Jad pszczeli: czym jest, zastosowanie jadu pszczelego, skuteczno\u015b\u0107 jadu<\/title>\n<meta name=\"description\" content=\"Jad pszczeli: zastosowanie jadu pszczelego w leczeniu (reumatyzmu, przeci\u0119ciu korzeni nerwowych, b\u00f3lu staw\u00f3w i innych dolegliwo\u015bci).\" \/>\n<meta name=\"robots\" content=\"index, follow, max-snippet:-1, max-image-preview:large, max-video-preview:-1\" \/>\n<link rel=\"canonical\" href=\"https:\/\/pszczoly.info\/jad-pszczeli\/\" \/>\n<meta property=\"og:locale\" content=\"en_US\" \/>\n<meta property=\"og:type\" content=\"article\" \/>\n<meta property=\"og:title\" content=\"Jad pszczeli: czym jest, zastosowanie jadu pszczelego, skuteczno\u015b\u0107 jadu\" \/>\n<meta property=\"og:description\" content=\"Jad pszczeli: zastosowanie jadu pszczelego w leczeniu (reumatyzmu, przeci\u0119ciu korzeni nerwowych, b\u00f3lu staw\u00f3w i innych dolegliwo\u015bci).\" \/>\n<meta property=\"og:url\" content=\"https:\/\/pszczoly.info\/jad-pszczeli\/\" \/>\n<meta property=\"og:site_name\" content=\"pszczoly.info\" \/>\n<meta property=\"article:modified_time\" content=\"2018-08-23T08:03:07+00:00\" \/>\n<meta name=\"twitter:card\" content=\"summary_large_image\" \/>\n<meta name=\"twitter:label1\" content=\"Est. reading time\" \/>\n\t<meta name=\"twitter:data1\" content=\"19 minutes\" \/>\n<script type=\"application\/ld+json\" class=\"yoast-schema-graph\">{\"@context\":\"https:\/\/schema.org\",\"@graph\":[{\"@type\":\"WebPage\",\"@id\":\"https:\/\/pszczoly.info\/jad-pszczeli\/\",\"url\":\"https:\/\/pszczoly.info\/jad-pszczeli\/\",\"name\":\"Jad pszczeli: czym jest, zastosowanie jadu pszczelego, skuteczno\u015b\u0107 jadu\",\"isPartOf\":{\"@id\":\"https:\/\/pszczoly.info\/#website\"},\"datePublished\":\"2015-09-28T20:32:54+00:00\",\"dateModified\":\"2018-08-23T08:03:07+00:00\",\"description\":\"Jad pszczeli: zastosowanie jadu pszczelego w leczeniu (reumatyzmu, przeci\u0119ciu korzeni nerwowych, b\u00f3lu staw\u00f3w i innych dolegliwo\u015bci).\",\"breadcrumb\":{\"@id\":\"https:\/\/pszczoly.info\/jad-pszczeli\/#breadcrumb\"},\"inLanguage\":\"en-US\",\"potentialAction\":[{\"@type\":\"ReadAction\",\"target\":[\"https:\/\/pszczoly.info\/jad-pszczeli\/\"]}]},{\"@type\":\"BreadcrumbList\",\"@id\":\"https:\/\/pszczoly.info\/jad-pszczeli\/#breadcrumb\",\"itemListElement\":[{\"@type\":\"ListItem\",\"position\":1,\"name\":\"Strona g\u0142\u00f3wna\",\"item\":\"https:\/\/pszczoly.info\/\"},{\"@type\":\"ListItem\",\"position\":2,\"name\":\"JAD PSZCZELI\"}]},{\"@type\":\"WebSite\",\"@id\":\"https:\/\/pszczoly.info\/#website\",\"url\":\"https:\/\/pszczoly.info\/\",\"name\":\"Blog pszczelarski\",\"description\":\"Pszczelarstwo - Produkty pszczelarskie - Sprz\u0119t pszczelarski Twoje centrum pszczelarskie\",\"publisher\":{\"@id\":\"https:\/\/pszczoly.info\/#organization\"},\"alternateName\":\"Pszczelarstwo - informacje, artyku\u0142y\",\"potentialAction\":[{\"@type\":\"SearchAction\",\"target\":{\"@type\":\"EntryPoint\",\"urlTemplate\":\"https:\/\/pszczoly.info\/?s={search_term_string}\"},\"query-input\":{\"@type\":\"PropertyValueSpecification\",\"valueRequired\":true,\"valueName\":\"search_term_string\"}}],\"inLanguage\":\"en-US\"},{\"@type\":\"Organization\",\"@id\":\"https:\/\/pszczoly.info\/#organization\",\"name\":\"Centrum Pszczelarskie \u0141ukasiewicz\",\"url\":\"https:\/\/pszczoly.info\/\",\"logo\":{\"@type\":\"ImageObject\",\"inLanguage\":\"en-US\",\"@id\":\"https:\/\/pszczoly.info\/#\/schema\/logo\/image\/\",\"url\":\"https:\/\/pszczoly.info\/wp-content\/uploads\/2016\/11\/cropped-pszczoly-logo-2-1.png\",\"contentUrl\":\"https:\/\/pszczoly.info\/wp-content\/uploads\/2016\/11\/cropped-pszczoly-logo-2-1.png\",\"width\":282,\"height\":94,\"caption\":\"Centrum Pszczelarskie \u0141ukasiewicz\"},\"image\":{\"@id\":\"https:\/\/pszczoly.info\/#\/schema\/logo\/image\/\"}}]}<\/script>\n<!-- \/ Yoast SEO plugin. -->","yoast_head_json":{"title":"Jad pszczeli: czym jest, zastosowanie jadu pszczelego, skuteczno\u015b\u0107 jadu","description":"Jad pszczeli: zastosowanie jadu pszczelego w leczeniu (reumatyzmu, przeci\u0119ciu korzeni nerwowych, b\u00f3lu staw\u00f3w i innych dolegliwo\u015bci).","robots":{"index":"index","follow":"follow","max-snippet":"max-snippet:-1","max-image-preview":"max-image-preview:large","max-video-preview":"max-video-preview:-1"},"canonical":"https:\/\/pszczoly.info\/jad-pszczeli\/","og_locale":"en_US","og_type":"article","og_title":"Jad pszczeli: czym jest, zastosowanie jadu pszczelego, skuteczno\u015b\u0107 jadu","og_description":"Jad pszczeli: zastosowanie jadu pszczelego w leczeniu (reumatyzmu, przeci\u0119ciu korzeni nerwowych, b\u00f3lu staw\u00f3w i innych dolegliwo\u015bci).","og_url":"https:\/\/pszczoly.info\/jad-pszczeli\/","og_site_name":"pszczoly.info","article_modified_time":"2018-08-23T08:03:07+00:00","twitter_card":"summary_large_image","twitter_misc":{"Est. reading time":"19 minutes"},"schema":{"@context":"https:\/\/schema.org","@graph":[{"@type":"WebPage","@id":"https:\/\/pszczoly.info\/jad-pszczeli\/","url":"https:\/\/pszczoly.info\/jad-pszczeli\/","name":"Jad pszczeli: czym jest, zastosowanie jadu pszczelego, skuteczno\u015b\u0107 jadu","isPartOf":{"@id":"https:\/\/pszczoly.info\/#website"},"datePublished":"2015-09-28T20:32:54+00:00","dateModified":"2018-08-23T08:03:07+00:00","description":"Jad pszczeli: zastosowanie jadu pszczelego w leczeniu (reumatyzmu, przeci\u0119ciu korzeni nerwowych, b\u00f3lu staw\u00f3w i innych dolegliwo\u015bci).","breadcrumb":{"@id":"https:\/\/pszczoly.info\/jad-pszczeli\/#breadcrumb"},"inLanguage":"en-US","potentialAction":[{"@type":"ReadAction","target":["https:\/\/pszczoly.info\/jad-pszczeli\/"]}]},{"@type":"BreadcrumbList","@id":"https:\/\/pszczoly.info\/jad-pszczeli\/#breadcrumb","itemListElement":[{"@type":"ListItem","position":1,"name":"Strona g\u0142\u00f3wna","item":"https:\/\/pszczoly.info\/"},{"@type":"ListItem","position":2,"name":"JAD PSZCZELI"}]},{"@type":"WebSite","@id":"https:\/\/pszczoly.info\/#website","url":"https:\/\/pszczoly.info\/","name":"Blog pszczelarski","description":"Pszczelarstwo - Produkty pszczelarskie - Sprz\u0119t pszczelarski Twoje centrum pszczelarskie","publisher":{"@id":"https:\/\/pszczoly.info\/#organization"},"alternateName":"Pszczelarstwo - informacje, artyku\u0142y","potentialAction":[{"@type":"SearchAction","target":{"@type":"EntryPoint","urlTemplate":"https:\/\/pszczoly.info\/?s={search_term_string}"},"query-input":{"@type":"PropertyValueSpecification","valueRequired":true,"valueName":"search_term_string"}}],"inLanguage":"en-US"},{"@type":"Organization","@id":"https:\/\/pszczoly.info\/#organization","name":"Centrum Pszczelarskie \u0141ukasiewicz","url":"https:\/\/pszczoly.info\/","logo":{"@type":"ImageObject","inLanguage":"en-US","@id":"https:\/\/pszczoly.info\/#\/schema\/logo\/image\/","url":"https:\/\/pszczoly.info\/wp-content\/uploads\/2016\/11\/cropped-pszczoly-logo-2-1.png","contentUrl":"https:\/\/pszczoly.info\/wp-content\/uploads\/2016\/11\/cropped-pszczoly-logo-2-1.png","width":282,"height":94,"caption":"Centrum Pszczelarskie \u0141ukasiewicz"},"image":{"@id":"https:\/\/pszczoly.info\/#\/schema\/logo\/image\/"}}]}},"_links":{"self":[{"href":"https:\/\/pszczoly.info\/en\/wp-json\/wp\/v2\/pages\/74","targetHints":{"allow":["GET"]}}],"collection":[{"href":"https:\/\/pszczoly.info\/en\/wp-json\/wp\/v2\/pages"}],"about":[{"href":"https:\/\/pszczoly.info\/en\/wp-json\/wp\/v2\/types\/page"}],"author":[{"embeddable":true,"href":"https:\/\/pszczoly.info\/en\/wp-json\/wp\/v2\/users\/1"}],"replies":[{"embeddable":true,"href":"https:\/\/pszczoly.info\/en\/wp-json\/wp\/v2\/comments?post=74"}],"version-history":[{"count":25,"href":"https:\/\/pszczoly.info\/en\/wp-json\/wp\/v2\/pages\/74\/revisions"}],"predecessor-version":[{"id":1145,"href":"https:\/\/pszczoly.info\/en\/wp-json\/wp\/v2\/pages\/74\/revisions\/1145"}],"wp:attachment":[{"href":"https:\/\/pszczoly.info\/en\/wp-json\/wp\/v2\/media?parent=74"}],"curies":[{"name":"wp","href":"https:\/\/api.w.org\/{rel}","templated":true}]}}