{"id":71,"date":"2015-09-28T22:26:44","date_gmt":"2015-09-28T20:26:44","guid":{"rendered":"http:\/\/dev.pszczoly.info\/?page_id=71"},"modified":"2016-11-04T08:20:42","modified_gmt":"2016-11-04T07:20:42","slug":"mleczko-pszczele","status":"publish","type":"page","link":"https:\/\/pszczoly.info\/en\/mleczko-pszczele\/","title":{"rendered":"MLECZKO PSZCZELE"},"content":{"rendered":"<p><\/p>\n<table border=\"0\" cellspacing=\"0\" cellpadding=\"0\" width=\"100%\" class=\"contentpane\" align=\"center\">\n<tbody>\n<tr>\n<td class=\"contentdescription\" colspan=\"2\" width=\"60%\" valign=\"top\">\n<p class=\"txt\">Kr&oacute;lewskim darem ula jest mleczko pszczele Royal Jelly, kt&oacute;re daje kr&oacute;lowej nie tylko ogromn\u0105 witalno\u015b\u0107 (pozwala jej na sk\u0142adanie tysi\u0119cy jaj dziennie), ale tak\u017ce d\u0142ugowieczno\u015b\u0107. Kr&oacute;lowa \u017cyje 40 razy d\u0142u\u017cej ni\u017c pszczo\u0142y nie karmione mleczkiem. <br \/>Najliczniejszymi i najwierniejszymi konsumentami mleczka pszczelego s\u0105 Japo\u0144czycy, znani z dba\u0142o\u015bci o psychofizyczn\u0105 sprawno\u015b\u0107. Oni to w\u0142\u0105czyli do swojej diety produkty pszczele. <\/p>\n<p>Ta cudowna substancja generalnie zawiera oko\u0142o 60% wody, 19% cia\u0142 bia\u0142kowych (globuliny i albuminy), aminokwasy egzogenne, bogaty zestaw witamin z grupy B (w tym, w du\u017cej koncentracji, kwas pantotenowy, kt&oacute;ry wp\u0142ywa na d\u0142ugo\u015b\u0107 \u017cycia), acetylocholin\u0119 (kt&oacute;ra jest g\u0142&oacute;wnym transmiterem impuls&oacute;w nerwowych) i ca\u0142\u0105 gam\u0119 biopierwiastk&oacute;w. \u015awie\u017ce mleczko wykazuje silne, wr\u0119cz imponuj\u0105ce, w\u0142a\u015bciwo\u015bci bakteriob&oacute;jcze. <\/p>\n<p>Najlepszym sposobem przechowywania mleczka uznano liofilizacj\u0119, kt&oacute;ra pozwala na 5 &#8211; letnie przechowywanie mleczka. O zaletach mleczka wypowiada si\u0119 szereg rozmaitych specjalist&oacute;w i tak w ksi\u0105\u017cce Erika Bruneta &quot;Lekcja \u017cycia&quot;, w\u015br&oacute;d wielu rad \u017cy\u0107 i radzi\u0107 sobie w kryzysowych warunkach ekologicznych, w rozdziale po\u015bwi\u0119conym produktom pszczelim na pierwszym miejscu wymieniono Royal Jelly &#8211; kr&oacute;lewskie po\u017cywienie. Nie mo\u017cna te\u017c pomin\u0105\u0107 opinii o mleczku pszczelim prof. Anny Aslan, ju\u017c nie\u017cyj\u0105cej \u015bwiatowej s\u0142awy za\u0142o\u017cycielki sanatori&oacute;w i instytut&oacute;w geriatrycznych, tw&oacute;rczyni serii odm\u0142adzaj\u0105cych specyfik&oacute;w. Na pytanie, czemu zawdzi\u0119cza swoj\u0105 witalno\u015b\u0107 i m\u0142ody wygl\u0105d, odpowiada\u0142a, dyscyplinie pracy i naturze, kt&oacute;ra da\u0142a tak wspania\u0142y dar jak mleczko pszczele. Naukowcy s\u0105 zgodni w opinii, \u017ce mleczko pszczele dzia\u0142a stymuluj\u0105co i pobudzaj\u0105co, zwi\u0119ksza mo\u017cliwo\u015bci wysi\u0142ku fizycznego i intelektualnego, przywracaj\u0105c optymizm i ch\u0119\u0107 do \u017cycia. Mo\u017cna powiedzie\u0107, \u017ce to niezawodny spos&oacute;b na dobre samopoczucie. S\u0105 zgodni, \u017ce w pewnym sensie mleczko odm\u0142adza! Poprawia wzrok, pami\u0119\u0107, korzystnie dzia\u0142a przy arteriosklerozie i bezsenno\u015bci. U\u0142atwia pokonanie stan&oacute;w depresyjnych, przywraca apetyt u chorych na anoreksj\u0119. Nie do\u015b\u0107 tego, mleczko pszczele jest uznanym naturalnym afrodyzjakiem, u m\u0119\u017cczyzn leczy potencj\u0119! Mleczko pszczele &quot;hit lat 90 &#8211; tych&quot; mia\u0142o, ma i mie\u0107 b\u0119dzie wspania\u0142e w\u0142a\u015bciwo\u015bci i \u017caden sztuczny produkt nie jest w stanie go zast\u0105pi\u0107.<\/p>\n<p>Najlepsze efekty daje podj\u0119zykowe przyjmowanie mleczka. Zapobiegawczo i w lekkich schorzeniach wystarcz\u0105 ma\u0142e dawki od 50 do 100 mg dziennie. Kuracja powinna trwa\u0107 4 tygodnie. Mleczko nale\u017cy przyjmowa\u0107 rano, lub rano i w po\u0142udnie, na p&oacute;\u0142 godziny przed posi\u0142kiem. Profilaktycznie zaleca si\u0119 kuracj\u0119 dwa razy w roku. W aptekach, sklepach zielarskich znale\u017a\u0107 mo\u017cna: Mleczko Pszczele Royal Jelly liofilizowane w kapsu\u0142kach i tabletkach bez cukru, preparat Stimulin, Apistimul Urtica i Apistimul Crataegi w ampu\u0142kach i w syropie oraz mleczko pszczele w miodzie i zio\u0142omiodzie.<\/p>\n<p class=\"txt\">\u017ar&oacute;d\u0142o:<br \/>apipol<\/p>\n<p class=\"txt\">Mleczko pszczele jest dodt\u0119pne w naszym sklepie internetowym w formie:<br \/>&#8211; <a href=\"http:\/\/pszczelnictwo.com.pl\/sklep\/product_info.php?cPath=28&amp;products_id=257\" target=\"_blank\">Kapsu\u0142ek &#8211; opakowanie 32 kapsu\u0142ki<\/a><br \/>&#8211; <a href=\"http:\/\/pszczelnictwo.com.pl\/sklep\/product_info.php?cPath=28&amp;products_id=255\" target=\"_blank\">Tabletek &#8211; opakowanie 150 j<\/a><br \/>&#8211; <a href=\"http:\/\/pszczelnictwo.com.pl\/sklep\/product_info.php?cPath=28&amp;products_id=256\" target=\"_blank\">Tabletek &#8211; opakowanie 300 j<\/a><\/p>\n<\/td>\n<\/tr>\n<\/tbody>\n<\/table>\n<p><\/p>","protected":false},"excerpt":{"rendered":"<div class=\"mh-excerpt\"><p>Sorry, this entry is only available in Polski.<\/p>\n<\/div>","protected":false},"author":1,"featured_media":0,"parent":0,"menu_order":0,"comment_status":"closed","ping_status":"closed","template":"","meta":{"footnotes":""},"class_list":["post-71","page","type-page","status-publish","hentry"],"yoast_head":"<!-- This site is optimized with the Yoast SEO plugin v26.9 - https:\/\/yoast.com\/product\/yoast-seo-wordpress\/ -->\n<title>Mleczko pszczele - sk\u0142ad, zastosowanie, cena | Blog pszczelarski<\/title>\n<meta name=\"description\" content=\"Mleczko pszczele, sk\u0142ad, w\u0142a\u015bciwo\u015bci, zastosowanie w medycynie, Przeczytaj informacje o mleczku pszczelim i zam\u00f3w w sklepie pszczelarskim\" \/>\n<meta name=\"robots\" content=\"index, follow, max-snippet:-1, max-image-preview:large, max-video-preview:-1\" \/>\n<link rel=\"canonical\" href=\"https:\/\/pszczoly.info\/mleczko-pszczele\/\" \/>\n<meta property=\"og:locale\" content=\"en_US\" \/>\n<meta property=\"og:type\" content=\"article\" \/>\n<meta property=\"og:title\" content=\"Mleczko pszczele - sk\u0142ad, zastosowanie, cena | Blog pszczelarski\" \/>\n<meta property=\"og:description\" content=\"Mleczko pszczele, sk\u0142ad, w\u0142a\u015bciwo\u015bci, zastosowanie w medycynie, Przeczytaj informacje o mleczku pszczelim i zam\u00f3w w sklepie pszczelarskim\" \/>\n<meta property=\"og:url\" content=\"https:\/\/pszczoly.info\/mleczko-pszczele\/\" \/>\n<meta property=\"og:site_name\" content=\"pszczoly.info\" \/>\n<meta property=\"article:modified_time\" content=\"2016-11-04T07:20:42+00:00\" \/>\n<meta property=\"og:image\" content=\"https:\/\/pszczoly.info\/wp-content\/uploads\/2015\/09\/mleczko.jpg\" \/>\n\t<meta property=\"og:image:width\" content=\"746\" \/>\n\t<meta property=\"og:image:height\" content=\"600\" \/>\n\t<meta property=\"og:image:type\" content=\"image\/jpeg\" \/>\n<meta name=\"twitter:card\" content=\"summary_large_image\" \/>\n<meta name=\"twitter:label1\" content=\"Est. reading time\" \/>\n\t<meta name=\"twitter:data1\" content=\"5 minutes\" \/>\n<script type=\"application\/ld+json\" class=\"yoast-schema-graph\">{\"@context\":\"https:\/\/schema.org\",\"@graph\":[{\"@type\":\"WebPage\",\"@id\":\"https:\/\/pszczoly.info\/mleczko-pszczele\/\",\"url\":\"https:\/\/pszczoly.info\/mleczko-pszczele\/\",\"name\":\"Mleczko pszczele - sk\u0142ad, zastosowanie, cena | Blog pszczelarski\",\"isPartOf\":{\"@id\":\"https:\/\/pszczoly.info\/#website\"},\"primaryImageOfPage\":{\"@id\":\"https:\/\/pszczoly.info\/mleczko-pszczele\/#primaryimage\"},\"image\":{\"@id\":\"https:\/\/pszczoly.info\/mleczko-pszczele\/#primaryimage\"},\"thumbnailUrl\":\"https:\/\/pszczoly.info\/wp-content\/uploads\/2015\/09\/mleczko-300x241.jpg\",\"datePublished\":\"2015-09-28T20:26:44+00:00\",\"dateModified\":\"2016-11-04T07:20:42+00:00\",\"description\":\"Mleczko pszczele, sk\u0142ad, w\u0142a\u015bciwo\u015bci, zastosowanie w medycynie, Przeczytaj informacje o mleczku pszczelim i zam\u00f3w w sklepie pszczelarskim\",\"breadcrumb\":{\"@id\":\"https:\/\/pszczoly.info\/mleczko-pszczele\/#breadcrumb\"},\"inLanguage\":\"en-US\",\"potentialAction\":[{\"@type\":\"ReadAction\",\"target\":[\"https:\/\/pszczoly.info\/mleczko-pszczele\/\"]}]},{\"@type\":\"ImageObject\",\"inLanguage\":\"en-US\",\"@id\":\"https:\/\/pszczoly.info\/mleczko-pszczele\/#primaryimage\",\"url\":\"https:\/\/pszczoly.info\/wp-content\/uploads\/2015\/09\/mleczko-300x241.jpg\",\"contentUrl\":\"https:\/\/pszczoly.info\/wp-content\/uploads\/2015\/09\/mleczko-300x241.jpg\"},{\"@type\":\"BreadcrumbList\",\"@id\":\"https:\/\/pszczoly.info\/mleczko-pszczele\/#breadcrumb\",\"itemListElement\":[{\"@type\":\"ListItem\",\"position\":1,\"name\":\"Strona g\u0142\u00f3wna\",\"item\":\"https:\/\/pszczoly.info\/\"},{\"@type\":\"ListItem\",\"position\":2,\"name\":\"MLECZKO PSZCZELE\"}]},{\"@type\":\"WebSite\",\"@id\":\"https:\/\/pszczoly.info\/#website\",\"url\":\"https:\/\/pszczoly.info\/\",\"name\":\"Blog pszczelarski\",\"description\":\"Pszczelarstwo - Produkty pszczelarskie - Sprz\u0119t pszczelarski Twoje centrum pszczelarskie\",\"publisher\":{\"@id\":\"https:\/\/pszczoly.info\/#organization\"},\"alternateName\":\"Pszczelarstwo - informacje, artyku\u0142y\",\"potentialAction\":[{\"@type\":\"SearchAction\",\"target\":{\"@type\":\"EntryPoint\",\"urlTemplate\":\"https:\/\/pszczoly.info\/?s={search_term_string}\"},\"query-input\":{\"@type\":\"PropertyValueSpecification\",\"valueRequired\":true,\"valueName\":\"search_term_string\"}}],\"inLanguage\":\"en-US\"},{\"@type\":\"Organization\",\"@id\":\"https:\/\/pszczoly.info\/#organization\",\"name\":\"Centrum Pszczelarskie \u0141ukasiewicz\",\"url\":\"https:\/\/pszczoly.info\/\",\"logo\":{\"@type\":\"ImageObject\",\"inLanguage\":\"en-US\",\"@id\":\"https:\/\/pszczoly.info\/#\/schema\/logo\/image\/\",\"url\":\"https:\/\/pszczoly.info\/wp-content\/uploads\/2016\/11\/cropped-pszczoly-logo-2-1.png\",\"contentUrl\":\"https:\/\/pszczoly.info\/wp-content\/uploads\/2016\/11\/cropped-pszczoly-logo-2-1.png\",\"width\":282,\"height\":94,\"caption\":\"Centrum Pszczelarskie \u0141ukasiewicz\"},\"image\":{\"@id\":\"https:\/\/pszczoly.info\/#\/schema\/logo\/image\/\"}}]}<\/script>\n<!-- \/ Yoast SEO plugin. -->","yoast_head_json":{"title":"Mleczko pszczele - sk\u0142ad, zastosowanie, cena | Blog pszczelarski","description":"Mleczko pszczele, sk\u0142ad, w\u0142a\u015bciwo\u015bci, zastosowanie w medycynie, Przeczytaj informacje o mleczku pszczelim i zam\u00f3w w sklepie pszczelarskim","robots":{"index":"index","follow":"follow","max-snippet":"max-snippet:-1","max-image-preview":"max-image-preview:large","max-video-preview":"max-video-preview:-1"},"canonical":"https:\/\/pszczoly.info\/mleczko-pszczele\/","og_locale":"en_US","og_type":"article","og_title":"Mleczko pszczele - sk\u0142ad, zastosowanie, cena | Blog pszczelarski","og_description":"Mleczko pszczele, sk\u0142ad, w\u0142a\u015bciwo\u015bci, zastosowanie w medycynie, Przeczytaj informacje o mleczku pszczelim i zam\u00f3w w sklepie pszczelarskim","og_url":"https:\/\/pszczoly.info\/mleczko-pszczele\/","og_site_name":"pszczoly.info","article_modified_time":"2016-11-04T07:20:42+00:00","og_image":[{"width":746,"height":600,"url":"https:\/\/pszczoly.info\/wp-content\/uploads\/2015\/09\/mleczko.jpg","type":"image\/jpeg"}],"twitter_card":"summary_large_image","twitter_misc":{"Est. reading time":"5 minutes"},"schema":{"@context":"https:\/\/schema.org","@graph":[{"@type":"WebPage","@id":"https:\/\/pszczoly.info\/mleczko-pszczele\/","url":"https:\/\/pszczoly.info\/mleczko-pszczele\/","name":"Mleczko pszczele - sk\u0142ad, zastosowanie, cena | Blog pszczelarski","isPartOf":{"@id":"https:\/\/pszczoly.info\/#website"},"primaryImageOfPage":{"@id":"https:\/\/pszczoly.info\/mleczko-pszczele\/#primaryimage"},"image":{"@id":"https:\/\/pszczoly.info\/mleczko-pszczele\/#primaryimage"},"thumbnailUrl":"https:\/\/pszczoly.info\/wp-content\/uploads\/2015\/09\/mleczko-300x241.jpg","datePublished":"2015-09-28T20:26:44+00:00","dateModified":"2016-11-04T07:20:42+00:00","description":"Mleczko pszczele, sk\u0142ad, w\u0142a\u015bciwo\u015bci, zastosowanie w medycynie, Przeczytaj informacje o mleczku pszczelim i zam\u00f3w w sklepie pszczelarskim","breadcrumb":{"@id":"https:\/\/pszczoly.info\/mleczko-pszczele\/#breadcrumb"},"inLanguage":"en-US","potentialAction":[{"@type":"ReadAction","target":["https:\/\/pszczoly.info\/mleczko-pszczele\/"]}]},{"@type":"ImageObject","inLanguage":"en-US","@id":"https:\/\/pszczoly.info\/mleczko-pszczele\/#primaryimage","url":"https:\/\/pszczoly.info\/wp-content\/uploads\/2015\/09\/mleczko-300x241.jpg","contentUrl":"https:\/\/pszczoly.info\/wp-content\/uploads\/2015\/09\/mleczko-300x241.jpg"},{"@type":"BreadcrumbList","@id":"https:\/\/pszczoly.info\/mleczko-pszczele\/#breadcrumb","itemListElement":[{"@type":"ListItem","position":1,"name":"Strona g\u0142\u00f3wna","item":"https:\/\/pszczoly.info\/"},{"@type":"ListItem","position":2,"name":"MLECZKO PSZCZELE"}]},{"@type":"WebSite","@id":"https:\/\/pszczoly.info\/#website","url":"https:\/\/pszczoly.info\/","name":"Blog pszczelarski","description":"Pszczelarstwo - Produkty pszczelarskie - Sprz\u0119t pszczelarski Twoje centrum pszczelarskie","publisher":{"@id":"https:\/\/pszczoly.info\/#organization"},"alternateName":"Pszczelarstwo - informacje, artyku\u0142y","potentialAction":[{"@type":"SearchAction","target":{"@type":"EntryPoint","urlTemplate":"https:\/\/pszczoly.info\/?s={search_term_string}"},"query-input":{"@type":"PropertyValueSpecification","valueRequired":true,"valueName":"search_term_string"}}],"inLanguage":"en-US"},{"@type":"Organization","@id":"https:\/\/pszczoly.info\/#organization","name":"Centrum Pszczelarskie \u0141ukasiewicz","url":"https:\/\/pszczoly.info\/","logo":{"@type":"ImageObject","inLanguage":"en-US","@id":"https:\/\/pszczoly.info\/#\/schema\/logo\/image\/","url":"https:\/\/pszczoly.info\/wp-content\/uploads\/2016\/11\/cropped-pszczoly-logo-2-1.png","contentUrl":"https:\/\/pszczoly.info\/wp-content\/uploads\/2016\/11\/cropped-pszczoly-logo-2-1.png","width":282,"height":94,"caption":"Centrum Pszczelarskie \u0141ukasiewicz"},"image":{"@id":"https:\/\/pszczoly.info\/#\/schema\/logo\/image\/"}}]}},"_links":{"self":[{"href":"https:\/\/pszczoly.info\/en\/wp-json\/wp\/v2\/pages\/71","targetHints":{"allow":["GET"]}}],"collection":[{"href":"https:\/\/pszczoly.info\/en\/wp-json\/wp\/v2\/pages"}],"about":[{"href":"https:\/\/pszczoly.info\/en\/wp-json\/wp\/v2\/types\/page"}],"author":[{"embeddable":true,"href":"https:\/\/pszczoly.info\/en\/wp-json\/wp\/v2\/users\/1"}],"replies":[{"embeddable":true,"href":"https:\/\/pszczoly.info\/en\/wp-json\/wp\/v2\/comments?post=71"}],"version-history":[{"count":10,"href":"https:\/\/pszczoly.info\/en\/wp-json\/wp\/v2\/pages\/71\/revisions"}],"predecessor-version":[{"id":328,"href":"https:\/\/pszczoly.info\/en\/wp-json\/wp\/v2\/pages\/71\/revisions\/328"}],"wp:attachment":[{"href":"https:\/\/pszczoly.info\/en\/wp-json\/wp\/v2\/media?parent=71"}],"curies":[{"name":"wp","href":"https:\/\/api.w.org\/{rel}","templated":true}]}}