{"id":52,"date":"2015-09-28T22:17:04","date_gmt":"2015-09-28T20:17:04","guid":{"rendered":"http:\/\/dev.pszczoly.info\/?page_id=52"},"modified":"2018-08-23T09:46:43","modified_gmt":"2018-08-23T07:46:43","slug":"miod-gryczany","status":"publish","type":"page","link":"https:\/\/pszczoly.info\/en\/miod-gryczany\/","title":{"rendered":"MI\u00d3D GRYCZANY"},"content":{"rendered":"<p><\/p>\n<p><font size=\"2\">Ma barw\u0119 ciemnoherbacian\u0105 do br\u0105zowej, zapach bardzo silny i przypominaj\u0105cy zapach kwiat&oacute;w gryki, kt&oacute;ry utrzymuje si\u0119 bardzo d\u0142ugo w czasie przechowywania. Mi&oacute;d ten ma s\u0142odki, zdecydowanie ostry, piek\u0105cy smak. Krystalizacja miodu przebiega wolno, oko\u0142o dw&oacute;ch, trzech miesi\u0119cy. Przechowywany w temperaturze pokojowej, po pewnym czasie, w miar\u0119 post\u0119powania procesu krystalizacji, rozdziela si\u0119 zwykle na dwie warstwy: g&oacute;rn\u0105 p\u0142ynn\u0105 i doln\u0105 skrystalizowan\u0105. W ni\u017cszej temperaturze (10-14<sup>o<\/sup>C) mi&oacute;d ten krystalizuje r&oacute;wnomiernie.<strong> <\/strong>Pomocny w stanach wyczerpania nerwowego, mia\u017cd\u017cycy, nadci\u015bnieniu, zapaleniu nerek. Sprzyja tworzeniu si\u0119 kostnicy po z\u0142amaniach.<\/font><\/p>\n<p><font size=\"2\"><\/p>\n<p align=\"right\"><span style=\"font-size: 7.5pt; font-family: &#39;Times New Roman&#39;\"><font size=\"3\">dr Jerzy Gala<\/font><\/span><\/p>\n<p>Mi&oacute;d dost\u0119pny jest w naszym sklepie internetowym:<br \/><a href=\"http:\/\/www.sklep.pszczelnictwo.com.pl\/\">www.sklep.pszczelnictwo.com.pl<\/a><\/p>\n<p><\/font><\/p>","protected":false},"excerpt":{"rendered":"<div class=\"mh-excerpt\"><p>Sorry, this entry is only available in Polski.<\/p>\n<\/div>","protected":false},"author":1,"featured_media":0,"parent":0,"menu_order":0,"comment_status":"closed","ping_status":"closed","template":"","meta":{"footnotes":""},"class_list":["post-52","page","type-page","status-publish","hentry"],"yoast_head":"<!-- This site is optimized with the Yoast SEO plugin v26.9 - https:\/\/yoast.com\/product\/yoast-seo-wordpress\/ -->\n<title>Mi\u00f3d gryczany - sk\u0142ad i w\u0142a\u015bciwo\u015bci miodu gryczanego<\/title>\n<meta name=\"description\" content=\"Mi\u00f3d ryczany jest jednym z najbardziej charakterystycznych miod\u00f3w. Uznawany za najciemniejszy, posiada ostry smak i cenione w\u0142a\u015bciwo\u015bci lecznicze.\" \/>\n<meta name=\"robots\" content=\"index, follow, max-snippet:-1, max-image-preview:large, max-video-preview:-1\" \/>\n<link rel=\"canonical\" href=\"https:\/\/pszczoly.info\/en\/miod-gryczany\/\" \/>\n<meta property=\"og:locale\" content=\"en_US\" \/>\n<meta property=\"og:type\" content=\"article\" \/>\n<meta property=\"og:title\" content=\"Mi\u00f3d gryczany - sk\u0142ad i w\u0142a\u015bciwo\u015bci miodu gryczanego\" \/>\n<meta property=\"og:description\" content=\"Mi\u00f3d ryczany jest jednym z najbardziej charakterystycznych miod\u00f3w. Uznawany za najciemniejszy, posiada ostry smak i cenione w\u0142a\u015bciwo\u015bci lecznicze.\" \/>\n<meta property=\"og:url\" content=\"https:\/\/pszczoly.info\/en\/miod-gryczany\/\" \/>\n<meta property=\"og:site_name\" content=\"pszczoly.info\" \/>\n<meta property=\"article:modified_time\" content=\"2018-08-23T07:46:43+00:00\" \/>\n<meta name=\"twitter:card\" content=\"summary_large_image\" \/>\n<meta name=\"twitter:label1\" content=\"Est. reading time\" \/>\n\t<meta name=\"twitter:data1\" content=\"2 minutes\" \/>\n<script type=\"application\/ld+json\" class=\"yoast-schema-graph\">{\"@context\":\"https:\/\/schema.org\",\"@graph\":[{\"@type\":\"WebPage\",\"@id\":\"https:\/\/pszczoly.info\/en\/miod-gryczany\/\",\"url\":\"https:\/\/pszczoly.info\/en\/miod-gryczany\/\",\"name\":\"Mi\u00f3d gryczany - sk\u0142ad i w\u0142a\u015bciwo\u015bci miodu gryczanego\",\"isPartOf\":{\"@id\":\"https:\/\/pszczoly.info\/#website\"},\"datePublished\":\"2015-09-28T20:17:04+00:00\",\"dateModified\":\"2018-08-23T07:46:43+00:00\",\"description\":\"Mi\u00f3d ryczany jest jednym z najbardziej charakterystycznych miod\u00f3w. Uznawany za najciemniejszy, posiada ostry smak i cenione w\u0142a\u015bciwo\u015bci lecznicze.\",\"breadcrumb\":{\"@id\":\"https:\/\/pszczoly.info\/en\/miod-gryczany\/#breadcrumb\"},\"inLanguage\":\"en-US\",\"potentialAction\":[{\"@type\":\"ReadAction\",\"target\":[\"https:\/\/pszczoly.info\/en\/miod-gryczany\/\"]}]},{\"@type\":\"BreadcrumbList\",\"@id\":\"https:\/\/pszczoly.info\/en\/miod-gryczany\/#breadcrumb\",\"itemListElement\":[{\"@type\":\"ListItem\",\"position\":1,\"name\":\"Strona g\u0142\u00f3wna\",\"item\":\"https:\/\/pszczoly.info\/\"},{\"@type\":\"ListItem\",\"position\":2,\"name\":\"MI\u00d3D GRYCZANY\"}]},{\"@type\":\"WebSite\",\"@id\":\"https:\/\/pszczoly.info\/#website\",\"url\":\"https:\/\/pszczoly.info\/\",\"name\":\"Blog pszczelarski\",\"description\":\"Pszczelarstwo - Produkty pszczelarskie - Sprz\u0119t pszczelarski Twoje centrum pszczelarskie\",\"publisher\":{\"@id\":\"https:\/\/pszczoly.info\/#organization\"},\"alternateName\":\"Pszczelarstwo - informacje, artyku\u0142y\",\"potentialAction\":[{\"@type\":\"SearchAction\",\"target\":{\"@type\":\"EntryPoint\",\"urlTemplate\":\"https:\/\/pszczoly.info\/?s={search_term_string}\"},\"query-input\":{\"@type\":\"PropertyValueSpecification\",\"valueRequired\":true,\"valueName\":\"search_term_string\"}}],\"inLanguage\":\"en-US\"},{\"@type\":\"Organization\",\"@id\":\"https:\/\/pszczoly.info\/#organization\",\"name\":\"Centrum Pszczelarskie \u0141ukasiewicz\",\"url\":\"https:\/\/pszczoly.info\/\",\"logo\":{\"@type\":\"ImageObject\",\"inLanguage\":\"en-US\",\"@id\":\"https:\/\/pszczoly.info\/#\/schema\/logo\/image\/\",\"url\":\"https:\/\/pszczoly.info\/wp-content\/uploads\/2016\/11\/cropped-pszczoly-logo-2-1.png\",\"contentUrl\":\"https:\/\/pszczoly.info\/wp-content\/uploads\/2016\/11\/cropped-pszczoly-logo-2-1.png\",\"width\":282,\"height\":94,\"caption\":\"Centrum Pszczelarskie \u0141ukasiewicz\"},\"image\":{\"@id\":\"https:\/\/pszczoly.info\/#\/schema\/logo\/image\/\"}}]}<\/script>\n<!-- \/ Yoast SEO plugin. -->","yoast_head_json":{"title":"Mi\u00f3d gryczany - sk\u0142ad i w\u0142a\u015bciwo\u015bci miodu gryczanego","description":"Mi\u00f3d ryczany jest jednym z najbardziej charakterystycznych miod\u00f3w. Uznawany za najciemniejszy, posiada ostry smak i cenione w\u0142a\u015bciwo\u015bci lecznicze.","robots":{"index":"index","follow":"follow","max-snippet":"max-snippet:-1","max-image-preview":"max-image-preview:large","max-video-preview":"max-video-preview:-1"},"canonical":"https:\/\/pszczoly.info\/en\/miod-gryczany\/","og_locale":"en_US","og_type":"article","og_title":"Mi\u00f3d gryczany - sk\u0142ad i w\u0142a\u015bciwo\u015bci miodu gryczanego","og_description":"Mi\u00f3d ryczany jest jednym z najbardziej charakterystycznych miod\u00f3w. Uznawany za najciemniejszy, posiada ostry smak i cenione w\u0142a\u015bciwo\u015bci lecznicze.","og_url":"https:\/\/pszczoly.info\/en\/miod-gryczany\/","og_site_name":"pszczoly.info","article_modified_time":"2018-08-23T07:46:43+00:00","twitter_card":"summary_large_image","twitter_misc":{"Est. reading time":"2 minutes"},"schema":{"@context":"https:\/\/schema.org","@graph":[{"@type":"WebPage","@id":"https:\/\/pszczoly.info\/en\/miod-gryczany\/","url":"https:\/\/pszczoly.info\/en\/miod-gryczany\/","name":"Mi\u00f3d gryczany - sk\u0142ad i w\u0142a\u015bciwo\u015bci miodu gryczanego","isPartOf":{"@id":"https:\/\/pszczoly.info\/#website"},"datePublished":"2015-09-28T20:17:04+00:00","dateModified":"2018-08-23T07:46:43+00:00","description":"Mi\u00f3d ryczany jest jednym z najbardziej charakterystycznych miod\u00f3w. Uznawany za najciemniejszy, posiada ostry smak i cenione w\u0142a\u015bciwo\u015bci lecznicze.","breadcrumb":{"@id":"https:\/\/pszczoly.info\/en\/miod-gryczany\/#breadcrumb"},"inLanguage":"en-US","potentialAction":[{"@type":"ReadAction","target":["https:\/\/pszczoly.info\/en\/miod-gryczany\/"]}]},{"@type":"BreadcrumbList","@id":"https:\/\/pszczoly.info\/en\/miod-gryczany\/#breadcrumb","itemListElement":[{"@type":"ListItem","position":1,"name":"Strona g\u0142\u00f3wna","item":"https:\/\/pszczoly.info\/"},{"@type":"ListItem","position":2,"name":"MI\u00d3D GRYCZANY"}]},{"@type":"WebSite","@id":"https:\/\/pszczoly.info\/#website","url":"https:\/\/pszczoly.info\/","name":"Blog pszczelarski","description":"Pszczelarstwo - Produkty pszczelarskie - Sprz\u0119t pszczelarski Twoje centrum pszczelarskie","publisher":{"@id":"https:\/\/pszczoly.info\/#organization"},"alternateName":"Pszczelarstwo - informacje, artyku\u0142y","potentialAction":[{"@type":"SearchAction","target":{"@type":"EntryPoint","urlTemplate":"https:\/\/pszczoly.info\/?s={search_term_string}"},"query-input":{"@type":"PropertyValueSpecification","valueRequired":true,"valueName":"search_term_string"}}],"inLanguage":"en-US"},{"@type":"Organization","@id":"https:\/\/pszczoly.info\/#organization","name":"Centrum Pszczelarskie \u0141ukasiewicz","url":"https:\/\/pszczoly.info\/","logo":{"@type":"ImageObject","inLanguage":"en-US","@id":"https:\/\/pszczoly.info\/#\/schema\/logo\/image\/","url":"https:\/\/pszczoly.info\/wp-content\/uploads\/2016\/11\/cropped-pszczoly-logo-2-1.png","contentUrl":"https:\/\/pszczoly.info\/wp-content\/uploads\/2016\/11\/cropped-pszczoly-logo-2-1.png","width":282,"height":94,"caption":"Centrum Pszczelarskie \u0141ukasiewicz"},"image":{"@id":"https:\/\/pszczoly.info\/#\/schema\/logo\/image\/"}}]}},"_links":{"self":[{"href":"https:\/\/pszczoly.info\/en\/wp-json\/wp\/v2\/pages\/52","targetHints":{"allow":["GET"]}}],"collection":[{"href":"https:\/\/pszczoly.info\/en\/wp-json\/wp\/v2\/pages"}],"about":[{"href":"https:\/\/pszczoly.info\/en\/wp-json\/wp\/v2\/types\/page"}],"author":[{"embeddable":true,"href":"https:\/\/pszczoly.info\/en\/wp-json\/wp\/v2\/users\/1"}],"replies":[{"embeddable":true,"href":"https:\/\/pszczoly.info\/en\/wp-json\/wp\/v2\/comments?post=52"}],"version-history":[{"count":9,"href":"https:\/\/pszczoly.info\/en\/wp-json\/wp\/v2\/pages\/52\/revisions"}],"predecessor-version":[{"id":1127,"href":"https:\/\/pszczoly.info\/en\/wp-json\/wp\/v2\/pages\/52\/revisions\/1127"}],"wp:attachment":[{"href":"https:\/\/pszczoly.info\/en\/wp-json\/wp\/v2\/media?parent=52"}],"curies":[{"name":"wp","href":"https:\/\/api.w.org\/{rel}","templated":true}]}}