{"id":49,"date":"2015-09-28T22:16:18","date_gmt":"2015-09-28T20:16:18","guid":{"rendered":"http:\/\/dev.pszczoly.info\/?page_id=49"},"modified":"2018-08-23T09:45:16","modified_gmt":"2018-08-23T07:45:16","slug":"miod-wielokwiatowy","status":"publish","type":"page","link":"https:\/\/pszczoly.info\/en\/miod-wielokwiatowy\/","title":{"rendered":"MI\u00d3D WIELOKWIATOWY"},"content":{"rendered":"<p><\/p>\n<p><font size=\"2\">Pochodzi z nektaru zbieranego przez pszczo\u0142y z r&oacute;\u017cnych ro\u015blin uprawnych, \u0142\u0105kowych, le\u015bnych i g&oacute;rskich. Ma barw\u0119 jasnokremow\u0105, ale i herbacian\u0105. Po skrystalizowaniu jest r&oacute;\u017cnorodny, zale\u017cny od mieszanki nektar&oacute;w przyniesionych do ula. Walory zdrowotne i lecznicze wynikaj\u0105 z r&oacute;\u017cnorodno\u015bci ro\u015blin, z kt&oacute;rych pszczo\u0142y korzystaj\u0105. Szczeg&oacute;lne zastosowanie, znajduje mi&oacute;d wielokwiatowy, w przypadku chor&oacute;b alergicznych. O jego skuteczno\u015bci decyduje r&oacute;\u017cnorodno\u015b\u0107 antygen&oacute;w py\u0142kowych wchodz\u0105cych w sk\u0142ad miodu wielokwiatowego.<\/font><\/p>\n<p align=\"right\"><span style=\"font-size: 7.5pt; font-family: &#39;Times New Roman&#39;\"><font size=\"3\">dr Jerzy Gala<\/font><\/span><\/p>\n<p style=\"text-align: justify\" class=\"MsoNormal\"><font size=\"2\">Mi&oacute;d wielokwiatowy produkowany przez pszczo\u0142y w pasiece Krzysztofa \u0141ukasiewicza pochodzi z terenu <\/font><font size=\"2\"><strong>Parku Narodowego &bdquo;Uj\u015bcie Warty&rdquo;.<br \/><\/strong>Mi&oacute;d dost\u0119pny jest w naszym sklepie internetowym:<br \/><a href=\"http:\/\/www.sklep.pszczelnictwo.com.pl\/\">www.sklep.pszczelnictwo.com.pl<\/a><\/font><\/p>\n<p>&nbsp;<\/p>\n<p><\/p>","protected":false},"excerpt":{"rendered":"<div class=\"mh-excerpt\"><p>Sorry, this entry is only available in Polski.<\/p>\n<\/div>","protected":false},"author":1,"featured_media":0,"parent":0,"menu_order":0,"comment_status":"closed","ping_status":"closed","template":"","meta":{"footnotes":""},"class_list":["post-49","page","type-page","status-publish","hentry"],"yoast_head":"<!-- This site is optimized with the Yoast SEO plugin v26.9 - https:\/\/yoast.com\/product\/yoast-seo-wordpress\/ -->\n<title>Mi\u00f3d wielokwiatowy - czym jest mi\u00f3d wielokwiatowy i jakie ma w\u0142asciwo\u015bci<\/title>\n<meta name=\"description\" content=\"Mi\u00f3d wielokwiatowy jest najpopularniejszym miodem odmianowym. Ceniony jest ze wzgl\u0119du w leczeniu i profilaktyce chor\u00f3b alergicznych i mi\u0119\u015bnia sercowego.\" \/>\n<meta name=\"robots\" content=\"index, follow, max-snippet:-1, max-image-preview:large, max-video-preview:-1\" \/>\n<link rel=\"canonical\" href=\"https:\/\/pszczoly.info\/miod-wielokwiatowy\/\" \/>\n<meta property=\"og:locale\" content=\"en_US\" \/>\n<meta property=\"og:type\" content=\"article\" \/>\n<meta property=\"og:title\" content=\"Mi\u00f3d wielokwiatowy - czym jest mi\u00f3d wielokwiatowy i jakie ma w\u0142asciwo\u015bci\" \/>\n<meta property=\"og:description\" content=\"Mi\u00f3d wielokwiatowy jest najpopularniejszym miodem odmianowym. Ceniony jest ze wzgl\u0119du w leczeniu i profilaktyce chor\u00f3b alergicznych i mi\u0119\u015bnia sercowego.\" \/>\n<meta property=\"og:url\" content=\"https:\/\/pszczoly.info\/miod-wielokwiatowy\/\" \/>\n<meta property=\"og:site_name\" content=\"pszczoly.info\" \/>\n<meta property=\"article:modified_time\" content=\"2018-08-23T07:45:16+00:00\" \/>\n<meta name=\"twitter:card\" content=\"summary_large_image\" \/>\n<meta name=\"twitter:label1\" content=\"Est. reading time\" \/>\n\t<meta name=\"twitter:data1\" content=\"3 minutes\" \/>\n<script type=\"application\/ld+json\" class=\"yoast-schema-graph\">{\"@context\":\"https:\/\/schema.org\",\"@graph\":[{\"@type\":\"WebPage\",\"@id\":\"https:\/\/pszczoly.info\/miod-wielokwiatowy\/\",\"url\":\"https:\/\/pszczoly.info\/miod-wielokwiatowy\/\",\"name\":\"Mi\u00f3d wielokwiatowy - czym jest mi\u00f3d wielokwiatowy i jakie ma w\u0142asciwo\u015bci\",\"isPartOf\":{\"@id\":\"https:\/\/pszczoly.info\/#website\"},\"datePublished\":\"2015-09-28T20:16:18+00:00\",\"dateModified\":\"2018-08-23T07:45:16+00:00\",\"description\":\"Mi\u00f3d wielokwiatowy jest najpopularniejszym miodem odmianowym. Ceniony jest ze wzgl\u0119du w leczeniu i profilaktyce chor\u00f3b alergicznych i mi\u0119\u015bnia sercowego.\",\"breadcrumb\":{\"@id\":\"https:\/\/pszczoly.info\/miod-wielokwiatowy\/#breadcrumb\"},\"inLanguage\":\"en-US\",\"potentialAction\":[{\"@type\":\"ReadAction\",\"target\":[\"https:\/\/pszczoly.info\/miod-wielokwiatowy\/\"]}]},{\"@type\":\"BreadcrumbList\",\"@id\":\"https:\/\/pszczoly.info\/miod-wielokwiatowy\/#breadcrumb\",\"itemListElement\":[{\"@type\":\"ListItem\",\"position\":1,\"name\":\"Strona g\u0142\u00f3wna\",\"item\":\"https:\/\/pszczoly.info\/\"},{\"@type\":\"ListItem\",\"position\":2,\"name\":\"MI\u00d3D WIELOKWIATOWY\"}]},{\"@type\":\"WebSite\",\"@id\":\"https:\/\/pszczoly.info\/#website\",\"url\":\"https:\/\/pszczoly.info\/\",\"name\":\"Blog pszczelarski\",\"description\":\"Pszczelarstwo - Produkty pszczelarskie - Sprz\u0119t pszczelarski Twoje centrum pszczelarskie\",\"publisher\":{\"@id\":\"https:\/\/pszczoly.info\/#organization\"},\"alternateName\":\"Pszczelarstwo - informacje, artyku\u0142y\",\"potentialAction\":[{\"@type\":\"SearchAction\",\"target\":{\"@type\":\"EntryPoint\",\"urlTemplate\":\"https:\/\/pszczoly.info\/?s={search_term_string}\"},\"query-input\":{\"@type\":\"PropertyValueSpecification\",\"valueRequired\":true,\"valueName\":\"search_term_string\"}}],\"inLanguage\":\"en-US\"},{\"@type\":\"Organization\",\"@id\":\"https:\/\/pszczoly.info\/#organization\",\"name\":\"Centrum Pszczelarskie \u0141ukasiewicz\",\"url\":\"https:\/\/pszczoly.info\/\",\"logo\":{\"@type\":\"ImageObject\",\"inLanguage\":\"en-US\",\"@id\":\"https:\/\/pszczoly.info\/#\/schema\/logo\/image\/\",\"url\":\"https:\/\/pszczoly.info\/wp-content\/uploads\/2016\/11\/cropped-pszczoly-logo-2-1.png\",\"contentUrl\":\"https:\/\/pszczoly.info\/wp-content\/uploads\/2016\/11\/cropped-pszczoly-logo-2-1.png\",\"width\":282,\"height\":94,\"caption\":\"Centrum Pszczelarskie \u0141ukasiewicz\"},\"image\":{\"@id\":\"https:\/\/pszczoly.info\/#\/schema\/logo\/image\/\"}}]}<\/script>\n<!-- \/ Yoast SEO plugin. -->","yoast_head_json":{"title":"Mi\u00f3d wielokwiatowy - czym jest mi\u00f3d wielokwiatowy i jakie ma w\u0142asciwo\u015bci","description":"Mi\u00f3d wielokwiatowy jest najpopularniejszym miodem odmianowym. Ceniony jest ze wzgl\u0119du w leczeniu i profilaktyce chor\u00f3b alergicznych i mi\u0119\u015bnia sercowego.","robots":{"index":"index","follow":"follow","max-snippet":"max-snippet:-1","max-image-preview":"max-image-preview:large","max-video-preview":"max-video-preview:-1"},"canonical":"https:\/\/pszczoly.info\/miod-wielokwiatowy\/","og_locale":"en_US","og_type":"article","og_title":"Mi\u00f3d wielokwiatowy - czym jest mi\u00f3d wielokwiatowy i jakie ma w\u0142asciwo\u015bci","og_description":"Mi\u00f3d wielokwiatowy jest najpopularniejszym miodem odmianowym. Ceniony jest ze wzgl\u0119du w leczeniu i profilaktyce chor\u00f3b alergicznych i mi\u0119\u015bnia sercowego.","og_url":"https:\/\/pszczoly.info\/miod-wielokwiatowy\/","og_site_name":"pszczoly.info","article_modified_time":"2018-08-23T07:45:16+00:00","twitter_card":"summary_large_image","twitter_misc":{"Est. reading time":"3 minutes"},"schema":{"@context":"https:\/\/schema.org","@graph":[{"@type":"WebPage","@id":"https:\/\/pszczoly.info\/miod-wielokwiatowy\/","url":"https:\/\/pszczoly.info\/miod-wielokwiatowy\/","name":"Mi\u00f3d wielokwiatowy - czym jest mi\u00f3d wielokwiatowy i jakie ma w\u0142asciwo\u015bci","isPartOf":{"@id":"https:\/\/pszczoly.info\/#website"},"datePublished":"2015-09-28T20:16:18+00:00","dateModified":"2018-08-23T07:45:16+00:00","description":"Mi\u00f3d wielokwiatowy jest najpopularniejszym miodem odmianowym. Ceniony jest ze wzgl\u0119du w leczeniu i profilaktyce chor\u00f3b alergicznych i mi\u0119\u015bnia sercowego.","breadcrumb":{"@id":"https:\/\/pszczoly.info\/miod-wielokwiatowy\/#breadcrumb"},"inLanguage":"en-US","potentialAction":[{"@type":"ReadAction","target":["https:\/\/pszczoly.info\/miod-wielokwiatowy\/"]}]},{"@type":"BreadcrumbList","@id":"https:\/\/pszczoly.info\/miod-wielokwiatowy\/#breadcrumb","itemListElement":[{"@type":"ListItem","position":1,"name":"Strona g\u0142\u00f3wna","item":"https:\/\/pszczoly.info\/"},{"@type":"ListItem","position":2,"name":"MI\u00d3D WIELOKWIATOWY"}]},{"@type":"WebSite","@id":"https:\/\/pszczoly.info\/#website","url":"https:\/\/pszczoly.info\/","name":"Blog pszczelarski","description":"Pszczelarstwo - Produkty pszczelarskie - Sprz\u0119t pszczelarski Twoje centrum pszczelarskie","publisher":{"@id":"https:\/\/pszczoly.info\/#organization"},"alternateName":"Pszczelarstwo - informacje, artyku\u0142y","potentialAction":[{"@type":"SearchAction","target":{"@type":"EntryPoint","urlTemplate":"https:\/\/pszczoly.info\/?s={search_term_string}"},"query-input":{"@type":"PropertyValueSpecification","valueRequired":true,"valueName":"search_term_string"}}],"inLanguage":"en-US"},{"@type":"Organization","@id":"https:\/\/pszczoly.info\/#organization","name":"Centrum Pszczelarskie \u0141ukasiewicz","url":"https:\/\/pszczoly.info\/","logo":{"@type":"ImageObject","inLanguage":"en-US","@id":"https:\/\/pszczoly.info\/#\/schema\/logo\/image\/","url":"https:\/\/pszczoly.info\/wp-content\/uploads\/2016\/11\/cropped-pszczoly-logo-2-1.png","contentUrl":"https:\/\/pszczoly.info\/wp-content\/uploads\/2016\/11\/cropped-pszczoly-logo-2-1.png","width":282,"height":94,"caption":"Centrum Pszczelarskie \u0141ukasiewicz"},"image":{"@id":"https:\/\/pszczoly.info\/#\/schema\/logo\/image\/"}}]}},"_links":{"self":[{"href":"https:\/\/pszczoly.info\/en\/wp-json\/wp\/v2\/pages\/49","targetHints":{"allow":["GET"]}}],"collection":[{"href":"https:\/\/pszczoly.info\/en\/wp-json\/wp\/v2\/pages"}],"about":[{"href":"https:\/\/pszczoly.info\/en\/wp-json\/wp\/v2\/types\/page"}],"author":[{"embeddable":true,"href":"https:\/\/pszczoly.info\/en\/wp-json\/wp\/v2\/users\/1"}],"replies":[{"embeddable":true,"href":"https:\/\/pszczoly.info\/en\/wp-json\/wp\/v2\/comments?post=49"}],"version-history":[{"count":13,"href":"https:\/\/pszczoly.info\/en\/wp-json\/wp\/v2\/pages\/49\/revisions"}],"predecessor-version":[{"id":1126,"href":"https:\/\/pszczoly.info\/en\/wp-json\/wp\/v2\/pages\/49\/revisions\/1126"}],"wp:attachment":[{"href":"https:\/\/pszczoly.info\/en\/wp-json\/wp\/v2\/media?parent=49"}],"curies":[{"name":"wp","href":"https:\/\/api.w.org\/{rel}","templated":true}]}}