{"id":43,"date":"2015-09-28T22:14:11","date_gmt":"2015-09-28T20:14:11","guid":{"rendered":"http:\/\/dev.pszczoly.info\/?page_id=43"},"modified":"2018-08-23T09:41:02","modified_gmt":"2018-08-23T07:41:02","slug":"miod-rzepakowy","status":"publish","type":"page","link":"https:\/\/pszczoly.info\/en\/miod-rzepakowy\/","title":{"rendered":"MI\u00d3D RZEPAKOWY"},"content":{"rendered":"<p><\/p>\n<p align=\"justify\"><font size=\"2\">W stanie p\u0142ynnym jest bezbarwny albo w kolorze s\u0142omkowym. Po skrystalizowaniu jest barwy bia\u0142o kremowej. Krystalizuje szybko ze wzgl\u0119du na du\u017c\u0105 zawarto\u015b\u0107 glukozy, przyjmuj\u0105c konsystencj\u0119 mazist\u0105. Zapach ma s\u0142aby, zbli\u017cony do zapachu kwitn\u0105cego rzepaku. Mi&oacute;d rzepakowy stosowany jest w chorobach uk\u0142adu kr\u0105\u017cenia (mia\u017cd\u017cyca), w chorobach w\u0105troby oraz przy stanach zapalnych g&oacute;rnych dr&oacute;g oddechowych a tak\u017ce przy schorzeniach sk&oacute;ry. Wyr&oacute;wnuje w organizmie niedobory potasu. Obni\u017ca ci\u015bnienie krwi. Przeciwdzia\u0142a mia\u017cd\u017cycy oraz poprawia zaopatrzenie mi\u0119\u015bnia sercowego w tlen i elementy od\u017cywcze. Stosowany zewn\u0119trznie, w przypadku oparze\u0144, zapobiega tworzeniu si\u0119 p\u0119cherzy i zwi\u0105zanych z nimi infekcji. Przy\u015bpiesza proces ziarninowania a w nast\u0119pstwie gojenia si\u0119 ran.<\/font><\/p>\n<p><font size=\"2\"><\/p>\n<p align=\"right\"><span style=\"font-size: 7.5pt; font-family: &#39;Times New Roman&#39;\"><font size=\"3\">dr Jerzy Gala<\/font><\/span><\/p>\n<p align=\"justify\">Mi&oacute;d dost\u0119pny jest w naszym sklepie internetowym:<br \/><a href=\"http:\/\/www.sklep.pszczelnictwo.com.pl\/\">www.sklep.pszczelnictwo.com.pl<\/a><\/p>\n<p><\/font><\/p>\n<p align=\"justify\"><font size=\"2\">Dost\u0119pny tak\u017ce w wersji kremowanej.<\/font><\/p>\n<p><\/p>","protected":false},"excerpt":{"rendered":"<div class=\"mh-excerpt\"><p>Sorry, this entry is only available in Polski.<\/p>\n<\/div>","protected":false},"author":1,"featured_media":0,"parent":0,"menu_order":0,"comment_status":"closed","ping_status":"closed","template":"","meta":{"footnotes":""},"class_list":["post-43","page","type-page","status-publish","hentry"],"yoast_head":"<!-- This site is optimized with the Yoast SEO plugin v26.9 - https:\/\/yoast.com\/product\/yoast-seo-wordpress\/ -->\n<title>Mi\u00f3d rzepakowy - cechy i w\u0142a\u015bciwo\u015bci miodu rzepakowego | Pszczoly.info<\/title>\n<meta name=\"description\" content=\"Mi\u00f3d rzepakowy jest jednym z pierwszych wiosennych miod\u00f3w. Mi\u00f3d rzepakowy nale\u017cy do najcz\u0119\u015bciej wyst\u0119puj\u0105cych w Polsce miod\u00f3w odmianowych.\" \/>\n<meta name=\"robots\" content=\"index, follow, max-snippet:-1, max-image-preview:large, max-video-preview:-1\" \/>\n<link rel=\"canonical\" href=\"https:\/\/pszczoly.info\/miod-rzepakowy\/\" \/>\n<meta property=\"og:locale\" content=\"en_US\" \/>\n<meta property=\"og:type\" content=\"article\" \/>\n<meta property=\"og:title\" content=\"Mi\u00f3d rzepakowy - cechy i w\u0142a\u015bciwo\u015bci miodu rzepakowego | Pszczoly.info\" \/>\n<meta property=\"og:description\" content=\"Mi\u00f3d rzepakowy jest jednym z pierwszych wiosennych miod\u00f3w. Mi\u00f3d rzepakowy nale\u017cy do najcz\u0119\u015bciej wyst\u0119puj\u0105cych w Polsce miod\u00f3w odmianowych.\" \/>\n<meta property=\"og:url\" content=\"https:\/\/pszczoly.info\/miod-rzepakowy\/\" \/>\n<meta property=\"og:site_name\" content=\"pszczoly.info\" \/>\n<meta property=\"article:modified_time\" content=\"2018-08-23T07:41:02+00:00\" \/>\n<meta name=\"twitter:card\" content=\"summary_large_image\" \/>\n<meta name=\"twitter:label1\" content=\"Est. reading time\" \/>\n\t<meta name=\"twitter:data1\" content=\"2 minutes\" \/>\n<script type=\"application\/ld+json\" class=\"yoast-schema-graph\">{\"@context\":\"https:\/\/schema.org\",\"@graph\":[{\"@type\":\"WebPage\",\"@id\":\"https:\/\/pszczoly.info\/miod-rzepakowy\/\",\"url\":\"https:\/\/pszczoly.info\/miod-rzepakowy\/\",\"name\":\"Mi\u00f3d rzepakowy - cechy i w\u0142a\u015bciwo\u015bci miodu rzepakowego | Pszczoly.info\",\"isPartOf\":{\"@id\":\"https:\/\/pszczoly.info\/#website\"},\"datePublished\":\"2015-09-28T20:14:11+00:00\",\"dateModified\":\"2018-08-23T07:41:02+00:00\",\"description\":\"Mi\u00f3d rzepakowy jest jednym z pierwszych wiosennych miod\u00f3w. Mi\u00f3d rzepakowy nale\u017cy do najcz\u0119\u015bciej wyst\u0119puj\u0105cych w Polsce miod\u00f3w odmianowych.\",\"breadcrumb\":{\"@id\":\"https:\/\/pszczoly.info\/miod-rzepakowy\/#breadcrumb\"},\"inLanguage\":\"en-US\",\"potentialAction\":[{\"@type\":\"ReadAction\",\"target\":[\"https:\/\/pszczoly.info\/miod-rzepakowy\/\"]}]},{\"@type\":\"BreadcrumbList\",\"@id\":\"https:\/\/pszczoly.info\/miod-rzepakowy\/#breadcrumb\",\"itemListElement\":[{\"@type\":\"ListItem\",\"position\":1,\"name\":\"Strona g\u0142\u00f3wna\",\"item\":\"https:\/\/pszczoly.info\/\"},{\"@type\":\"ListItem\",\"position\":2,\"name\":\"MI\u00d3D RZEPAKOWY\"}]},{\"@type\":\"WebSite\",\"@id\":\"https:\/\/pszczoly.info\/#website\",\"url\":\"https:\/\/pszczoly.info\/\",\"name\":\"Blog pszczelarski\",\"description\":\"Pszczelarstwo - Produkty pszczelarskie - Sprz\u0119t pszczelarski Twoje centrum pszczelarskie\",\"publisher\":{\"@id\":\"https:\/\/pszczoly.info\/#organization\"},\"alternateName\":\"Pszczelarstwo - informacje, artyku\u0142y\",\"potentialAction\":[{\"@type\":\"SearchAction\",\"target\":{\"@type\":\"EntryPoint\",\"urlTemplate\":\"https:\/\/pszczoly.info\/?s={search_term_string}\"},\"query-input\":{\"@type\":\"PropertyValueSpecification\",\"valueRequired\":true,\"valueName\":\"search_term_string\"}}],\"inLanguage\":\"en-US\"},{\"@type\":\"Organization\",\"@id\":\"https:\/\/pszczoly.info\/#organization\",\"name\":\"Centrum Pszczelarskie \u0141ukasiewicz\",\"url\":\"https:\/\/pszczoly.info\/\",\"logo\":{\"@type\":\"ImageObject\",\"inLanguage\":\"en-US\",\"@id\":\"https:\/\/pszczoly.info\/#\/schema\/logo\/image\/\",\"url\":\"https:\/\/pszczoly.info\/wp-content\/uploads\/2016\/11\/cropped-pszczoly-logo-2-1.png\",\"contentUrl\":\"https:\/\/pszczoly.info\/wp-content\/uploads\/2016\/11\/cropped-pszczoly-logo-2-1.png\",\"width\":282,\"height\":94,\"caption\":\"Centrum Pszczelarskie \u0141ukasiewicz\"},\"image\":{\"@id\":\"https:\/\/pszczoly.info\/#\/schema\/logo\/image\/\"}}]}<\/script>\n<!-- \/ Yoast SEO plugin. -->","yoast_head_json":{"title":"Mi\u00f3d rzepakowy - cechy i w\u0142a\u015bciwo\u015bci miodu rzepakowego | Pszczoly.info","description":"Mi\u00f3d rzepakowy jest jednym z pierwszych wiosennych miod\u00f3w. Mi\u00f3d rzepakowy nale\u017cy do najcz\u0119\u015bciej wyst\u0119puj\u0105cych w Polsce miod\u00f3w odmianowych.","robots":{"index":"index","follow":"follow","max-snippet":"max-snippet:-1","max-image-preview":"max-image-preview:large","max-video-preview":"max-video-preview:-1"},"canonical":"https:\/\/pszczoly.info\/miod-rzepakowy\/","og_locale":"en_US","og_type":"article","og_title":"Mi\u00f3d rzepakowy - cechy i w\u0142a\u015bciwo\u015bci miodu rzepakowego | Pszczoly.info","og_description":"Mi\u00f3d rzepakowy jest jednym z pierwszych wiosennych miod\u00f3w. Mi\u00f3d rzepakowy nale\u017cy do najcz\u0119\u015bciej wyst\u0119puj\u0105cych w Polsce miod\u00f3w odmianowych.","og_url":"https:\/\/pszczoly.info\/miod-rzepakowy\/","og_site_name":"pszczoly.info","article_modified_time":"2018-08-23T07:41:02+00:00","twitter_card":"summary_large_image","twitter_misc":{"Est. reading time":"2 minutes"},"schema":{"@context":"https:\/\/schema.org","@graph":[{"@type":"WebPage","@id":"https:\/\/pszczoly.info\/miod-rzepakowy\/","url":"https:\/\/pszczoly.info\/miod-rzepakowy\/","name":"Mi\u00f3d rzepakowy - cechy i w\u0142a\u015bciwo\u015bci miodu rzepakowego | Pszczoly.info","isPartOf":{"@id":"https:\/\/pszczoly.info\/#website"},"datePublished":"2015-09-28T20:14:11+00:00","dateModified":"2018-08-23T07:41:02+00:00","description":"Mi\u00f3d rzepakowy jest jednym z pierwszych wiosennych miod\u00f3w. Mi\u00f3d rzepakowy nale\u017cy do najcz\u0119\u015bciej wyst\u0119puj\u0105cych w Polsce miod\u00f3w odmianowych.","breadcrumb":{"@id":"https:\/\/pszczoly.info\/miod-rzepakowy\/#breadcrumb"},"inLanguage":"en-US","potentialAction":[{"@type":"ReadAction","target":["https:\/\/pszczoly.info\/miod-rzepakowy\/"]}]},{"@type":"BreadcrumbList","@id":"https:\/\/pszczoly.info\/miod-rzepakowy\/#breadcrumb","itemListElement":[{"@type":"ListItem","position":1,"name":"Strona g\u0142\u00f3wna","item":"https:\/\/pszczoly.info\/"},{"@type":"ListItem","position":2,"name":"MI\u00d3D RZEPAKOWY"}]},{"@type":"WebSite","@id":"https:\/\/pszczoly.info\/#website","url":"https:\/\/pszczoly.info\/","name":"Blog pszczelarski","description":"Pszczelarstwo - Produkty pszczelarskie - Sprz\u0119t pszczelarski Twoje centrum pszczelarskie","publisher":{"@id":"https:\/\/pszczoly.info\/#organization"},"alternateName":"Pszczelarstwo - informacje, artyku\u0142y","potentialAction":[{"@type":"SearchAction","target":{"@type":"EntryPoint","urlTemplate":"https:\/\/pszczoly.info\/?s={search_term_string}"},"query-input":{"@type":"PropertyValueSpecification","valueRequired":true,"valueName":"search_term_string"}}],"inLanguage":"en-US"},{"@type":"Organization","@id":"https:\/\/pszczoly.info\/#organization","name":"Centrum Pszczelarskie \u0141ukasiewicz","url":"https:\/\/pszczoly.info\/","logo":{"@type":"ImageObject","inLanguage":"en-US","@id":"https:\/\/pszczoly.info\/#\/schema\/logo\/image\/","url":"https:\/\/pszczoly.info\/wp-content\/uploads\/2016\/11\/cropped-pszczoly-logo-2-1.png","contentUrl":"https:\/\/pszczoly.info\/wp-content\/uploads\/2016\/11\/cropped-pszczoly-logo-2-1.png","width":282,"height":94,"caption":"Centrum Pszczelarskie \u0141ukasiewicz"},"image":{"@id":"https:\/\/pszczoly.info\/#\/schema\/logo\/image\/"}}]}},"_links":{"self":[{"href":"https:\/\/pszczoly.info\/en\/wp-json\/wp\/v2\/pages\/43","targetHints":{"allow":["GET"]}}],"collection":[{"href":"https:\/\/pszczoly.info\/en\/wp-json\/wp\/v2\/pages"}],"about":[{"href":"https:\/\/pszczoly.info\/en\/wp-json\/wp\/v2\/types\/page"}],"author":[{"embeddable":true,"href":"https:\/\/pszczoly.info\/en\/wp-json\/wp\/v2\/users\/1"}],"replies":[{"embeddable":true,"href":"https:\/\/pszczoly.info\/en\/wp-json\/wp\/v2\/comments?post=43"}],"version-history":[{"count":9,"href":"https:\/\/pszczoly.info\/en\/wp-json\/wp\/v2\/pages\/43\/revisions"}],"predecessor-version":[{"id":1123,"href":"https:\/\/pszczoly.info\/en\/wp-json\/wp\/v2\/pages\/43\/revisions\/1123"}],"wp:attachment":[{"href":"https:\/\/pszczoly.info\/en\/wp-json\/wp\/v2\/media?parent=43"}],"curies":[{"name":"wp","href":"https:\/\/api.w.org\/{rel}","templated":true}]}}