{"id":36,"date":"2015-09-28T22:04:50","date_gmt":"2015-09-28T20:04:50","guid":{"rendered":"http:\/\/dev.pszczoly.info\/?page_id=36"},"modified":"2015-09-28T22:04:50","modified_gmt":"2015-09-28T20:04:50","slug":"testy-pszczelarskie","status":"publish","type":"page","link":"https:\/\/pszczoly.info\/en\/testy-pszczelarskie\/","title":{"rendered":"TESTY PSZCZELARSKIE"},"content":{"rendered":"<p align=\"center\">Poni\u017cej prezentuj\u0119 testy pszczelarskie, kt&oacute;re by\u0142y przeprowadzone w szko\u0142ach w ubieg\u0142ych latach. Mam nadziej\u0119, i\u017c pos\u0142u\u017c\u0105 one do nauki w nast\u0119pnych Konkursach Pszczelarskich w naszym kraju.<\/p>\n<p align=\"center\">STYCZE\u0143 &#8211; ETAP SZKOLNY<br \/>MARZEC &#8211; ETAP WOJEW&Oacute;DZKI ZSE przy ul. D\u0105browskiego w Gorzowie Wlkp.<\/p>\n<p align=\"center\">Do pobrania:<\/p>\n<p align=\"center\"><strong>TEST 2005<\/strong><\/p>\n<p align=\"center\"><a href=\"https:\/\/pszczoly.info\/pszczelarskie\/test\/2005test.pdf\" target=\"_blank\" title=\"test 2005\">test 2005<\/a><\/p>\n<p align=\"center\"><a href=\"https:\/\/pszczoly.info\/pszczelarskie\/test\/2005klucz.pdf\" target=\"_blank\" title=\"Klucz do testu 2005\">klucz do testu 2005<\/a><\/p>\n<p align=\"center\"><strong>TEST 2007<\/strong><\/p>\n<p align=\"center\"><a href=\"https:\/\/pszczoly.info\/pszczelarskie\/test\/2007test.pdf\" target=\"_blank\" title=\"Test 2007\">test 2007<\/a><\/p>\n<p align=\"center\"><a href=\"https:\/\/pszczoly.info\/pszczelarskie\/test\/2007klucz.pdf\" target=\"_blank\" title=\"Klucz do testu 2007\">klucz do testu 2007<\/a><\/p>\n","protected":false},"excerpt":{"rendered":"<div class=\"mh-excerpt\"><p>Poni\u017cej prezentuj\u0119 testy pszczelarskie, kt&oacute;re by\u0142y przeprowadzone w szko\u0142ach w ubieg\u0142ych latach. Mam nadziej\u0119, i\u017c pos\u0142u\u017c\u0105 one do nauki w nast\u0119pnych Konkursach Pszczelarskich w naszym <a class=\"mh-excerpt-more\" href=\"https:\/\/pszczoly.info\/en\/testy-pszczelarskie\/\" title=\"TESTY PSZCZELARSKIE\">[&#8230;]<\/a><\/p>\n<\/div>","protected":false},"author":1,"featured_media":0,"parent":0,"menu_order":0,"comment_status":"closed","ping_status":"closed","template":"","meta":{"footnotes":""},"class_list":["post-36","page","type-page","status-publish","hentry"],"yoast_head":"<!-- This site is optimized with the Yoast SEO plugin v26.9 - https:\/\/yoast.com\/product\/yoast-seo-wordpress\/ -->\n<title>TESTY PSZCZELARSKIE - pszczoly.info<\/title>\n<meta name=\"description\" content=\"Testy pszczelarskie do uzupe\u0142nienia wraz z odpowiedziami. Etap szkolny i etap wojew\u00f3dzki.\" \/>\n<meta name=\"robots\" content=\"index, follow, max-snippet:-1, max-image-preview:large, max-video-preview:-1\" \/>\n<link rel=\"canonical\" href=\"https:\/\/pszczoly.info\/testy-pszczelarskie\/\" \/>\n<meta property=\"og:locale\" content=\"en_US\" \/>\n<meta property=\"og:type\" content=\"article\" \/>\n<meta property=\"og:title\" content=\"TESTY PSZCZELARSKIE - pszczoly.info\" \/>\n<meta property=\"og:description\" content=\"Testy pszczelarskie do uzupe\u0142nienia wraz z odpowiedziami. Etap szkolny i etap wojew\u00f3dzki.\" \/>\n<meta property=\"og:url\" content=\"https:\/\/pszczoly.info\/testy-pszczelarskie\/\" \/>\n<meta property=\"og:site_name\" content=\"pszczoly.info\" \/>\n<meta name=\"twitter:card\" content=\"summary_large_image\" \/>\n<script type=\"application\/ld+json\" class=\"yoast-schema-graph\">{\"@context\":\"https:\/\/schema.org\",\"@graph\":[{\"@type\":\"WebPage\",\"@id\":\"https:\/\/pszczoly.info\/testy-pszczelarskie\/\",\"url\":\"https:\/\/pszczoly.info\/testy-pszczelarskie\/\",\"name\":\"TESTY PSZCZELARSKIE - pszczoly.info\",\"isPartOf\":{\"@id\":\"https:\/\/pszczoly.info\/#website\"},\"datePublished\":\"2015-09-28T20:04:50+00:00\",\"description\":\"Testy pszczelarskie do uzupe\u0142nienia wraz z odpowiedziami. Etap szkolny i etap wojew\u00f3dzki.\",\"breadcrumb\":{\"@id\":\"https:\/\/pszczoly.info\/testy-pszczelarskie\/#breadcrumb\"},\"inLanguage\":\"en-US\",\"potentialAction\":[{\"@type\":\"ReadAction\",\"target\":[\"https:\/\/pszczoly.info\/testy-pszczelarskie\/\"]}]},{\"@type\":\"BreadcrumbList\",\"@id\":\"https:\/\/pszczoly.info\/testy-pszczelarskie\/#breadcrumb\",\"itemListElement\":[{\"@type\":\"ListItem\",\"position\":1,\"name\":\"Strona g\u0142\u00f3wna\",\"item\":\"https:\/\/pszczoly.info\/\"},{\"@type\":\"ListItem\",\"position\":2,\"name\":\"TESTY PSZCZELARSKIE\"}]},{\"@type\":\"WebSite\",\"@id\":\"https:\/\/pszczoly.info\/#website\",\"url\":\"https:\/\/pszczoly.info\/\",\"name\":\"Blog pszczelarski\",\"description\":\"Pszczelarstwo - Produkty pszczelarskie - Sprz\u0119t pszczelarski Twoje centrum pszczelarskie\",\"publisher\":{\"@id\":\"https:\/\/pszczoly.info\/#organization\"},\"alternateName\":\"Pszczelarstwo - informacje, artyku\u0142y\",\"potentialAction\":[{\"@type\":\"SearchAction\",\"target\":{\"@type\":\"EntryPoint\",\"urlTemplate\":\"https:\/\/pszczoly.info\/?s={search_term_string}\"},\"query-input\":{\"@type\":\"PropertyValueSpecification\",\"valueRequired\":true,\"valueName\":\"search_term_string\"}}],\"inLanguage\":\"en-US\"},{\"@type\":\"Organization\",\"@id\":\"https:\/\/pszczoly.info\/#organization\",\"name\":\"Centrum Pszczelarskie \u0141ukasiewicz\",\"url\":\"https:\/\/pszczoly.info\/\",\"logo\":{\"@type\":\"ImageObject\",\"inLanguage\":\"en-US\",\"@id\":\"https:\/\/pszczoly.info\/#\/schema\/logo\/image\/\",\"url\":\"https:\/\/pszczoly.info\/wp-content\/uploads\/2016\/11\/cropped-pszczoly-logo-2-1.png\",\"contentUrl\":\"https:\/\/pszczoly.info\/wp-content\/uploads\/2016\/11\/cropped-pszczoly-logo-2-1.png\",\"width\":282,\"height\":94,\"caption\":\"Centrum Pszczelarskie \u0141ukasiewicz\"},\"image\":{\"@id\":\"https:\/\/pszczoly.info\/#\/schema\/logo\/image\/\"}}]}<\/script>\n<!-- \/ Yoast SEO plugin. -->","yoast_head_json":{"title":"TESTY PSZCZELARSKIE - pszczoly.info","description":"Testy pszczelarskie do uzupe\u0142nienia wraz z odpowiedziami. Etap szkolny i etap wojew\u00f3dzki.","robots":{"index":"index","follow":"follow","max-snippet":"max-snippet:-1","max-image-preview":"max-image-preview:large","max-video-preview":"max-video-preview:-1"},"canonical":"https:\/\/pszczoly.info\/testy-pszczelarskie\/","og_locale":"en_US","og_type":"article","og_title":"TESTY PSZCZELARSKIE - pszczoly.info","og_description":"Testy pszczelarskie do uzupe\u0142nienia wraz z odpowiedziami. Etap szkolny i etap wojew\u00f3dzki.","og_url":"https:\/\/pszczoly.info\/testy-pszczelarskie\/","og_site_name":"pszczoly.info","twitter_card":"summary_large_image","schema":{"@context":"https:\/\/schema.org","@graph":[{"@type":"WebPage","@id":"https:\/\/pszczoly.info\/testy-pszczelarskie\/","url":"https:\/\/pszczoly.info\/testy-pszczelarskie\/","name":"TESTY PSZCZELARSKIE - pszczoly.info","isPartOf":{"@id":"https:\/\/pszczoly.info\/#website"},"datePublished":"2015-09-28T20:04:50+00:00","description":"Testy pszczelarskie do uzupe\u0142nienia wraz z odpowiedziami. Etap szkolny i etap wojew\u00f3dzki.","breadcrumb":{"@id":"https:\/\/pszczoly.info\/testy-pszczelarskie\/#breadcrumb"},"inLanguage":"en-US","potentialAction":[{"@type":"ReadAction","target":["https:\/\/pszczoly.info\/testy-pszczelarskie\/"]}]},{"@type":"BreadcrumbList","@id":"https:\/\/pszczoly.info\/testy-pszczelarskie\/#breadcrumb","itemListElement":[{"@type":"ListItem","position":1,"name":"Strona g\u0142\u00f3wna","item":"https:\/\/pszczoly.info\/"},{"@type":"ListItem","position":2,"name":"TESTY PSZCZELARSKIE"}]},{"@type":"WebSite","@id":"https:\/\/pszczoly.info\/#website","url":"https:\/\/pszczoly.info\/","name":"Blog pszczelarski","description":"Pszczelarstwo - Produkty pszczelarskie - Sprz\u0119t pszczelarski Twoje centrum pszczelarskie","publisher":{"@id":"https:\/\/pszczoly.info\/#organization"},"alternateName":"Pszczelarstwo - informacje, artyku\u0142y","potentialAction":[{"@type":"SearchAction","target":{"@type":"EntryPoint","urlTemplate":"https:\/\/pszczoly.info\/?s={search_term_string}"},"query-input":{"@type":"PropertyValueSpecification","valueRequired":true,"valueName":"search_term_string"}}],"inLanguage":"en-US"},{"@type":"Organization","@id":"https:\/\/pszczoly.info\/#organization","name":"Centrum Pszczelarskie \u0141ukasiewicz","url":"https:\/\/pszczoly.info\/","logo":{"@type":"ImageObject","inLanguage":"en-US","@id":"https:\/\/pszczoly.info\/#\/schema\/logo\/image\/","url":"https:\/\/pszczoly.info\/wp-content\/uploads\/2016\/11\/cropped-pszczoly-logo-2-1.png","contentUrl":"https:\/\/pszczoly.info\/wp-content\/uploads\/2016\/11\/cropped-pszczoly-logo-2-1.png","width":282,"height":94,"caption":"Centrum Pszczelarskie \u0141ukasiewicz"},"image":{"@id":"https:\/\/pszczoly.info\/#\/schema\/logo\/image\/"}}]}},"_links":{"self":[{"href":"https:\/\/pszczoly.info\/en\/wp-json\/wp\/v2\/pages\/36","targetHints":{"allow":["GET"]}}],"collection":[{"href":"https:\/\/pszczoly.info\/en\/wp-json\/wp\/v2\/pages"}],"about":[{"href":"https:\/\/pszczoly.info\/en\/wp-json\/wp\/v2\/types\/page"}],"author":[{"embeddable":true,"href":"https:\/\/pszczoly.info\/en\/wp-json\/wp\/v2\/users\/1"}],"replies":[{"embeddable":true,"href":"https:\/\/pszczoly.info\/en\/wp-json\/wp\/v2\/comments?post=36"}],"version-history":[{"count":1,"href":"https:\/\/pszczoly.info\/en\/wp-json\/wp\/v2\/pages\/36\/revisions"}],"predecessor-version":[{"id":38,"href":"https:\/\/pszczoly.info\/en\/wp-json\/wp\/v2\/pages\/36\/revisions\/38"}],"wp:attachment":[{"href":"https:\/\/pszczoly.info\/en\/wp-json\/wp\/v2\/media?parent=36"}],"curies":[{"name":"wp","href":"https:\/\/api.w.org\/{rel}","templated":true}]}}