{"id":322,"date":"2016-11-04T07:34:50","date_gmt":"2016-11-04T06:34:50","guid":{"rendered":"https:\/\/pszczoly.info\/?page_id=322"},"modified":"2018-08-23T10:06:07","modified_gmt":"2018-08-23T08:06:07","slug":"pierzga-pszczela-czym-powstaje-wlasciwosci-blog-pszczelarski","status":"publish","type":"page","link":"https:\/\/pszczoly.info\/en\/pierzga-pszczela-czym-powstaje-wlasciwosci-blog-pszczelarski\/","title":{"rendered":"(Polski) Pierzga pszczela &#8211; czym jest, jak powstaje, jakie ma w\u0142a\u015bciwo\u015bci | Blog pszczelarski"},"content":{"rendered":"<p class=\"qtranxs-available-languages-message qtranxs-available-languages-message-en\">Sorry, this entry is only available in <a href=\"https:\/\/pszczoly.info\/pl\/wp-json\/wp\/v2\/pages\/322\" class=\"qtranxs-available-language-link qtranxs-available-language-link-pl\" title=\"Polski\">Polski<\/a>.<\/p>","protected":false},"excerpt":{"rendered":"<div class=\"mh-excerpt\"><p>Sorry, this entry is only available in Polski.<\/p>\n<\/div>","protected":false},"author":1,"featured_media":0,"parent":0,"menu_order":0,"comment_status":"closed","ping_status":"closed","template":"","meta":{"footnotes":""},"class_list":["post-322","page","type-page","status-publish","hentry"],"yoast_head":"<!-- This site is optimized with the Yoast SEO plugin v26.9 - https:\/\/yoast.com\/product\/yoast-seo-wordpress\/ -->\n<title>Pierzga pszczela - czym jest, jak powstaje, jakie ma w\u0142a\u015bciwo\u015bci | Blog<\/title>\n<meta name=\"description\" content=\"Pierzga pszczela jest jednym z najzdrowszych produkt\u00f3w pszczelich. Zobacz czym jest, jak powstaje, jakie ma w\u0142a\u015bciwo\u015bci i jak j\u0105 stosowa\u0107.\" \/>\n<meta name=\"robots\" content=\"index, follow, max-snippet:-1, max-image-preview:large, max-video-preview:-1\" \/>\n<link rel=\"canonical\" href=\"https:\/\/pszczoly.info\/pierzga-pszczela-czym-powstaje-wlasciwosci-blog-pszczelarski\/\" \/>\n<meta property=\"og:locale\" content=\"en_US\" \/>\n<meta property=\"og:type\" content=\"article\" \/>\n<meta property=\"og:title\" content=\"Pierzga pszczela - czym jest, jak powstaje, jakie ma w\u0142a\u015bciwo\u015bci | Blog\" \/>\n<meta property=\"og:description\" content=\"Pierzga pszczela jest jednym z najzdrowszych produkt\u00f3w pszczelich. Zobacz czym jest, jak powstaje, jakie ma w\u0142a\u015bciwo\u015bci i jak j\u0105 stosowa\u0107.\" \/>\n<meta property=\"og:url\" content=\"https:\/\/pszczoly.info\/pierzga-pszczela-czym-powstaje-wlasciwosci-blog-pszczelarski\/\" \/>\n<meta property=\"og:site_name\" content=\"pszczoly.info\" \/>\n<meta property=\"article:modified_time\" content=\"2018-08-23T08:06:07+00:00\" \/>\n<meta name=\"twitter:card\" content=\"summary_large_image\" \/>\n<meta name=\"twitter:label1\" content=\"Est. reading time\" \/>\n\t<meta name=\"twitter:data1\" content=\"2 minutes\" \/>\n<script type=\"application\/ld+json\" class=\"yoast-schema-graph\">{\"@context\":\"https:\/\/schema.org\",\"@graph\":[{\"@type\":\"WebPage\",\"@id\":\"https:\/\/pszczoly.info\/pierzga-pszczela-czym-powstaje-wlasciwosci-blog-pszczelarski\/\",\"url\":\"https:\/\/pszczoly.info\/pierzga-pszczela-czym-powstaje-wlasciwosci-blog-pszczelarski\/\",\"name\":\"Pierzga pszczela - czym jest, jak powstaje, jakie ma w\u0142a\u015bciwo\u015bci | Blog\",\"isPartOf\":{\"@id\":\"https:\/\/pszczoly.info\/#website\"},\"datePublished\":\"2016-11-04T06:34:50+00:00\",\"dateModified\":\"2018-08-23T08:06:07+00:00\",\"description\":\"Pierzga pszczela jest jednym z najzdrowszych produkt\u00f3w pszczelich. Zobacz czym jest, jak powstaje, jakie ma w\u0142a\u015bciwo\u015bci i jak j\u0105 stosowa\u0107.\",\"breadcrumb\":{\"@id\":\"https:\/\/pszczoly.info\/pierzga-pszczela-czym-powstaje-wlasciwosci-blog-pszczelarski\/#breadcrumb\"},\"inLanguage\":\"en-US\",\"potentialAction\":[{\"@type\":\"ReadAction\",\"target\":[\"https:\/\/pszczoly.info\/pierzga-pszczela-czym-powstaje-wlasciwosci-blog-pszczelarski\/\"]}]},{\"@type\":\"BreadcrumbList\",\"@id\":\"https:\/\/pszczoly.info\/pierzga-pszczela-czym-powstaje-wlasciwosci-blog-pszczelarski\/#breadcrumb\",\"itemListElement\":[{\"@type\":\"ListItem\",\"position\":1,\"name\":\"Strona g\u0142\u00f3wna\",\"item\":\"https:\/\/pszczoly.info\/\"},{\"@type\":\"ListItem\",\"position\":2,\"name\":\"Pierzga pszczela &#8211; czym jest, jak powstaje, jakie ma w\u0142a\u015bciwo\u015bci | Blog pszczelarski\"}]},{\"@type\":\"WebSite\",\"@id\":\"https:\/\/pszczoly.info\/#website\",\"url\":\"https:\/\/pszczoly.info\/\",\"name\":\"Blog pszczelarski\",\"description\":\"Pszczelarstwo - Produkty pszczelarskie - Sprz\u0119t pszczelarski Twoje centrum pszczelarskie\",\"publisher\":{\"@id\":\"https:\/\/pszczoly.info\/#organization\"},\"alternateName\":\"Pszczelarstwo - informacje, artyku\u0142y\",\"potentialAction\":[{\"@type\":\"SearchAction\",\"target\":{\"@type\":\"EntryPoint\",\"urlTemplate\":\"https:\/\/pszczoly.info\/?s={search_term_string}\"},\"query-input\":{\"@type\":\"PropertyValueSpecification\",\"valueRequired\":true,\"valueName\":\"search_term_string\"}}],\"inLanguage\":\"en-US\"},{\"@type\":\"Organization\",\"@id\":\"https:\/\/pszczoly.info\/#organization\",\"name\":\"Centrum Pszczelarskie \u0141ukasiewicz\",\"url\":\"https:\/\/pszczoly.info\/\",\"logo\":{\"@type\":\"ImageObject\",\"inLanguage\":\"en-US\",\"@id\":\"https:\/\/pszczoly.info\/#\/schema\/logo\/image\/\",\"url\":\"https:\/\/pszczoly.info\/wp-content\/uploads\/2016\/11\/cropped-pszczoly-logo-2-1.png\",\"contentUrl\":\"https:\/\/pszczoly.info\/wp-content\/uploads\/2016\/11\/cropped-pszczoly-logo-2-1.png\",\"width\":282,\"height\":94,\"caption\":\"Centrum Pszczelarskie \u0141ukasiewicz\"},\"image\":{\"@id\":\"https:\/\/pszczoly.info\/#\/schema\/logo\/image\/\"}}]}<\/script>\n<!-- \/ Yoast SEO plugin. -->","yoast_head_json":{"title":"Pierzga pszczela - czym jest, jak powstaje, jakie ma w\u0142a\u015bciwo\u015bci | Blog","description":"Pierzga pszczela jest jednym z najzdrowszych produkt\u00f3w pszczelich. Zobacz czym jest, jak powstaje, jakie ma w\u0142a\u015bciwo\u015bci i jak j\u0105 stosowa\u0107.","robots":{"index":"index","follow":"follow","max-snippet":"max-snippet:-1","max-image-preview":"max-image-preview:large","max-video-preview":"max-video-preview:-1"},"canonical":"https:\/\/pszczoly.info\/pierzga-pszczela-czym-powstaje-wlasciwosci-blog-pszczelarski\/","og_locale":"en_US","og_type":"article","og_title":"Pierzga pszczela - czym jest, jak powstaje, jakie ma w\u0142a\u015bciwo\u015bci | Blog","og_description":"Pierzga pszczela jest jednym z najzdrowszych produkt\u00f3w pszczelich. Zobacz czym jest, jak powstaje, jakie ma w\u0142a\u015bciwo\u015bci i jak j\u0105 stosowa\u0107.","og_url":"https:\/\/pszczoly.info\/pierzga-pszczela-czym-powstaje-wlasciwosci-blog-pszczelarski\/","og_site_name":"pszczoly.info","article_modified_time":"2018-08-23T08:06:07+00:00","twitter_card":"summary_large_image","twitter_misc":{"Est. reading time":"2 minutes"},"schema":{"@context":"https:\/\/schema.org","@graph":[{"@type":"WebPage","@id":"https:\/\/pszczoly.info\/pierzga-pszczela-czym-powstaje-wlasciwosci-blog-pszczelarski\/","url":"https:\/\/pszczoly.info\/pierzga-pszczela-czym-powstaje-wlasciwosci-blog-pszczelarski\/","name":"Pierzga pszczela - czym jest, jak powstaje, jakie ma w\u0142a\u015bciwo\u015bci | Blog","isPartOf":{"@id":"https:\/\/pszczoly.info\/#website"},"datePublished":"2016-11-04T06:34:50+00:00","dateModified":"2018-08-23T08:06:07+00:00","description":"Pierzga pszczela jest jednym z najzdrowszych produkt\u00f3w pszczelich. Zobacz czym jest, jak powstaje, jakie ma w\u0142a\u015bciwo\u015bci i jak j\u0105 stosowa\u0107.","breadcrumb":{"@id":"https:\/\/pszczoly.info\/pierzga-pszczela-czym-powstaje-wlasciwosci-blog-pszczelarski\/#breadcrumb"},"inLanguage":"en-US","potentialAction":[{"@type":"ReadAction","target":["https:\/\/pszczoly.info\/pierzga-pszczela-czym-powstaje-wlasciwosci-blog-pszczelarski\/"]}]},{"@type":"BreadcrumbList","@id":"https:\/\/pszczoly.info\/pierzga-pszczela-czym-powstaje-wlasciwosci-blog-pszczelarski\/#breadcrumb","itemListElement":[{"@type":"ListItem","position":1,"name":"Strona g\u0142\u00f3wna","item":"https:\/\/pszczoly.info\/"},{"@type":"ListItem","position":2,"name":"Pierzga pszczela &#8211; czym jest, jak powstaje, jakie ma w\u0142a\u015bciwo\u015bci | Blog pszczelarski"}]},{"@type":"WebSite","@id":"https:\/\/pszczoly.info\/#website","url":"https:\/\/pszczoly.info\/","name":"Blog pszczelarski","description":"Pszczelarstwo - Produkty pszczelarskie - Sprz\u0119t pszczelarski Twoje centrum pszczelarskie","publisher":{"@id":"https:\/\/pszczoly.info\/#organization"},"alternateName":"Pszczelarstwo - informacje, artyku\u0142y","potentialAction":[{"@type":"SearchAction","target":{"@type":"EntryPoint","urlTemplate":"https:\/\/pszczoly.info\/?s={search_term_string}"},"query-input":{"@type":"PropertyValueSpecification","valueRequired":true,"valueName":"search_term_string"}}],"inLanguage":"en-US"},{"@type":"Organization","@id":"https:\/\/pszczoly.info\/#organization","name":"Centrum Pszczelarskie \u0141ukasiewicz","url":"https:\/\/pszczoly.info\/","logo":{"@type":"ImageObject","inLanguage":"en-US","@id":"https:\/\/pszczoly.info\/#\/schema\/logo\/image\/","url":"https:\/\/pszczoly.info\/wp-content\/uploads\/2016\/11\/cropped-pszczoly-logo-2-1.png","contentUrl":"https:\/\/pszczoly.info\/wp-content\/uploads\/2016\/11\/cropped-pszczoly-logo-2-1.png","width":282,"height":94,"caption":"Centrum Pszczelarskie \u0141ukasiewicz"},"image":{"@id":"https:\/\/pszczoly.info\/#\/schema\/logo\/image\/"}}]}},"_links":{"self":[{"href":"https:\/\/pszczoly.info\/en\/wp-json\/wp\/v2\/pages\/322","targetHints":{"allow":["GET"]}}],"collection":[{"href":"https:\/\/pszczoly.info\/en\/wp-json\/wp\/v2\/pages"}],"about":[{"href":"https:\/\/pszczoly.info\/en\/wp-json\/wp\/v2\/types\/page"}],"author":[{"embeddable":true,"href":"https:\/\/pszczoly.info\/en\/wp-json\/wp\/v2\/users\/1"}],"replies":[{"embeddable":true,"href":"https:\/\/pszczoly.info\/en\/wp-json\/wp\/v2\/comments?post=322"}],"version-history":[{"count":7,"href":"https:\/\/pszczoly.info\/en\/wp-json\/wp\/v2\/pages\/322\/revisions"}],"predecessor-version":[{"id":1148,"href":"https:\/\/pszczoly.info\/en\/wp-json\/wp\/v2\/pages\/322\/revisions\/1148"}],"wp:attachment":[{"href":"https:\/\/pszczoly.info\/en\/wp-json\/wp\/v2\/media?parent=322"}],"curies":[{"name":"wp","href":"https:\/\/api.w.org\/{rel}","templated":true}]}}