{"id":29,"date":"2015-09-28T21:23:46","date_gmt":"2015-09-28T19:23:46","guid":{"rendered":"http:\/\/dev.pszczoly.info\/?page_id=29"},"modified":"2015-12-14T17:57:33","modified_gmt":"2015-12-14T16:57:33","slug":"sprzet-pszczelarski","status":"publish","type":"page","link":"https:\/\/pszczoly.info\/en\/sprzet-pszczelarski\/","title":{"rendered":"SPRZ\u0118T PSZCZELARSKI"},"content":{"rendered":"<p><\/p>\n<p align=\"justify\"><strong>CENTRUM PSZCZELARSKIE \u0141UKASIEWICZ<\/strong><br \/>proponuje pszczelarzom szeroki wyb&oacute;r sprz\u0119tu pasiecznego.<br \/>W swojej ofercie posiadamy m.in.:<br \/>&#8211; odzie\u017c pszczelarsk\u0105 (bluzy, kombinezony, spodnie, r\u0119kawice&#8230;)<br \/>&#8211; pojemniki i odstojniki do miodu (polipropylenowe z atestem do \u017cywno\u015bci, nierdzewne)<br \/>&#8211; podkurzacze (ma\u0142e, du\u017ce, MAX, ocynk, nierdzewne)<br \/>&#8211; d\u0142uta pasieczne (ocynk, nierdzewne, w oprawie, bez oprawy)<br \/>&#8211; kraty odgrodowe (ocynk, pionowe, poziome, do wszystkich typ&oacute;w uli)<br \/>&#8211; w\u0119z\u0119 pszczel\u0105<br \/>&#8211; \u0142opatki i \u0142opaty do miodu (nierdzewne, kwasoodporne)<br \/>&#8211; sprz\u0119t do hodowli matek pszczelich<br \/>&#8211; sprz\u0119t do po\u0142awiania py\u0142ku pszczelego (siatki, po\u0142awiacze: dennicowe, segmentowe, wlotkowe)<br \/>&#8211; siatki do po\u0142awiania propolisu<br \/>&#8211; sita o miodu (pojedy\u0144cze, podw&oacute;jne, nierdzewne p\u0142askie, nierdzewne wypuk\u0142e&nbsp;o r&oacute;\u017cnych rozmiarach oczek)<br \/>&#8211; ule drewniane i styropianowe (wszystkie typy)<br \/>&#8211; miodarki kwasoodporne<br \/>&#8211; sto\u0142y do odsklepiania i wanienki do odsklepiania (kwasoodporne)<br \/>oraz wiele innego sprz\u0119tu do prowadzenia paskieki!<br \/>Zajmujemy si\u0119 kompleksowym zaopatrzeniem pszczelarzy, po\u015bredniczymy w skupie produkt&oacute;w pszczelich (mi&oacute;d, wosk, propolis).<br \/>Zajmujemy si\u0119 szkoleniami pszczelarzy w przyleg\u0142ej do Centrum sali konferencyjnej lub wyjazdowo. Obs\u0142ugujemy pszczelarskie imprezy terenowe, w tym zebrania K&oacute;\u0142 Pszczelarzy.<\/p>\n<h1 align=\"center\">ZAPRASZAMY DO NASZEGO SKLEPU INTERNETOWEGO!<br \/><a href=\"http:\/\/www.pszczelnictwo.com.pl\/\">www.pszczelnictwo.com.pl<\/a><\/h1>\n<p align=\"left\">Zam&oacute;wienia przyjmujemy tak\u017ce mailem, telefonicznie lub faxem.<\/p>\n<p style=\"background-color: #ffffff\">CENTRUM PSZCZELARSKIE \u0141UKASIEWICZ<br \/>SKLEP PSZCZELARSKI GORZ&Oacute;W WLKP.<br \/>ul. Pomorska 13; 66-400 Gorz&oacute;w Wlkp.<br \/>NIP 599-259-65-75<br \/>czynne od poniedzia\u0142ku do pi\u0105tku od 9-17; soboty od 10-14<br \/>tel. 95 737 9952, 603 556 787&nbsp;<\/p>\n<p style=\"background-color: #ffffff\">CENTRUM PSZCZELARSKIE \u0141UKASIEWICZ<br \/>HURTOWNIA SPRZ\u0118TU PSZCZELARSKIEGO I PRODUKT&Oacute;W PSZCZELICH<br \/>Suchlica 5a, 74-404 Cychry<br \/>czynne od poniedzia\u0142ku do pi\u0105tku w godzinach od 8-16, soboty w godzinach od 8-13<br \/>tel. 723 710 100<\/p>\n<p style=\"background-color: #ffffff\">&nbsp;CENTRUM PSZCZELARSKIE \u0141UKASIEWICZ<br \/>SKLEP PSZCZELARSKI Stargard Szczeci\u0144ski<br \/>ul. \u015al\u0105ska 8, 73-110 Stargard Szczeci\u0144ski<br \/>tel. 697 093 100&nbsp;<\/p>\n<p style=\"background-color: #ffffff\">Telefonicznie:<br \/>+48 95\/ 737 99 52<br \/>+48 723 710 100<br \/>+48 697 093 100<\/p>\n<p style=\"background-color: #ffffff\">Handy:<br \/>+48 603 556 787<br \/>Fax:<br \/>+48 95\/ 737 99 52<\/p>\n<p class=\"MsoNormal\">http:\/\/www.pszczelnictwo.com.pl\/<br \/>e-mail: <a href=\"mailto:pszczoly@poczta.fm\">pszczoly@poczta.fm<\/a>&nbsp;lub <a href=\"mailto:pszczoly@pszczelnictwo.com.pl\">pszczoly@pszczelnictwo.com.pl<\/a>&nbsp;<br \/>Bardzo kr&oacute;tkie terminy realizacji (ju\u017c od24 h!).<\/p>\n<p>Skupujemy: <strong><br \/>wosk pszczeli<\/strong> <br \/><strong>propolis<br \/>Oferujemy BARDZO ATRAKCYJNE CENY!<\/strong><\/p>\n<p class=\"MsoNormal\">Wi\u0119ksze ilo\u015bci towaru dostarczamy na miejsce samochodem, mniejsze dostarczane kurierem lub Poczt\u0105 Polsk\u0105.&nbsp;<\/p>\n<p class=\"MsoNormal\">Zapraszamy do wsp&oacute;\u0142pracy Ko\u0142a i Zrzeszenia Pszczelarskie, kt&oacute;rym proponujemy korzystne upusty i rabaty!<\/p>\n<p><\/p>","protected":false},"excerpt":{"rendered":"<div class=\"mh-excerpt\"><p>CENTRUM PSZCZELARSKIE \u0141UKASIEWICZproponuje pszczelarzom szeroki wyb&oacute;r sprz\u0119tu pasiecznego.W swojej ofercie posiadamy m.in.:&#8211; odzie\u017c pszczelarsk\u0105 (bluzy, kombinezony, spodnie, r\u0119kawice&#8230;)&#8211; pojemniki i odstojniki do miodu (polipropylenowe z <a class=\"mh-excerpt-more\" href=\"https:\/\/pszczoly.info\/en\/sprzet-pszczelarski\/\" title=\"SPRZ\u0118T PSZCZELARSKI\">[&#8230;]<\/a><\/p>\n<\/div>","protected":false},"author":1,"featured_media":0,"parent":0,"menu_order":0,"comment_status":"closed","ping_status":"closed","template":"","meta":{"footnotes":""},"class_list":["post-29","page","type-page","status-publish","hentry"],"yoast_head":"<!-- This site is optimized with the Yoast SEO plugin v26.9 - https:\/\/yoast.com\/product\/yoast-seo-wordpress\/ -->\n<title>SPRZ\u0118T PSZCZELARSKI - pszczoly.info<\/title>\n<meta name=\"description\" content=\"Najwiekszy wyb\u00f3r sprawdzonego sprz\u0119tu pszczelarskiego w najlepszych cenach!\" \/>\n<meta name=\"robots\" content=\"index, follow, max-snippet:-1, max-image-preview:large, max-video-preview:-1\" \/>\n<link rel=\"canonical\" href=\"https:\/\/pszczoly.info\/en\/sprzet-pszczelarski\/\" \/>\n<meta property=\"og:locale\" content=\"en_US\" \/>\n<meta property=\"og:type\" content=\"article\" \/>\n<meta property=\"og:title\" content=\"SPRZ\u0118T PSZCZELARSKI - pszczoly.info\" \/>\n<meta property=\"og:description\" content=\"Najwiekszy wyb\u00f3r sprawdzonego sprz\u0119tu pszczelarskiego w najlepszych cenach!\" \/>\n<meta property=\"og:url\" content=\"https:\/\/pszczoly.info\/en\/sprzet-pszczelarski\/\" \/>\n<meta property=\"og:site_name\" content=\"pszczoly.info\" \/>\n<meta property=\"article:modified_time\" content=\"2015-12-14T16:57:33+00:00\" \/>\n<meta name=\"twitter:card\" content=\"summary_large_image\" \/>\n<meta name=\"twitter:label1\" content=\"Est. reading time\" \/>\n\t<meta name=\"twitter:data1\" content=\"4 minutes\" \/>\n<script type=\"application\/ld+json\" class=\"yoast-schema-graph\">{\"@context\":\"https:\/\/schema.org\",\"@graph\":[{\"@type\":\"WebPage\",\"@id\":\"https:\/\/pszczoly.info\/en\/sprzet-pszczelarski\/\",\"url\":\"https:\/\/pszczoly.info\/en\/sprzet-pszczelarski\/\",\"name\":\"SPRZ\u0118T PSZCZELARSKI - pszczoly.info\",\"isPartOf\":{\"@id\":\"https:\/\/pszczoly.info\/#website\"},\"datePublished\":\"2015-09-28T19:23:46+00:00\",\"dateModified\":\"2015-12-14T16:57:33+00:00\",\"description\":\"Najwiekszy wyb\u00f3r sprawdzonego sprz\u0119tu pszczelarskiego w najlepszych cenach!\",\"breadcrumb\":{\"@id\":\"https:\/\/pszczoly.info\/en\/sprzet-pszczelarski\/#breadcrumb\"},\"inLanguage\":\"en-US\",\"potentialAction\":[{\"@type\":\"ReadAction\",\"target\":[\"https:\/\/pszczoly.info\/en\/sprzet-pszczelarski\/\"]}]},{\"@type\":\"BreadcrumbList\",\"@id\":\"https:\/\/pszczoly.info\/en\/sprzet-pszczelarski\/#breadcrumb\",\"itemListElement\":[{\"@type\":\"ListItem\",\"position\":1,\"name\":\"Strona g\u0142\u00f3wna\",\"item\":\"https:\/\/pszczoly.info\/\"},{\"@type\":\"ListItem\",\"position\":2,\"name\":\"SPRZ\u0118T PSZCZELARSKI\"}]},{\"@type\":\"WebSite\",\"@id\":\"https:\/\/pszczoly.info\/#website\",\"url\":\"https:\/\/pszczoly.info\/\",\"name\":\"Blog pszczelarski\",\"description\":\"Pszczelarstwo - Produkty pszczelarskie - Sprz\u0119t pszczelarski Twoje centrum pszczelarskie\",\"publisher\":{\"@id\":\"https:\/\/pszczoly.info\/#organization\"},\"alternateName\":\"Pszczelarstwo - informacje, artyku\u0142y\",\"potentialAction\":[{\"@type\":\"SearchAction\",\"target\":{\"@type\":\"EntryPoint\",\"urlTemplate\":\"https:\/\/pszczoly.info\/?s={search_term_string}\"},\"query-input\":{\"@type\":\"PropertyValueSpecification\",\"valueRequired\":true,\"valueName\":\"search_term_string\"}}],\"inLanguage\":\"en-US\"},{\"@type\":\"Organization\",\"@id\":\"https:\/\/pszczoly.info\/#organization\",\"name\":\"Centrum Pszczelarskie \u0141ukasiewicz\",\"url\":\"https:\/\/pszczoly.info\/\",\"logo\":{\"@type\":\"ImageObject\",\"inLanguage\":\"en-US\",\"@id\":\"https:\/\/pszczoly.info\/#\/schema\/logo\/image\/\",\"url\":\"https:\/\/pszczoly.info\/wp-content\/uploads\/2016\/11\/cropped-pszczoly-logo-2-1.png\",\"contentUrl\":\"https:\/\/pszczoly.info\/wp-content\/uploads\/2016\/11\/cropped-pszczoly-logo-2-1.png\",\"width\":282,\"height\":94,\"caption\":\"Centrum Pszczelarskie \u0141ukasiewicz\"},\"image\":{\"@id\":\"https:\/\/pszczoly.info\/#\/schema\/logo\/image\/\"}}]}<\/script>\n<!-- \/ Yoast SEO plugin. -->","yoast_head_json":{"title":"SPRZ\u0118T PSZCZELARSKI - pszczoly.info","description":"Najwiekszy wyb\u00f3r sprawdzonego sprz\u0119tu pszczelarskiego w najlepszych cenach!","robots":{"index":"index","follow":"follow","max-snippet":"max-snippet:-1","max-image-preview":"max-image-preview:large","max-video-preview":"max-video-preview:-1"},"canonical":"https:\/\/pszczoly.info\/en\/sprzet-pszczelarski\/","og_locale":"en_US","og_type":"article","og_title":"SPRZ\u0118T PSZCZELARSKI - pszczoly.info","og_description":"Najwiekszy wyb\u00f3r sprawdzonego sprz\u0119tu pszczelarskiego w najlepszych cenach!","og_url":"https:\/\/pszczoly.info\/en\/sprzet-pszczelarski\/","og_site_name":"pszczoly.info","article_modified_time":"2015-12-14T16:57:33+00:00","twitter_card":"summary_large_image","twitter_misc":{"Est. reading time":"4 minutes"},"schema":{"@context":"https:\/\/schema.org","@graph":[{"@type":"WebPage","@id":"https:\/\/pszczoly.info\/en\/sprzet-pszczelarski\/","url":"https:\/\/pszczoly.info\/en\/sprzet-pszczelarski\/","name":"SPRZ\u0118T PSZCZELARSKI - pszczoly.info","isPartOf":{"@id":"https:\/\/pszczoly.info\/#website"},"datePublished":"2015-09-28T19:23:46+00:00","dateModified":"2015-12-14T16:57:33+00:00","description":"Najwiekszy wyb\u00f3r sprawdzonego sprz\u0119tu pszczelarskiego w najlepszych cenach!","breadcrumb":{"@id":"https:\/\/pszczoly.info\/en\/sprzet-pszczelarski\/#breadcrumb"},"inLanguage":"en-US","potentialAction":[{"@type":"ReadAction","target":["https:\/\/pszczoly.info\/en\/sprzet-pszczelarski\/"]}]},{"@type":"BreadcrumbList","@id":"https:\/\/pszczoly.info\/en\/sprzet-pszczelarski\/#breadcrumb","itemListElement":[{"@type":"ListItem","position":1,"name":"Strona g\u0142\u00f3wna","item":"https:\/\/pszczoly.info\/"},{"@type":"ListItem","position":2,"name":"SPRZ\u0118T PSZCZELARSKI"}]},{"@type":"WebSite","@id":"https:\/\/pszczoly.info\/#website","url":"https:\/\/pszczoly.info\/","name":"Blog pszczelarski","description":"Pszczelarstwo - Produkty pszczelarskie - Sprz\u0119t pszczelarski Twoje centrum pszczelarskie","publisher":{"@id":"https:\/\/pszczoly.info\/#organization"},"alternateName":"Pszczelarstwo - informacje, artyku\u0142y","potentialAction":[{"@type":"SearchAction","target":{"@type":"EntryPoint","urlTemplate":"https:\/\/pszczoly.info\/?s={search_term_string}"},"query-input":{"@type":"PropertyValueSpecification","valueRequired":true,"valueName":"search_term_string"}}],"inLanguage":"en-US"},{"@type":"Organization","@id":"https:\/\/pszczoly.info\/#organization","name":"Centrum Pszczelarskie \u0141ukasiewicz","url":"https:\/\/pszczoly.info\/","logo":{"@type":"ImageObject","inLanguage":"en-US","@id":"https:\/\/pszczoly.info\/#\/schema\/logo\/image\/","url":"https:\/\/pszczoly.info\/wp-content\/uploads\/2016\/11\/cropped-pszczoly-logo-2-1.png","contentUrl":"https:\/\/pszczoly.info\/wp-content\/uploads\/2016\/11\/cropped-pszczoly-logo-2-1.png","width":282,"height":94,"caption":"Centrum Pszczelarskie \u0141ukasiewicz"},"image":{"@id":"https:\/\/pszczoly.info\/#\/schema\/logo\/image\/"}}]}},"_links":{"self":[{"href":"https:\/\/pszczoly.info\/en\/wp-json\/wp\/v2\/pages\/29","targetHints":{"allow":["GET"]}}],"collection":[{"href":"https:\/\/pszczoly.info\/en\/wp-json\/wp\/v2\/pages"}],"about":[{"href":"https:\/\/pszczoly.info\/en\/wp-json\/wp\/v2\/types\/page"}],"author":[{"embeddable":true,"href":"https:\/\/pszczoly.info\/en\/wp-json\/wp\/v2\/users\/1"}],"replies":[{"embeddable":true,"href":"https:\/\/pszczoly.info\/en\/wp-json\/wp\/v2\/comments?post=29"}],"version-history":[{"count":9,"href":"https:\/\/pszczoly.info\/en\/wp-json\/wp\/v2\/pages\/29\/revisions"}],"predecessor-version":[{"id":230,"href":"https:\/\/pszczoly.info\/en\/wp-json\/wp\/v2\/pages\/29\/revisions\/230"}],"wp:attachment":[{"href":"https:\/\/pszczoly.info\/en\/wp-json\/wp\/v2\/media?parent=29"}],"curies":[{"name":"wp","href":"https:\/\/api.w.org\/{rel}","templated":true}]}}