{"id":26,"date":"2015-09-28T21:21:46","date_gmt":"2015-09-28T19:21:46","guid":{"rendered":"http:\/\/dev.pszczoly.info\/?page_id=26"},"modified":"2017-12-14T21:48:39","modified_gmt":"2017-12-14T20:48:39","slug":"miodarki","status":"publish","type":"page","link":"https:\/\/pszczoly.info\/en\/miodarki\/","title":{"rendered":"MIODARKI"},"content":{"rendered":"<p><strong>Wszystkie miodarki<\/strong> wykonane s\u0105 w ca\u0142o\u015bci z blachy i materia\u0142\u00f3w <strong>kwasoodpornych<\/strong>. B\u0119bny miodarek s\u0105 wyposa\u017cone w <strong>\u0142o\u017cyska kulowe<\/strong>, dzi\u0119ki czemu praca ich jest <strong>bardzo cicha i trwa\u0142a<\/strong>. Posiadaj\u0105 porywy wykonane z <strong>mocnego pleksiglasu<\/strong>&#8211; pszczelarz ma mo\u017cliwo\u015b\u0107 obserwacji ca\u0142ego procesu wirowania bez konieczno\u015bci unoszenia pokryw w trakcie pracy miodarki. <strong>Stabilne i bardzo mocne<\/strong> elementy stojaka miodarki sprawiaj\u0105, i\u017c praca miodarki jest <strong>bardzo stabilna<\/strong> a proces wirowania jest <strong>bardzo przyjemny<\/strong>.<\/p>\n<p><strong>Miodarki z nap\u0119dem r\u0119cznym:<\/strong><br \/>\nSterowanie miodark\u0105 odbywa si\u0119 przy u\u017cyciu mechanizmu korbwego wyposa\u017conego w listw\u0119 z hamulcem. Doskonale dobrane prze\u0142o\u017cenia <strong>gwarantuj\u0105 sprawn\u0105 prac\u0119 i minimum wysi\u0142ku fizycznego<\/strong>.<\/p>\n<p>Miodarka 3 plastrowa z nap\u0119dem r\u0119cznym:<\/p>\n<p>&nbsp;<\/p>\n<div style=\"text-align: center;\"><object width=\"445\" height=\"364\" classid=\"clsid:D27CDB6E-AE6D-11cf-96B8-444553540000\" codebase=\"http:\/\/download.macromedia.com\/pub\/shockwave\/cabs\/flash\/swflash.cab#version=6,0,29,0\"><param name=\"movie\" value=\"http:\/\/www.youtube.com\/v\/GlC3XeSs4sM&amp;hl=pl&amp;fs=1&amp;color1=0xe1600f&amp;color2=0xfebd01&amp;border=1\" \/><param name=\"quality\" value=\"high\" \/><param name=\"menu\" value=\"false\" \/><param name=\"wmode\" value=\"\" \/><embed src=\"http:\/\/www.youtube.com\/v\/GlC3XeSs4sM&amp;hl=pl&amp;fs=1&amp;color1=0xe1600f&amp;color2=0xfebd01&amp;border=1\" wmode=\"\" quality=\"high\" menu=\"false\" pluginspage=\"http:\/\/www.macromedia.com\/go\/getflashplayer\" type=\"application\/x-shockwave-flash\" width=\"445\" height=\"364\" \/><\/object><\/div>\n<p>&nbsp;<\/p>\n<p>Miodarka 4 plastrowa z nap\u0119dem r\u0119cznym:<\/p>\n<div style=\"text-align: center;\"><object width=\"445\" height=\"364\" classid=\"clsid:D27CDB6E-AE6D-11cf-96B8-444553540000\" codebase=\"http:\/\/download.macromedia.com\/pub\/shockwave\/cabs\/flash\/swflash.cab#version=6,0,29,0\"><param name=\"movie\" value=\"http:\/\/www.youtube.com\/v\/vItbmI4R0vE&amp;hl=pl&amp;fs=1&amp;color1=0xe1600f&amp;color2=0xfebd01&amp;border=1\" \/><param name=\"quality\" value=\"high\" \/><param name=\"menu\" value=\"false\" \/><param name=\"wmode\" value=\"\" \/><embed src=\"http:\/\/www.youtube.com\/v\/vItbmI4R0vE&amp;hl=pl&amp;fs=1&amp;color1=0xe1600f&amp;color2=0xfebd01&amp;border=1\" wmode=\"\" quality=\"high\" menu=\"false\" pluginspage=\"http:\/\/www.macromedia.com\/go\/getflashplayer\" type=\"application\/x-shockwave-flash\" width=\"445\" height=\"364\" \/><\/object><\/div>\n<p><strong>Miodarki z nep\u0119dem r\u0119czno-elektrycznym:<br \/>\n<\/strong>Sterowanie miodark\u0105 odbywa si\u0119 przy u\u017cyciu mechanizmu korbwego wyposa\u017conego w listw\u0119 z hamulcem lub przy u\u017cyciu nap\u0119du elektrycznego &#8211; zamiennie w zale\u017cno\u015bci od warunk\u00f3w wirowania miodu. Mocowanie silnika elektrycznego od spodu ze sterowaniem z boku miodarki, mechanizm korbowy umieszczony z g\u00f3ry miodarki. Przy wirowaniu r\u0119cznym zalecamy zdj\u0119cie paska nap\u0119dowego z silnika miodarki (30 sekund), by w trakcie procesu wirowania r\u0119cznego nie porusza\u0107 ca\u0142ym mechanizmem nap\u0119du elektrycznego. Miodarka znajduje doskona\u0142e zastosowanie w pasiekach w\u0119rownych, gdzie czasem jest dost\u0119p do energii elektrycznej a przy jego braku mo\u017cemy przej\u015b\u0107 na wirowanie r\u0119czne.<\/p>\n<p>Miodarka 3 plastrowa z nap\u0119dem r\u0119czno-elektrycznym:<\/p>\n<p>&nbsp;<\/p>\n<div style=\"text-align: center;\"><object width=\"445\" height=\"364\" classid=\"clsid:D27CDB6E-AE6D-11cf-96B8-444553540000\" codebase=\"http:\/\/download.macromedia.com\/pub\/shockwave\/cabs\/flash\/swflash.cab#version=6,0,29,0\"><param name=\"movie\" value=\"http:\/\/www.youtube.com\/v\/oetv8hg6CJg&amp;hl=pl&amp;fs=1&amp;color1=0xe1600f&amp;color2=0xfebd01&amp;border=1\" \/><param name=\"quality\" value=\"high\" \/><param name=\"menu\" value=\"false\" \/><param name=\"wmode\" value=\"\" \/><embed src=\"http:\/\/www.youtube.com\/v\/oetv8hg6CJg&amp;hl=pl&amp;fs=1&amp;color1=0xe1600f&amp;color2=0xfebd01&amp;border=1\" wmode=\"\" quality=\"high\" menu=\"false\" pluginspage=\"http:\/\/www.macromedia.com\/go\/getflashplayer\" type=\"application\/x-shockwave-flash\" width=\"445\" height=\"364\" \/><\/object><\/div>\n<p>&nbsp;<\/p>\n<p>Miodarka 4 plastrowa z nap\u0119dem r\u0119czno-elektrycznym:<\/p>\n<div style=\"text-align: center;\"><object width=\"445\" height=\"364\" classid=\"clsid:D27CDB6E-AE6D-11cf-96B8-444553540000\" codebase=\"http:\/\/download.macromedia.com\/pub\/shockwave\/cabs\/flash\/swflash.cab#version=6,0,29,0\"><param name=\"movie\" value=\"http:\/\/www.youtube.com\/v\/880UaIIBONI&amp;hl=pl&amp;fs=1&amp;color1=0xe1600f&amp;color2=0xfebd01&amp;border=1\" \/><param name=\"quality\" value=\"high\" \/><param name=\"menu\" value=\"false\" \/><param name=\"wmode\" value=\"\" \/><embed src=\"http:\/\/www.youtube.com\/v\/880UaIIBONI&amp;hl=pl&amp;fs=1&amp;color1=0xe1600f&amp;color2=0xfebd01&amp;border=1\" wmode=\"\" quality=\"high\" menu=\"false\" pluginspage=\"http:\/\/www.macromedia.com\/go\/getflashplayer\" type=\"application\/x-shockwave-flash\" width=\"445\" height=\"364\" \/><\/object><\/div>\n<p><strong>Miodarki z nap\u0119dem elektrycznym:<\/strong><br \/>\nSilnik i nap\u0119dy miodarki umieszczone s\u0105 od spodu, dzi\u0119ki czemu elementy mechaniczne nara\u017cone s\u0105 w mniejszy spos\u00f3b na zanieczyszczenia. Sterowanie silnikiem umieszczone jest z boku miodarki. P\u0142ynna regulacja obrot\u00f3w, bez skok\u00f3w, od minimalnych przy wirowaniu ramek nowych i pe\u0142nych miodu do obrot\u00f3w bardzo szybkich przy kt\u00f3rych mo\u017cemy dok\u0142adnie osuszy\u0107 ramki z miodu. Pszczelarz sam decyduje o pr\u0119dko\u015bci wirowania ramek. Wy\u0142\u0105cznik g\u0142\u00f3wny sterowania &#8211; za\u0142\u0105cza i w\u0142\u0105cza napi\u0119cie silnika &#8211; gotowo\u015b\u0107 wir\u00f3wki do wirowania, sygnalizowane specjalnymi diodami. <strong>Bardzo prosta i mi\u0142a obs\u0142uga.<\/strong><\/p>\n<p><strong>MIODARKI<br \/>\nDIAGONALNE<\/strong><br \/>\nMiodarki 3, 4 lub 5 plastrowe. Niewielkie rozmiary b\u0119bna miodarki sprawiaj\u0105, i\u017c maj\u0105 mog\u0105 by\u0107 transportowane na pasieczyska i bez problemu mog\u0105 by\u0107 ustawiane w pomieszczeniach do kt\u00f3rych prowadz\u0105 w\u0105skie drzwi.Maj\u0105 zastosowanie w ma\u0142ych i \u015brednich pasiekach. Wyst\u0119puj\u0105 w trzech wariantach: r\u0119cznym, elektrycznym oraz r\u0119czno-elektrycznym. Cech\u0105 charakterystyczn\u0105 tych miodarek jest konieczno\u015b\u0107 odwracania ramek w czasie wirowania.<\/p>\n<p><strong>MIODARKI<br \/>\nRADIALNE<br \/>\n<\/strong>Cech\u0105 charakterystyczn\u0105 miodarek radialnych jest du\u017ca ilo\u015b\u0107 ramek, mieszcz\u0105ca si\u0119 w koszu miodarki. Spos\u00f3b u\u0142o\u017cenia ramek w uk\u0142adzie radialnym powoduje, i\u017c wirowanie mo\u017ce si\u0119 odbywa\u0107 w jednym kierunku. Zalecane dla du\u017cych pasiek, kt\u00f3re posiadaj\u0105 1 lub 2 typy ramek. Przy zam\u00f3wieniu miodarki promienistej prosimy o podanie rodzaju ramki pod jaki ma by\u0107 zastosowana miodarka.<\/p>\n<p><strong>MIODARKI<br \/>\nKASETOWE<\/strong><br \/>\nPrzeznaczone dla wi\u0119kszych pasiek. Charakteryzuj\u0105 si\u0119 niewielk\u0105 ilo\u015bci\u0105 kaset w koszu miodarki, ale za to du\u017c\u0105 sprawno\u015bci\u0105 podczas wirowania. Cykl wirowania odbywa si\u0119 w dw\u00f3ch kierunkach, a dzi\u0119ki zastosowanym prowadnikom nie ma konieczno\u015bci r\u0119cznego przestawiania kaset oraz mo\u017cliwo\u015bci zablokowania si\u0119 kaset. Ca\u0142o\u015b\u0107 procesu wirowania odbywa si\u0119 przy pomocy wygodnego, p\u0142ynnego sterowania miodark\u0105: obrot\u00f3w + kierunku prawo\/lewo.<\/p>\n<p>Miodarka 6 kasetowa:<\/p>\n<p>&nbsp;<\/p>\n<div style=\"text-align: center;\"><object width=\"445\" height=\"364\" classid=\"clsid:D27CDB6E-AE6D-11cf-96B8-444553540000\" codebase=\"http:\/\/download.macromedia.com\/pub\/shockwave\/cabs\/flash\/swflash.cab#version=6,0,29,0\"><param name=\"movie\" value=\"http:\/\/www.youtube.com\/v\/EwNgqpr-Dys&amp;hl=pl&amp;fs=1&amp;color1=0xe1600f&amp;color2=0xfebd01&amp;border=1\" \/><param name=\"quality\" value=\"high\" \/><param name=\"menu\" value=\"false\" \/><param name=\"wmode\" value=\"\" \/><embed src=\"http:\/\/www.youtube.com\/v\/EwNgqpr-Dys&amp;hl=pl&amp;fs=1&amp;color1=0xe1600f&amp;color2=0xfebd01&amp;border=1\" wmode=\"\" quality=\"high\" menu=\"false\" pluginspage=\"http:\/\/www.macromedia.com\/go\/getflashplayer\" type=\"application\/x-shockwave-flash\" width=\"445\" height=\"364\" \/><\/object><\/div>\n<p align=\"center\"><strong>WSZYSTKIE NASZE MIODARKI POSIADAJ\u0104 ATEST PZH NR H\u017b\/D\/02560\/2008<\/strong><\/p>\n<p>Zdj\u0119cia i dok\u0142adne opisy miodarek znajdziecie Pa\u0144stwo tutaj:<br \/>\n<a href=\"http:\/\/pszczelnictwo.com.pl\/shop\/category\/miodarki\">https:\/\/pszczelnictwo.com.pl\/shop\/category\/miodarki<\/a><\/p>","protected":false},"excerpt":{"rendered":"<div class=\"mh-excerpt\"><p>Sorry, this entry is only available in Polski.<\/p>\n<\/div>","protected":false},"author":1,"featured_media":0,"parent":0,"menu_order":0,"comment_status":"closed","ping_status":"closed","template":"","meta":{"footnotes":""},"class_list":["post-26","page","type-page","status-publish","hentry"],"yoast_head":"<!-- This site is optimized with the Yoast SEO plugin v26.9 - https:\/\/yoast.com\/product\/yoast-seo-wordpress\/ -->\n<title>Miodarki - nowoczesne miodarki sklep internetowy &gt;&gt;&gt; miodarka<\/title>\n<meta name=\"description\" content=\"Miodarki to urz\u0105dzenia do odwirowywania miodu. Zobacz gdzie kupi\u0107 nowoczesne miodarki: miodarka diagonalna, miodarka radialna, miodarka kasetowa &gt;&gt; Sprawd\u017a!\" \/>\n<meta name=\"robots\" content=\"index, follow, max-snippet:-1, max-image-preview:large, max-video-preview:-1\" \/>\n<link rel=\"canonical\" href=\"https:\/\/pszczoly.info\/miodarki\/\" \/>\n<meta property=\"og:locale\" content=\"en_US\" \/>\n<meta property=\"og:type\" content=\"article\" \/>\n<meta property=\"og:title\" content=\"Miodarki - nowoczesne miodarki sklep internetowy &gt;&gt;&gt; miodarka\" \/>\n<meta property=\"og:description\" content=\"Miodarki to urz\u0105dzenia do odwirowywania miodu. Zobacz gdzie kupi\u0107 nowoczesne miodarki: miodarka diagonalna, miodarka radialna, miodarka kasetowa &gt;&gt; Sprawd\u017a!\" \/>\n<meta property=\"og:url\" content=\"https:\/\/pszczoly.info\/miodarki\/\" \/>\n<meta property=\"og:site_name\" content=\"pszczoly.info\" \/>\n<meta property=\"article:modified_time\" content=\"2017-12-14T20:48:39+00:00\" \/>\n<meta property=\"og:image\" content=\"https:\/\/pszczoly.info\/wp-content\/uploads\/2017\/01\/miodarki-com-pl.png\" \/>\n<meta name=\"twitter:card\" content=\"summary_large_image\" \/>\n<meta name=\"twitter:label1\" content=\"Est. reading time\" \/>\n\t<meta name=\"twitter:data1\" content=\"6 minutes\" \/>\n<script type=\"application\/ld+json\" class=\"yoast-schema-graph\">{\"@context\":\"https:\/\/schema.org\",\"@graph\":[{\"@type\":\"WebPage\",\"@id\":\"https:\/\/pszczoly.info\/miodarki\/\",\"url\":\"https:\/\/pszczoly.info\/miodarki\/\",\"name\":\"Miodarki - nowoczesne miodarki sklep internetowy >>> miodarka\",\"isPartOf\":{\"@id\":\"https:\/\/pszczoly.info\/#website\"},\"primaryImageOfPage\":{\"@id\":\"https:\/\/pszczoly.info\/miodarki\/#primaryimage\"},\"image\":{\"@id\":\"https:\/\/pszczoly.info\/miodarki\/#primaryimage\"},\"thumbnailUrl\":\"https:\/\/pszczoly.info\/wp-content\/uploads\/2017\/01\/miodarki-com-pl.png\",\"datePublished\":\"2015-09-28T19:21:46+00:00\",\"dateModified\":\"2017-12-14T20:48:39+00:00\",\"description\":\"Miodarki to urz\u0105dzenia do odwirowywania miodu. Zobacz gdzie kupi\u0107 nowoczesne miodarki: miodarka diagonalna, miodarka radialna, miodarka kasetowa >> Sprawd\u017a!\",\"breadcrumb\":{\"@id\":\"https:\/\/pszczoly.info\/miodarki\/#breadcrumb\"},\"inLanguage\":\"en-US\",\"potentialAction\":[{\"@type\":\"ReadAction\",\"target\":[\"https:\/\/pszczoly.info\/miodarki\/\"]}]},{\"@type\":\"ImageObject\",\"inLanguage\":\"en-US\",\"@id\":\"https:\/\/pszczoly.info\/miodarki\/#primaryimage\",\"url\":\"https:\/\/pszczoly.info\/wp-content\/uploads\/2017\/01\/miodarki-com-pl.png\",\"contentUrl\":\"https:\/\/pszczoly.info\/wp-content\/uploads\/2017\/01\/miodarki-com-pl.png\"},{\"@type\":\"BreadcrumbList\",\"@id\":\"https:\/\/pszczoly.info\/miodarki\/#breadcrumb\",\"itemListElement\":[{\"@type\":\"ListItem\",\"position\":1,\"name\":\"Strona g\u0142\u00f3wna\",\"item\":\"https:\/\/pszczoly.info\/\"},{\"@type\":\"ListItem\",\"position\":2,\"name\":\"MIODARKI\"}]},{\"@type\":\"WebSite\",\"@id\":\"https:\/\/pszczoly.info\/#website\",\"url\":\"https:\/\/pszczoly.info\/\",\"name\":\"Blog pszczelarski\",\"description\":\"Pszczelarstwo - Produkty pszczelarskie - Sprz\u0119t pszczelarski Twoje centrum pszczelarskie\",\"publisher\":{\"@id\":\"https:\/\/pszczoly.info\/#organization\"},\"alternateName\":\"Pszczelarstwo - informacje, artyku\u0142y\",\"potentialAction\":[{\"@type\":\"SearchAction\",\"target\":{\"@type\":\"EntryPoint\",\"urlTemplate\":\"https:\/\/pszczoly.info\/?s={search_term_string}\"},\"query-input\":{\"@type\":\"PropertyValueSpecification\",\"valueRequired\":true,\"valueName\":\"search_term_string\"}}],\"inLanguage\":\"en-US\"},{\"@type\":\"Organization\",\"@id\":\"https:\/\/pszczoly.info\/#organization\",\"name\":\"Centrum Pszczelarskie \u0141ukasiewicz\",\"url\":\"https:\/\/pszczoly.info\/\",\"logo\":{\"@type\":\"ImageObject\",\"inLanguage\":\"en-US\",\"@id\":\"https:\/\/pszczoly.info\/#\/schema\/logo\/image\/\",\"url\":\"https:\/\/pszczoly.info\/wp-content\/uploads\/2016\/11\/cropped-pszczoly-logo-2-1.png\",\"contentUrl\":\"https:\/\/pszczoly.info\/wp-content\/uploads\/2016\/11\/cropped-pszczoly-logo-2-1.png\",\"width\":282,\"height\":94,\"caption\":\"Centrum Pszczelarskie \u0141ukasiewicz\"},\"image\":{\"@id\":\"https:\/\/pszczoly.info\/#\/schema\/logo\/image\/\"}}]}<\/script>\n<!-- \/ Yoast SEO plugin. -->","yoast_head_json":{"title":"Miodarki - nowoczesne miodarki sklep internetowy >>> miodarka","description":"Miodarki to urz\u0105dzenia do odwirowywania miodu. Zobacz gdzie kupi\u0107 nowoczesne miodarki: miodarka diagonalna, miodarka radialna, miodarka kasetowa >> Sprawd\u017a!","robots":{"index":"index","follow":"follow","max-snippet":"max-snippet:-1","max-image-preview":"max-image-preview:large","max-video-preview":"max-video-preview:-1"},"canonical":"https:\/\/pszczoly.info\/miodarki\/","og_locale":"en_US","og_type":"article","og_title":"Miodarki - nowoczesne miodarki sklep internetowy >>> miodarka","og_description":"Miodarki to urz\u0105dzenia do odwirowywania miodu. Zobacz gdzie kupi\u0107 nowoczesne miodarki: miodarka diagonalna, miodarka radialna, miodarka kasetowa >> Sprawd\u017a!","og_url":"https:\/\/pszczoly.info\/miodarki\/","og_site_name":"pszczoly.info","article_modified_time":"2017-12-14T20:48:39+00:00","og_image":[{"url":"https:\/\/pszczoly.info\/wp-content\/uploads\/2017\/01\/miodarki-com-pl.png","type":"","width":"","height":""}],"twitter_card":"summary_large_image","twitter_misc":{"Est. reading time":"6 minutes"},"schema":{"@context":"https:\/\/schema.org","@graph":[{"@type":"WebPage","@id":"https:\/\/pszczoly.info\/miodarki\/","url":"https:\/\/pszczoly.info\/miodarki\/","name":"Miodarki - nowoczesne miodarki sklep internetowy >>> miodarka","isPartOf":{"@id":"https:\/\/pszczoly.info\/#website"},"primaryImageOfPage":{"@id":"https:\/\/pszczoly.info\/miodarki\/#primaryimage"},"image":{"@id":"https:\/\/pszczoly.info\/miodarki\/#primaryimage"},"thumbnailUrl":"https:\/\/pszczoly.info\/wp-content\/uploads\/2017\/01\/miodarki-com-pl.png","datePublished":"2015-09-28T19:21:46+00:00","dateModified":"2017-12-14T20:48:39+00:00","description":"Miodarki to urz\u0105dzenia do odwirowywania miodu. Zobacz gdzie kupi\u0107 nowoczesne miodarki: miodarka diagonalna, miodarka radialna, miodarka kasetowa >> Sprawd\u017a!","breadcrumb":{"@id":"https:\/\/pszczoly.info\/miodarki\/#breadcrumb"},"inLanguage":"en-US","potentialAction":[{"@type":"ReadAction","target":["https:\/\/pszczoly.info\/miodarki\/"]}]},{"@type":"ImageObject","inLanguage":"en-US","@id":"https:\/\/pszczoly.info\/miodarki\/#primaryimage","url":"https:\/\/pszczoly.info\/wp-content\/uploads\/2017\/01\/miodarki-com-pl.png","contentUrl":"https:\/\/pszczoly.info\/wp-content\/uploads\/2017\/01\/miodarki-com-pl.png"},{"@type":"BreadcrumbList","@id":"https:\/\/pszczoly.info\/miodarki\/#breadcrumb","itemListElement":[{"@type":"ListItem","position":1,"name":"Strona g\u0142\u00f3wna","item":"https:\/\/pszczoly.info\/"},{"@type":"ListItem","position":2,"name":"MIODARKI"}]},{"@type":"WebSite","@id":"https:\/\/pszczoly.info\/#website","url":"https:\/\/pszczoly.info\/","name":"Blog pszczelarski","description":"Pszczelarstwo - Produkty pszczelarskie - Sprz\u0119t pszczelarski Twoje centrum pszczelarskie","publisher":{"@id":"https:\/\/pszczoly.info\/#organization"},"alternateName":"Pszczelarstwo - informacje, artyku\u0142y","potentialAction":[{"@type":"SearchAction","target":{"@type":"EntryPoint","urlTemplate":"https:\/\/pszczoly.info\/?s={search_term_string}"},"query-input":{"@type":"PropertyValueSpecification","valueRequired":true,"valueName":"search_term_string"}}],"inLanguage":"en-US"},{"@type":"Organization","@id":"https:\/\/pszczoly.info\/#organization","name":"Centrum Pszczelarskie \u0141ukasiewicz","url":"https:\/\/pszczoly.info\/","logo":{"@type":"ImageObject","inLanguage":"en-US","@id":"https:\/\/pszczoly.info\/#\/schema\/logo\/image\/","url":"https:\/\/pszczoly.info\/wp-content\/uploads\/2016\/11\/cropped-pszczoly-logo-2-1.png","contentUrl":"https:\/\/pszczoly.info\/wp-content\/uploads\/2016\/11\/cropped-pszczoly-logo-2-1.png","width":282,"height":94,"caption":"Centrum Pszczelarskie \u0141ukasiewicz"},"image":{"@id":"https:\/\/pszczoly.info\/#\/schema\/logo\/image\/"}}]}},"_links":{"self":[{"href":"https:\/\/pszczoly.info\/en\/wp-json\/wp\/v2\/pages\/26","targetHints":{"allow":["GET"]}}],"collection":[{"href":"https:\/\/pszczoly.info\/en\/wp-json\/wp\/v2\/pages"}],"about":[{"href":"https:\/\/pszczoly.info\/en\/wp-json\/wp\/v2\/types\/page"}],"author":[{"embeddable":true,"href":"https:\/\/pszczoly.info\/en\/wp-json\/wp\/v2\/users\/1"}],"replies":[{"embeddable":true,"href":"https:\/\/pszczoly.info\/en\/wp-json\/wp\/v2\/comments?post=26"}],"version-history":[{"count":32,"href":"https:\/\/pszczoly.info\/en\/wp-json\/wp\/v2\/pages\/26\/revisions"}],"predecessor-version":[{"id":745,"href":"https:\/\/pszczoly.info\/en\/wp-json\/wp\/v2\/pages\/26\/revisions\/745"}],"wp:attachment":[{"href":"https:\/\/pszczoly.info\/en\/wp-json\/wp\/v2\/media?parent=26"}],"curies":[{"name":"wp","href":"https:\/\/api.w.org\/{rel}","templated":true}]}}